{"id":11040,"date":"2014-07-09T15:49:00","date_gmt":"2014-07-09T15:49:00","guid":{"rendered":"http:\/\/hanval.ee\/home\/"},"modified":"2026-04-09T14:12:49","modified_gmt":"2026-04-09T11:12:49","slug":"home","status":"publish","type":"page","link":"https:\/\/hanval.ee\/et\/","title":{"rendered":"Avaleht"},"content":{"rendered":"<div   class='avia-fullscreen-slider main_color   avia-builder-el-0  el_before_av_section  avia-builder-el-first  container_wrap fullsize'  >\n<style type=\"text\/css\" data-created_by=\"avia_inline_auto\" id=\"style-css-av-9iqyhds-10ffda98eac71dba9ea56d2285534336\">\n#top #wrap_all .avia-slideshow .av-slideshow-caption.av-9iqyhds-10ffda98eac71dba9ea56d2285534336__0 .avia-caption-title{\nfont-size:35px;\n}\n#top .avia-slideshow .av-slideshow-caption.av-9iqyhds-10ffda98eac71dba9ea56d2285534336__0 .avia-caption-content{\nfont-size:20px;\n}\n#top .avia-slideshow .av-slideshow-caption.av-9iqyhds-10ffda98eac71dba9ea56d2285534336__0 .avia-caption-content p{\nfont-size:20px;\n}\n<\/style>\n<a href='#next-section' title='' class='scroll-down-link av-control-minimal' aria-hidden='true' data-av_icon='\ue877' data-av_iconfont='entypo-fontello'><\/a><div  class='avia-slideshow av-9iqyhds-10ffda98eac71dba9ea56d2285534336 avia-slideshow-extra_large av_fullscreen avia-slide-slider av-slideshow-ui av-control-minimal av-slideshow-autoplay av-loop-endless av-loop-manual-endless av-slider-scroll-down-active av-default-height-applied   avia-slideshow-1' data-slideshow-options=\"{&quot;animation&quot;:&quot;slide&quot;,&quot;autoplay&quot;:true,&quot;loop_autoplay&quot;:&quot;endless&quot;,&quot;interval&quot;:5,&quot;loop_manual&quot;:&quot;manual-endless&quot;,&quot;autoplay_stopper&quot;:false,&quot;noNavigation&quot;:false,&quot;bg_slider&quot;:true,&quot;keep_padding&quot;:false,&quot;hoverpause&quot;:false,&quot;show_slide_delay&quot;:0,&quot;slide_height&quot;:&quot;100&quot;,&quot;image_attachment&quot;:&quot;&quot;}\"  itemprop=\"image\" itemscope=\"itemscope\" itemtype=\"https:\/\/schema.org\/ImageObject\" ><ul class='avia-slideshow-inner ' style='padding-bottom: 66.733333333333%;'><li style='background-position:bottom left;' data-img-url='https:\/\/hanval.ee\/wp-content\/uploads\/2024\/04\/Hanval-Metall-cutting-tool-at-metal-working-1500x1001.jpeg' class='avia-slideshow-slide av-9iqyhds-10ffda98eac71dba9ea56d2285534336__0  slide-1 slide-odd'><div data-rel='slideshow-1' class='avia-slide-wrap '   ><div class='av-section-color-overlay' style='opacity: 0.5; background-color: #0a0a0a; '><\/div><\/div><\/li><li style='background-position:top left;' data-img-url='https:\/\/hanval.ee\/wp-content\/uploads\/2024\/04\/Hanval-Metall-1-1500x1000.jpg' class='avia-slideshow-slide av-9iqyhds-10ffda98eac71dba9ea56d2285534336__1  slide-2 slide-even'><div data-rel='slideshow-1' class='avia-slide-wrap '   ><\/div><\/li><li style='background-position:center left;' data-img-url='https:\/\/hanval.ee\/wp-content\/uploads\/2024\/04\/Hanval-Metall-Rotating-head-with-tools-at-CNC-lathe-in-workshop-1500x1001.jpeg' class='avia-slideshow-slide av-9iqyhds-10ffda98eac71dba9ea56d2285534336__2  slide-3 slide-odd'><div data-rel='slideshow-1' class='avia-slide-wrap '   ><div class='av-section-color-overlay' style='opacity: 0.5; background-color: #0a0a0a; '><\/div><\/div><\/li><li style='background-position:top left;' data-img-url='https:\/\/hanval.ee\/wp-content\/uploads\/2024\/04\/Hanval_Metall-1500x1000.jpg' class='avia-slideshow-slide av-9iqyhds-10ffda98eac71dba9ea56d2285534336__3  slide-4 slide-even'><div data-rel='slideshow-1' class='avia-slide-wrap '   ><\/div><\/li><\/ul><div class='avia-slideshow-arrows avia-slideshow-controls' ><a href='#prev' class='prev-slide ' aria-hidden='true' data-av_icon='\ue87c' data-av_iconfont='entypo-fontello'  tabindex='-1'>Previous<\/a><a href='#next' class='next-slide ' aria-hidden='true' data-av_icon='\ue87d' data-av_iconfont='entypo-fontello'  tabindex='-1'>Next<\/a><\/div><div class='avia-slideshow-dots avia-slideshow-controls'><a href='#1' class='goto-slide active' >1<\/a><a href='#2' class='goto-slide ' >2<\/a><a href='#3' class='goto-slide ' >3<\/a><a href='#4' class='goto-slide ' >4<\/a><\/div><div class='av-slideshow-caption av-9iqyhds-10ffda98eac71dba9ea56d2285534336__0 caption_fullwidth caption_center caption_center_framed caption_framed'><div class=\"container caption_container\"><div class=\"slideshow_caption\"><div class=\"slideshow_inner_caption\"><div class=\"slideshow_align_caption\"><h2 class='avia-caption-title '  itemprop=\"name\" >30 AASTAT METALLIT\u00d6\u00d6TLEMISE KOGEMUST<\/h2><div class='avia-caption-content av_inherit_color'  itemprop=\"description\" ><p>CNC TREIMINE, CNC FREESIMINE, KEEVITUST\u00d6\u00d6D, KOOSTAMINE<\/p>\n<\/div><\/div><\/div><\/div><\/div><\/div><\/div><\/div>\n\n<style type=\"text\/css\" data-created_by=\"avia_inline_auto\" id=\"style-css-av-79snsdc-80af1e8df84d4368f50c202f4715d60e\">\n.avia-section.av-79snsdc-80af1e8df84d4368f50c202f4715d60e{\nbackground-color:#c9c9c9;\nbackground-image:unset;\n}\n.avia-section.av-79snsdc-80af1e8df84d4368f50c202f4715d60e .av-section-color-overlay{\nopacity:1;\nbackground-color:#ffffff;\n}\n<\/style>\n<div id='av_section_1'  class='avia-section av-79snsdc-80af1e8df84d4368f50c202f4715d60e main_color avia-section-default avia-no-shadow  avia-builder-el-1  el_after_av_fullscreen  el_before_av_one_half  avia-bg-style-fixed av-section-color-overlay-active container_wrap fullsize'  ><div class=\"av-section-color-overlay-wrap\"><div class=\"av-section-color-overlay\"><\/div><div class='container av-section-cont-open' ><div class='template-page content  av-content-full alpha units'><div class='post-entry post-entry-type-page post-entry-11040'><div class='entry-content-wrapper clearfix'>\n\n<style type=\"text\/css\" data-created_by=\"avia_inline_auto\" id=\"style-css-av-6mybvmo-21f96251902d1ea33954402667ec09e0\">\n.flex_column.av-6mybvmo-21f96251902d1ea33954402667ec09e0{\nborder-radius:0px 0px 0px 0px;\npadding:0px 0px 0px 0px;\n}\n<\/style>\n<div  class='flex_column av-6mybvmo-21f96251902d1ea33954402667ec09e0 av_one_third  avia-builder-el-2  el_before_av_one_third  avia-builder-el-first  first flex_column_div av-zero-column-padding  '     ><article  class='iconbox iconbox_top av-iv3940-f10258faf47d2a1f1f9567f536b2964e  avia-builder-el-3  avia-builder-el-no-sibling  main_color'  itemscope=\"itemscope\" itemtype=\"https:\/\/schema.org\/CreativeWork\" ><div class=\"iconbox_content\"><header class=\"entry-content-header\"><div class=\"iconbox_icon heading-color\" aria-hidden='true' data-av_icon='\ue812' data-av_iconfont='entypo-fontello'><\/div><h3 class='iconbox_content_title '  itemprop=\"headline\" ><a href='https:\/\/hanval.ee\/et\/production\/' title='CNC TREIMINE'  target=\"_blank\"  rel=\"noopener noreferrer\" >CNC TREIMINE<\/a><\/h3><\/header><div class='iconbox_content_container '  itemprop=\"text\" ><p>Max v\u00e4limine l\u00e4bim\u00f5\u00f5t = 400 mm<br \/>\nMax sisemine l\u00e4bim\u00f5\u00f5t\u00a0= 350 mm<br \/>\nMax pikkus = 1000 mm<br \/>\nMax latis\u00f6\u00f6tja l\u00e4bim\u00f5\u00f5t = 45 mm<\/p>\n<\/div><\/div><footer class=\"entry-footer\"><\/footer><\/article><\/div>\n<style type=\"text\/css\" data-created_by=\"avia_inline_auto\" id=\"style-css-av-5vtoew0-3379467fedfb6e4c3012e596e6f0c6f7\">\n.flex_column.av-5vtoew0-3379467fedfb6e4c3012e596e6f0c6f7{\nborder-radius:0px 0px 0px 0px;\npadding:0px 0px 0px 0px;\n}\n<\/style>\n<div  class='flex_column av-5vtoew0-3379467fedfb6e4c3012e596e6f0c6f7 av_one_third  avia-builder-el-4  el_after_av_one_third  el_before_av_one_third  flex_column_div av-zero-column-padding  '     ><article  class='iconbox iconbox_top av-46zrtls-982124024e1c70de9cdc542572eb0bd0  avia-builder-el-5  avia-builder-el-no-sibling  main_color'  itemscope=\"itemscope\" itemtype=\"https:\/\/schema.org\/CreativeWork\" ><div class=\"iconbox_content\"><header class=\"entry-content-header\"><div class=\"iconbox_icon heading-color\" aria-hidden='true' data-av_icon='\ue812' data-av_iconfont='entypo-fontello'><\/div><h3 class='iconbox_content_title '  itemprop=\"headline\" ><a href='https:\/\/hanval.ee\/et\/milling\/' title='CNC FREESIMINE (VERTIKAALNE)'  target=\"_blank\"  rel=\"noopener noreferrer\" >CNC FREESIMINE (VERTIKAALNE)<\/a><\/h3><\/header><div class='iconbox_content_container '  itemprop=\"text\" ><p>T\u00f6\u00f6laua m\u00f5\u00f5dud (X Y Z) = 720\/460\/510 mm<br \/>\nT\u00f6\u00f6tlemise ala (X Y Z) = 1000 x 1000 x 1000 mm<br \/>\nMax detaili\u00a0kaal = 500 kg<br \/>\n4 telge<\/p>\n<\/div><\/div><footer class=\"entry-footer\"><\/footer><\/article><\/div>\n<style type=\"text\/css\" data-created_by=\"avia_inline_auto\" id=\"style-css-av-4t7yen4-ee8cc0e9e173dc81dff5e368f74d983e\">\n.flex_column.av-4t7yen4-ee8cc0e9e173dc81dff5e368f74d983e{\nborder-radius:0px 0px 0px 0px;\npadding:0px 0px 0px 0px;\n}\n<\/style>\n<div  class='flex_column av-4t7yen4-ee8cc0e9e173dc81dff5e368f74d983e av_one_third  avia-builder-el-6  el_after_av_one_third  avia-builder-el-last  flex_column_div av-zero-column-padding  '     ><article  class='iconbox iconbox_top av-624vfc0-938f44a97099cbd03db72ee0ba387e29  avia-builder-el-7  avia-builder-el-no-sibling  main_color'  itemscope=\"itemscope\" itemtype=\"https:\/\/schema.org\/CreativeWork\" ><div class=\"iconbox_content\"><header class=\"entry-content-header\"><div class=\"iconbox_icon heading-color\" aria-hidden='true' data-av_icon='\ue812' data-av_iconfont='entypo-fontello'><\/div><h3 class='iconbox_content_title '  itemprop=\"headline\" ><a href='https:\/\/hanval.ee\/et\/turning\/' title='MANUAALPINKIDEL PUURIMINE'  target=\"_blank\"  rel=\"noopener noreferrer\" >MANUAALPINKIDEL PUURIMINE<\/a><\/h3><\/header><div class='iconbox_content_container '  itemprop=\"text\" ><p style=\"text-align: center;\"><span style=\"line-height: 1.5;\">Max l\u00e4bim\u00f5\u00f5t = 105 mm<br \/>\n<\/span><span style=\"line-height: 1.5;\">Max s\u00fcgavus = 400 mm<\/span><\/p>\n<\/div><\/div><footer class=\"entry-footer\"><\/footer><\/article><\/div><\/div><\/div><\/div><!-- close content main div --><\/div><\/div><\/div><div id='after_section_1'  class='main_color av_default_container_wrap container_wrap fullsize'  ><div class='container av-section-cont-open' ><div class='template-page content  av-content-full alpha units'><div class='post-entry post-entry-type-page post-entry-11040'><div class='entry-content-wrapper clearfix'>\n<style type=\"text\/css\" data-created_by=\"avia_inline_auto\" id=\"style-css-av-150ao4g-ff012f9203e2e7c8c4f81530a515fff3\">\n.flex_column.av-150ao4g-ff012f9203e2e7c8c4f81530a515fff3{\nborder-radius:0px 0px 0px 0px;\npadding:0px 0px 0px 0px;\n}\n<\/style>\n<div  class='flex_column av-150ao4g-ff012f9203e2e7c8c4f81530a515fff3 av_one_half  avia-builder-el-8  el_after_av_section  el_before_av_one_half  avia-builder-el-first  first flex_column_div av-zero-column-padding  '     ><section  class='av_textblock_section av-l45t86st-2be3560f6054c357008bc50503d704cf '   itemscope=\"itemscope\" itemtype=\"https:\/\/schema.org\/CreativeWork\" ><div class='avia_textblock'  itemprop=\"text\" ><p>Hanval Metall O\u00dc sai toetust Digitaliseerimise Teekaardi toetusmeetmest. Projekti raames koostati digitaliseerimise teekaart. Toetuse suuruseks oli 9200 eurot. Projekti toetas Euroopa Regionaalarengu Fond.<\/p>\n<p><img loading=\"lazy\" decoding=\"async\" class=\"alignnone size-medium wp-image-11652\" src=\"http:\/\/hanval.ee\/wp-content\/uploads\/2022\/06\/EAS_SF_RGB_EST-300x88.jpg\" alt=\"\" width=\"300\" height=\"88\" srcset=\"https:\/\/hanval.ee\/wp-content\/uploads\/2022\/06\/EAS_SF_RGB_EST-300x88.jpg 300w, https:\/\/hanval.ee\/wp-content\/uploads\/2022\/06\/EAS_SF_RGB_EST.jpg 675w\" sizes=\"auto, (max-width: 300px) 100vw, 300px\" \/><\/p>\n<\/div><\/section><\/div><\/p>\n\n<style type=\"text\/css\" data-created_by=\"avia_inline_auto\" id=\"style-css-av-jnwmsg-fdad3605a5a326ee49a64747c2d0f97c\">\n.flex_column.av-jnwmsg-fdad3605a5a326ee49a64747c2d0f97c{\nborder-radius:0px 0px 0px 0px;\npadding:0px 0px 0px 0px;\n}\n<\/style>\n<div  class='flex_column av-jnwmsg-fdad3605a5a326ee49a64747c2d0f97c av_one_half  avia-builder-el-10  el_after_av_one_half  avia-builder-el-last  flex_column_div av-zero-column-padding  '     ><style type=\"text\/css\" data-created_by=\"avia_inline_auto\" id=\"style-css-av-l45ta6ig-c45ef5ae30135258e97f93740accb1a7\">\n.avia-image-container.av-l45ta6ig-c45ef5ae30135258e97f93740accb1a7 img.avia_image{\nbox-shadow:none;\n}\n.avia-image-container.av-l45ta6ig-c45ef5ae30135258e97f93740accb1a7 .av-image-caption-overlay-center{\ncolor:#ffffff;\n}\n<\/style>\n<div  class='avia-image-container av-l45ta6ig-c45ef5ae30135258e97f93740accb1a7 av-styling- avia-align-center  avia-builder-el-11  avia-builder-el-no-sibling '   itemprop=\"image\" itemscope=\"itemscope\" itemtype=\"https:\/\/schema.org\/ImageObject\" ><div class=\"avia-image-container-inner\"><div class=\"avia-image-overlay-wrap\"><img decoding=\"async\" fetchpriority=\"high\" class='wp-image-12057 avia-img-lazy-loading-not-12057 avia_image ' src=\"https:\/\/hanval.ee\/wp-content\/uploads\/2024\/04\/Hanval-Metall-27-300x200.jpg\" alt='' title='Hanval Metall (27)'  height=\"200\" width=\"300\"  itemprop=\"thumbnailUrl\" srcset=\"https:\/\/hanval.ee\/wp-content\/uploads\/2024\/04\/Hanval-Metall-27-300x200.jpg 300w, https:\/\/hanval.ee\/wp-content\/uploads\/2024\/04\/Hanval-Metall-27-1030x687.jpg 1030w, https:\/\/hanval.ee\/wp-content\/uploads\/2024\/04\/Hanval-Metall-27-768x512.jpg 768w, https:\/\/hanval.ee\/wp-content\/uploads\/2024\/04\/Hanval-Metall-27-1536x1024.jpg 1536w, https:\/\/hanval.ee\/wp-content\/uploads\/2024\/04\/Hanval-Metall-27-1500x1000.jpg 1500w, https:\/\/hanval.ee\/wp-content\/uploads\/2024\/04\/Hanval-Metall-27-705x470.jpg 705w, https:\/\/hanval.ee\/wp-content\/uploads\/2024\/04\/Hanval-Metall-27.jpg 1800w\" sizes=\"(max-width: 300px) 100vw, 300px\" \/><\/div><\/div><\/div><\/div>\n","protected":false},"excerpt":{"rendered":"","protected":false},"author":1,"featured_media":0,"parent":0,"menu_order":1,"comment_status":"open","ping_status":"closed","template":"","meta":{"_monsterinsights_skip_tracking":false,"_monsterinsights_sitenote_active":false,"_monsterinsights_sitenote_note":"","_monsterinsights_sitenote_category":0,"footnotes":"","_wp_rev_ctl_limit":"3"},"class_list":["post-11040","page","type-page","status-publish","hentry"],"yoast_head":"<!-- This site is optimized with the Yoast SEO plugin v26.9 - https:\/\/yoast.com\/product\/yoast-seo-wordpress\/ -->\n<title>Avaleht - Hanval Metall O\u00dc<\/title>\n<meta name=\"description\" content=\"Hanval Metalli p\u00f5hitegevusalaks on metallide mehaaniline t\u00f6\u00f6tlemine CNC pinkidel. Allhankeid pakkuva firmana on meie \u201ctooteks\u201d detailid, mis valmistatakse vastavalt klientide joonistele.\" \/>\n<meta name=\"robots\" content=\"index, follow, max-snippet:-1, max-image-preview:large, max-video-preview:-1\" \/>\n<link rel=\"canonical\" href=\"https:\/\/hanval.ee\/et\/\" \/>\n<meta property=\"og:locale\" content=\"et_EE\" \/>\n<meta property=\"og:type\" content=\"article\" \/>\n<meta property=\"og:title\" content=\"Avaleht - Hanval Metall O\u00dc\" \/>\n<meta property=\"og:description\" content=\"Hanval Metalli p\u00f5hitegevusalaks on metallide mehaaniline t\u00f6\u00f6tlemine CNC pinkidel. Allhankeid pakkuva firmana on meie \u201ctooteks\u201d detailid, mis valmistatakse vastavalt klientide joonistele.\" \/>\n<meta property=\"og:url\" content=\"https:\/\/hanval.ee\/et\/\" \/>\n<meta property=\"og:site_name\" content=\"Hanval Metall O\u00dc\" \/>\n<meta property=\"article:publisher\" content=\"https:\/\/www.facebook.com\/HanvalMetall\" \/>\n<meta property=\"article:modified_time\" content=\"2026-04-09T11:12:49+00:00\" \/>\n<meta property=\"og:image\" content=\"https:\/\/hanval.ee\/wp-content\/uploads\/2024\/04\/Hanval-Metall-18.jpg\" \/>\n\t<meta property=\"og:image:width\" content=\"1800\" \/>\n\t<meta property=\"og:image:height\" content=\"1200\" \/>\n\t<meta property=\"og:image:type\" content=\"image\/jpeg\" \/>\n<meta name=\"twitter:card\" content=\"summary_large_image\" \/>\n<meta name=\"twitter:label1\" content=\"Est. reading time\" \/>\n\t<meta name=\"twitter:data1\" content=\"1 minut\" \/>\n<script type=\"application\/ld+json\" class=\"yoast-schema-graph\">{\"@context\":\"https:\/\/schema.org\",\"@graph\":[{\"@type\":\"WebPage\",\"@id\":\"https:\/\/hanval.ee\/et\/\",\"url\":\"https:\/\/hanval.ee\/et\/\",\"name\":\"Avaleht - Hanval Metall O\u00dc\",\"isPartOf\":{\"@id\":\"https:\/\/hanval.ee\/et\/#website\"},\"primaryImageOfPage\":{\"@id\":\"https:\/\/hanval.ee\/et\/#primaryimage\"},\"image\":{\"@id\":\"https:\/\/hanval.ee\/et\/#primaryimage\"},\"thumbnailUrl\":\"http:\/\/hanval.ee\/wp-content\/uploads\/2022\/06\/EAS_SF_RGB_EST-300x88.jpg\",\"datePublished\":\"2014-07-09T15:49:00+00:00\",\"dateModified\":\"2026-04-09T11:12:49+00:00\",\"description\":\"Hanval Metalli p\u00f5hitegevusalaks on metallide mehaaniline t\u00f6\u00f6tlemine CNC pinkidel. Allhankeid pakkuva firmana on meie \u201ctooteks\u201d detailid, mis valmistatakse vastavalt klientide joonistele.\",\"breadcrumb\":{\"@id\":\"https:\/\/hanval.ee\/et\/#breadcrumb\"},\"inLanguage\":\"et\",\"potentialAction\":[{\"@type\":\"ReadAction\",\"target\":[\"https:\/\/hanval.ee\/et\/\"]}]},{\"@type\":\"ImageObject\",\"inLanguage\":\"et\",\"@id\":\"https:\/\/hanval.ee\/et\/#primaryimage\",\"url\":\"http:\/\/hanval.ee\/wp-content\/uploads\/2022\/06\/EAS_SF_RGB_EST-300x88.jpg\",\"contentUrl\":\"http:\/\/hanval.ee\/wp-content\/uploads\/2022\/06\/EAS_SF_RGB_EST-300x88.jpg\"},{\"@type\":\"BreadcrumbList\",\"@id\":\"https:\/\/hanval.ee\/et\/#breadcrumb\",\"itemListElement\":[{\"@type\":\"ListItem\",\"position\":1,\"name\":\"Home\",\"item\":\"https:\/\/hanval.ee\/et\/home\/\"},{\"@type\":\"ListItem\",\"position\":2,\"name\":\"Avaleht\"}]},{\"@type\":\"WebSite\",\"@id\":\"https:\/\/hanval.ee\/et\/#website\",\"url\":\"https:\/\/hanval.ee\/et\/\",\"name\":\"Hanval Metall O\u00dc\",\"description\":\"Metal Works\",\"publisher\":{\"@id\":\"https:\/\/hanval.ee\/et\/#organization\"},\"potentialAction\":[{\"@type\":\"SearchAction\",\"target\":{\"@type\":\"EntryPoint\",\"urlTemplate\":\"https:\/\/hanval.ee\/et\/?s={search_term_string}\"},\"query-input\":{\"@type\":\"PropertyValueSpecification\",\"valueRequired\":true,\"valueName\":\"search_term_string\"}}],\"inLanguage\":\"et\"},{\"@type\":\"Organization\",\"@id\":\"https:\/\/hanval.ee\/et\/#organization\",\"name\":\"Hanval Metall O\u00dc\",\"url\":\"https:\/\/hanval.ee\/et\/\",\"logo\":{\"@type\":\"ImageObject\",\"inLanguage\":\"et\",\"@id\":\"https:\/\/hanval.ee\/et\/#\/schema\/logo\/image\/\",\"url\":\"https:\/\/hanval.ee\/wp-content\/uploads\/2015\/11\/logo.png\",\"contentUrl\":\"https:\/\/hanval.ee\/wp-content\/uploads\/2015\/11\/logo.png\",\"width\":409,\"height\":156,\"caption\":\"Hanval Metall O\u00dc\"},\"image\":{\"@id\":\"https:\/\/hanval.ee\/et\/#\/schema\/logo\/image\/\"},\"sameAs\":[\"https:\/\/www.facebook.com\/HanvalMetall\",\"https:\/\/www.linkedin.com\/company\/hanval-metall-o\/\"]}]}<\/script>\n<!-- \/ Yoast SEO plugin. -->","yoast_head_json":{"title":"Avaleht - Hanval Metall O\u00dc","description":"Hanval Metalli p\u00f5hitegevusalaks on metallide mehaaniline t\u00f6\u00f6tlemine CNC pinkidel. Allhankeid pakkuva firmana on meie \u201ctooteks\u201d detailid, mis valmistatakse vastavalt klientide joonistele.","robots":{"index":"index","follow":"follow","max-snippet":"max-snippet:-1","max-image-preview":"max-image-preview:large","max-video-preview":"max-video-preview:-1"},"canonical":"https:\/\/hanval.ee\/et\/","og_locale":"et_EE","og_type":"article","og_title":"Avaleht - Hanval Metall O\u00dc","og_description":"Hanval Metalli p\u00f5hitegevusalaks on metallide mehaaniline t\u00f6\u00f6tlemine CNC pinkidel. Allhankeid pakkuva firmana on meie \u201ctooteks\u201d detailid, mis valmistatakse vastavalt klientide joonistele.","og_url":"https:\/\/hanval.ee\/et\/","og_site_name":"Hanval Metall O\u00dc","article_publisher":"https:\/\/www.facebook.com\/HanvalMetall","article_modified_time":"2026-04-09T11:12:49+00:00","og_image":[{"width":1800,"height":1200,"url":"https:\/\/hanval.ee\/wp-content\/uploads\/2024\/04\/Hanval-Metall-18.jpg","type":"image\/jpeg"}],"twitter_card":"summary_large_image","twitter_misc":{"Est. reading time":"1 minut"},"schema":{"@context":"https:\/\/schema.org","@graph":[{"@type":"WebPage","@id":"https:\/\/hanval.ee\/et\/","url":"https:\/\/hanval.ee\/et\/","name":"Avaleht - Hanval Metall O\u00dc","isPartOf":{"@id":"https:\/\/hanval.ee\/et\/#website"},"primaryImageOfPage":{"@id":"https:\/\/hanval.ee\/et\/#primaryimage"},"image":{"@id":"https:\/\/hanval.ee\/et\/#primaryimage"},"thumbnailUrl":"http:\/\/hanval.ee\/wp-content\/uploads\/2022\/06\/EAS_SF_RGB_EST-300x88.jpg","datePublished":"2014-07-09T15:49:00+00:00","dateModified":"2026-04-09T11:12:49+00:00","description":"Hanval Metalli p\u00f5hitegevusalaks on metallide mehaaniline t\u00f6\u00f6tlemine CNC pinkidel. Allhankeid pakkuva firmana on meie \u201ctooteks\u201d detailid, mis valmistatakse vastavalt klientide joonistele.","breadcrumb":{"@id":"https:\/\/hanval.ee\/et\/#breadcrumb"},"inLanguage":"et","potentialAction":[{"@type":"ReadAction","target":["https:\/\/hanval.ee\/et\/"]}]},{"@type":"ImageObject","inLanguage":"et","@id":"https:\/\/hanval.ee\/et\/#primaryimage","url":"http:\/\/hanval.ee\/wp-content\/uploads\/2022\/06\/EAS_SF_RGB_EST-300x88.jpg","contentUrl":"http:\/\/hanval.ee\/wp-content\/uploads\/2022\/06\/EAS_SF_RGB_EST-300x88.jpg"},{"@type":"BreadcrumbList","@id":"https:\/\/hanval.ee\/et\/#breadcrumb","itemListElement":[{"@type":"ListItem","position":1,"name":"Home","item":"https:\/\/hanval.ee\/et\/home\/"},{"@type":"ListItem","position":2,"name":"Avaleht"}]},{"@type":"WebSite","@id":"https:\/\/hanval.ee\/et\/#website","url":"https:\/\/hanval.ee\/et\/","name":"Hanval Metall O\u00dc","description":"Metal Works","publisher":{"@id":"https:\/\/hanval.ee\/et\/#organization"},"potentialAction":[{"@type":"SearchAction","target":{"@type":"EntryPoint","urlTemplate":"https:\/\/hanval.ee\/et\/?s={search_term_string}"},"query-input":{"@type":"PropertyValueSpecification","valueRequired":true,"valueName":"search_term_string"}}],"inLanguage":"et"},{"@type":"Organization","@id":"https:\/\/hanval.ee\/et\/#organization","name":"Hanval Metall O\u00dc","url":"https:\/\/hanval.ee\/et\/","logo":{"@type":"ImageObject","inLanguage":"et","@id":"https:\/\/hanval.ee\/et\/#\/schema\/logo\/image\/","url":"https:\/\/hanval.ee\/wp-content\/uploads\/2015\/11\/logo.png","contentUrl":"https:\/\/hanval.ee\/wp-content\/uploads\/2015\/11\/logo.png","width":409,"height":156,"caption":"Hanval Metall O\u00dc"},"image":{"@id":"https:\/\/hanval.ee\/et\/#\/schema\/logo\/image\/"},"sameAs":["https:\/\/www.facebook.com\/HanvalMetall","https:\/\/www.linkedin.com\/company\/hanval-metall-o\/"]}]}},"_links":{"self":[{"href":"https:\/\/hanval.ee\/et\/wp-json\/wp\/v2\/pages\/11040","targetHints":{"allow":["GET"]}}],"collection":[{"href":"https:\/\/hanval.ee\/et\/wp-json\/wp\/v2\/pages"}],"about":[{"href":"https:\/\/hanval.ee\/et\/wp-json\/wp\/v2\/types\/page"}],"author":[{"embeddable":true,"href":"https:\/\/hanval.ee\/et\/wp-json\/wp\/v2\/users\/1"}],"replies":[{"embeddable":true,"href":"https:\/\/hanval.ee\/et\/wp-json\/wp\/v2\/comments?post=11040"}],"version-history":[{"count":4,"href":"https:\/\/hanval.ee\/et\/wp-json\/wp\/v2\/pages\/11040\/revisions"}],"predecessor-version":[{"id":12543,"href":"https:\/\/hanval.ee\/et\/wp-json\/wp\/v2\/pages\/11040\/revisions\/12543"}],"wp:attachment":[{"href":"https:\/\/hanval.ee\/et\/wp-json\/wp\/v2\/media?parent=11040"}],"curies":[{"name":"wp","href":"https:\/\/api.w.org\/{rel}","templated":true}]}}