{"id":11050,"date":"2015-11-14T23:00:28","date_gmt":"2015-11-14T23:00:28","guid":{"rendered":"http:\/\/hanval.ee\/turning\/"},"modified":"2024-04-19T12:06:17","modified_gmt":"2024-04-19T09:06:17","slug":"turning","status":"publish","type":"page","link":"https:\/\/hanval.ee\/et\/turning\/","title":{"rendered":"Treimine"},"content":{"rendered":"\n<style type=\"text\/css\" data-created_by=\"avia_inline_auto\" id=\"style-css-av-5x0jmga-5a53ba244ea431ea27517b0cfc8a0259\">\n.avia-section.av-5x0jmga-5a53ba244ea431ea27517b0cfc8a0259{\nbackground-repeat:no-repeat;\nbackground-image:url(https:\/\/hanval.ee\/wp-content\/uploads\/2024\/04\/Hanval-Metall-23.jpg);\nbackground-position:100% 100%;\nbackground-attachment:fixed;\n}\n.avia-section.av-5x0jmga-5a53ba244ea431ea27517b0cfc8a0259 .av-section-color-overlay{\nopacity:0.5;\nbackground-color:#0a0a0a;\n}\n<\/style>\n<div id='av_section_1'  class='avia-section av-5x0jmga-5a53ba244ea431ea27517b0cfc8a0259 main_color avia-section-large avia-no-shadow  avia-builder-el-0  el_before_av_section  avia-builder-el-first  avia-full-stretch avia-bg-style-fixed av-section-color-overlay-active container_wrap fullsize'  data-section-bg-repeat='stretch'><div class=\"av-section-color-overlay-wrap\"><div class=\"av-section-color-overlay\"><\/div><div class='container av-section-cont-open' ><main  role=\"main\" itemprop=\"mainContentOfPage\"  class='template-page content  av-content-full alpha units'><div class='post-entry post-entry-type-page post-entry-11050'><div class='entry-content-wrapper clearfix'>\n\n<style type=\"text\/css\" data-created_by=\"avia_inline_auto\" id=\"style-css-av-5e7q1yi-ee061f0ead21ef4e59cff308809202ee\">\n#top .av-special-heading.av-5e7q1yi-ee061f0ead21ef4e59cff308809202ee{\npadding-bottom:0;\ncolor:#ffffff;\nfont-size:50px;\n}\nbody .av-special-heading.av-5e7q1yi-ee061f0ead21ef4e59cff308809202ee .av-special-heading-tag .heading-char{\nfont-size:25px;\n}\n#top #wrap_all .av-special-heading.av-5e7q1yi-ee061f0ead21ef4e59cff308809202ee .av-special-heading-tag{\nfont-size:50px;\n}\n.av-special-heading.av-5e7q1yi-ee061f0ead21ef4e59cff308809202ee .special-heading-inner-border{\nborder-color:#ffffff;\n}\n.av-special-heading.av-5e7q1yi-ee061f0ead21ef4e59cff308809202ee .av-subheading{\nfont-size:15px;\n}\n\n@media only screen and (min-width: 480px) and (max-width: 767px){ \n#top #wrap_all .av-special-heading.av-5e7q1yi-ee061f0ead21ef4e59cff308809202ee .av-special-heading-tag{\nfont-size:0.8em;\n}\n}\n\n@media only screen and (max-width: 479px){ \n#top #wrap_all .av-special-heading.av-5e7q1yi-ee061f0ead21ef4e59cff308809202ee .av-special-heading-tag{\nfont-size:0.8em;\n}\n}\n<\/style>\n<div  class='av-special-heading av-5e7q1yi-ee061f0ead21ef4e59cff308809202ee av-special-heading-h3 custom-color-heading blockquote modern-quote modern-centered  avia-builder-el-1  el_before_av_hr  avia-builder-el-first  av-inherit-size'><h3 class='av-special-heading-tag'  itemprop=\"headline\"  >TREIMINE<\/h3><div class='av_custom_color av-subheading av-subheading_below'><p>Meie p\u00f5hitegevusalaks on metallide mehhaaniline t\u00f6\u00f6tlemine CNC pinkidel.<br \/>\nMeie eesm\u00e4rk on pakkuda parimat kvaliteeti tootmisturul.<\/p>\n<\/div><div class=\"special-heading-border\"><div class=\"special-heading-inner-border\"><\/div><\/div><\/div>\n\n<style type=\"text\/css\" data-created_by=\"avia_inline_auto\" id=\"style-css-av-4u1widm-43026844308ea542995c8f476f7e4b61\">\n#top .hr.av-4u1widm-43026844308ea542995c8f476f7e4b61{\nmargin-top:30px;\nmargin-bottom:30px;\n}\n.hr.av-4u1widm-43026844308ea542995c8f476f7e4b61 .hr-inner{\nwidth:20%;\nborder-color:rgba(255,255,255,0.76);\nmax-width:45%;\n}\n.hr.av-4u1widm-43026844308ea542995c8f476f7e4b61 .av-seperator-icon{\ncolor:#ffffff;\n}\n<\/style>\n<div  class='hr av-4u1widm-43026844308ea542995c8f476f7e4b61 hr-custom  avia-builder-el-2  el_after_av_heading  avia-builder-el-last  hr-center hr-icon-yes'><span class='hr-inner inner-border-av-border-thin'><span class=\"hr-inner-style\"><\/span><\/span><span class='av-seperator-icon' aria-hidden='true' data-av_icon='\ue8bf' data-av_iconfont='entypo-fontello'><\/span><span class='hr-inner inner-border-av-border-thin'><span class=\"hr-inner-style\"><\/span><\/span><\/div>\n<\/div><\/div><\/main><!-- close content main element --><\/div><\/div><\/div>\n<style type=\"text\/css\" data-created_by=\"avia_inline_auto\" id=\"style-css-av-1l5ulm-abd3a4c6f8e8aa59807591aafcdc1c86\">\n.avia-section.av-1l5ulm-abd3a4c6f8e8aa59807591aafcdc1c86{\nbackground-color:#ffffff;\nbackground-image:unset;\n}\n<\/style>\n<div id='av_section_2'  class='avia-section av-1l5ulm-abd3a4c6f8e8aa59807591aafcdc1c86 main_color avia-section-small avia-no-border-styling  avia-builder-el-3  el_after_av_section  el_before_av_section  avia-bg-style-fixed container_wrap fullsize'  ><div class='container av-section-cont-open' ><div class='template-page content  av-content-full alpha units'><div class='post-entry post-entry-type-page post-entry-11050'><div class='entry-content-wrapper clearfix'>\n<div class='flex_column_table av-3szwocq-c247c1ae6d31b9d48b64bff7d7473499 sc-av_two_third av-equal-height-column-flextable'>\n<style type=\"text\/css\" data-created_by=\"avia_inline_auto\" id=\"style-css-av-3szwocq-c247c1ae6d31b9d48b64bff7d7473499\">\n#top .flex_column_table.av-equal-height-column-flextable.av-3szwocq-c247c1ae6d31b9d48b64bff7d7473499{\nmargin-bottom:0px;\n}\n.flex_column.av-3szwocq-c247c1ae6d31b9d48b64bff7d7473499{\nborder-radius:0px 0px 0px 0px;\npadding:30px 30px 30px 30px;\nbackground-color:#ffffff;\n}\n<\/style>\n<div  class='flex_column av-3szwocq-c247c1ae6d31b9d48b64bff7d7473499 av_two_third  avia-builder-el-4  el_before_av_one_third  avia-builder-el-first  first no_margin flex_column_table_cell av-equal-height-column av-align-top  '     ><p>\n<style type=\"text\/css\" data-created_by=\"avia_inline_auto\" id=\"style-css-av-3devx0q-3356793ce961848b3af49851cf113611\">\n#top .av-special-heading.av-3devx0q-3356793ce961848b3af49851cf113611{\npadding-bottom:10px;\n}\nbody .av-special-heading.av-3devx0q-3356793ce961848b3af49851cf113611 .av-special-heading-tag .heading-char{\nfont-size:25px;\n}\n.av-special-heading.av-3devx0q-3356793ce961848b3af49851cf113611 .av-subheading{\nfont-size:15px;\n}\n<\/style>\n<div  class='av-special-heading av-3devx0q-3356793ce961848b3af49851cf113611 av-special-heading-h2 blockquote modern-quote  avia-builder-el-5  el_before_av_textblock  avia-builder-el-first '><h2 class='av-special-heading-tag'  itemprop=\"headline\"  >MEIE TOOTMISV\u00d5IMSUS<\/h2><div class=\"special-heading-border\"><div class=\"special-heading-inner-border\"><\/div><\/div><\/div><br \/>\n<section  class='av_textblock_section av-34ann7u-22088759c04b4ed339eb182090944fe1 '   itemscope=\"itemscope\" itemtype=\"https:\/\/schema.org\/CreativeWork\" ><div class='avia_textblock'  itemprop=\"text\" ><p><strong>T\u00f6\u00f6tleme s\u00fcsinikterast, roostevaba terast, alumiiniumi, messingit, pronksi, erinevaid plaste.<\/strong><br \/>\n<strong>K\u00f5ik materjalid on sertifitseeritud.<\/strong><\/p>\n<p><strong>Treimine<\/strong><br \/>\nMax l\u00e4bim\u00f5\u00f5t = 800 mm<br \/>\nMax pikkus = 2000 mm<\/p>\n<p><strong>S\u00fcgavpuurimine<\/strong><br \/>\nMax l\u00e4bim\u00f5\u00f5t = 105 mm<br \/>\nMax s\u00fcgavus\u00a0= 400 mm<\/p>\n<p><strong>V\u00e4ikese l\u00e4bim\u00f5\u00f5duga detailid (l\u00e4bim\u00f5\u00f5t 10 &#8211; 50 mm)<\/strong><br \/>\n&#8211;\u00a0automaattreimine CNC\u00a0treipinkidel<br \/>\n&#8211; 2 latis\u00f6\u00f6tjat\u00a01,5 m<br \/>\n&#8211; latis\u00f6\u00f6tja\u00a03 m<\/p>\n<p><strong>Keskmise l\u00e4bim\u00f5\u00f5duga detailid (l\u00e4bim\u00f5\u00f5t 50 &#8211; 300 mm)<\/strong><br \/>\n&#8211;\u00a0kasutame nii CNC\u00a0kui ka manuaaltreipinke<br \/>\n&#8211;\u00a0CNC trepinkidel aktiivsed t\u00f6\u00f6riistad<br \/>\n&#8211; t\u00f6\u00f6tlemisprotsessid kombineeritud CNC freesimisega<\/p>\n<p><strong>Suurem\u00f5\u00f5tmelised detailid<\/strong><br \/>\n&#8211; maksimaalne\u00a0treimise l\u00e4bim\u00f5\u00f5t 600 mm<\/p>\n<p><b>S\u00fcgavpuurimine<\/b><br \/>\n&#8211; maksimaalne\u00a0puuritava ava l\u00e4bim\u00f5\u00f5t\u00a0108 mm<br \/>\n&#8211; maksimaalne puuritava ava s\u00fcgavus 400 mm<\/p>\n<p><strong>CNC treimine<\/strong><br \/>\nMax v\u00e4limine l\u00e4bim\u00f5\u00f5t\u00a0= 600 mm<br \/>\nMax sisemine l\u00e4bim\u00f5\u00f5t\u00a0= 350 mm<br \/>\nMax pikkus = 700 mm<br \/>\nMax latis\u00f6\u00f6tja l\u00e4bim\u00f5\u00f5t = 70 mm<\/p>\n<p><strong>Puurimine<\/strong><br \/>\nMax l\u00e4bim\u00f5\u00f5t = 35 mm<br \/>\nMax s\u00fcgavus\u00a0= 400 mm<\/p>\n<\/div><\/section><br \/>\n\n<style type=\"text\/css\" data-created_by=\"avia_inline_auto\" id=\"style-css-av-2h79y2y-c3e12df77c19cf0f3ceb0d4b9181680b\">\n.avia-image-container.av-2h79y2y-c3e12df77c19cf0f3ceb0d4b9181680b img.avia_image{\nbox-shadow:none;\n}\n.avia-image-container.av-2h79y2y-c3e12df77c19cf0f3ceb0d4b9181680b .av-image-caption-overlay-center{\ncolor:#ffffff;\n}\n<\/style>\n<div  class='avia-image-container av-2h79y2y-c3e12df77c19cf0f3ceb0d4b9181680b av-styling- avia-align-center  avia-builder-el-7  el_after_av_textblock  avia-builder-el-last '   itemprop=\"image\" itemscope=\"itemscope\" itemtype=\"https:\/\/schema.org\/ImageObject\" ><div class=\"avia-image-container-inner\"><div class=\"avia-image-overlay-wrap\"><img decoding=\"async\" fetchpriority=\"high\" class='wp-image-11997 avia-img-lazy-loading-not-11997 avia_image ' src=\"https:\/\/hanval.ee\/wp-content\/uploads\/2024\/04\/Hanval-Metall-19-1030x687.jpg\" alt='' title='Hanval Metall (19)'  height=\"687\" width=\"1030\"  itemprop=\"thumbnailUrl\" srcset=\"https:\/\/hanval.ee\/wp-content\/uploads\/2024\/04\/Hanval-Metall-19-1030x687.jpg 1030w, https:\/\/hanval.ee\/wp-content\/uploads\/2024\/04\/Hanval-Metall-19-300x200.jpg 300w, https:\/\/hanval.ee\/wp-content\/uploads\/2024\/04\/Hanval-Metall-19-768x512.jpg 768w, https:\/\/hanval.ee\/wp-content\/uploads\/2024\/04\/Hanval-Metall-19-1536x1024.jpg 1536w, https:\/\/hanval.ee\/wp-content\/uploads\/2024\/04\/Hanval-Metall-19-1500x1000.jpg 1500w, https:\/\/hanval.ee\/wp-content\/uploads\/2024\/04\/Hanval-Metall-19-705x470.jpg 705w, https:\/\/hanval.ee\/wp-content\/uploads\/2024\/04\/Hanval-Metall-19.jpg 1800w\" sizes=\"(max-width: 1030px) 100vw, 1030px\" \/><\/div><\/div><\/div><\/p><\/div>\n<style type=\"text\/css\" data-created_by=\"avia_inline_auto\" id=\"style-css-av-27jinmy-0bf2703a379341db58e6f7b8cb3ebe56\">\n#top .flex_column_table.av-equal-height-column-flextable.av-27jinmy-0bf2703a379341db58e6f7b8cb3ebe56{\nmargin-bottom:0px;\n}\n.flex_column.av-27jinmy-0bf2703a379341db58e6f7b8cb3ebe56{\nborder-radius:0px 0px 0px 0px;\npadding:30px 30px 30px 30px;\nbackground-color:#f0f0f0;\n}\n<\/style>\n<div  class='flex_column av-27jinmy-0bf2703a379341db58e6f7b8cb3ebe56 av_one_third  avia-builder-el-8  el_after_av_two_third  avia-builder-el-last  no_margin flex_column_table_cell av-equal-height-column av-align-top  '     ><p>\n<style type=\"text\/css\" data-created_by=\"avia_inline_auto\" id=\"style-css-av-1lxheay-7a10debc393bfb63a76d6085485eea18\">\n#top .av-special-heading.av-1lxheay-7a10debc393bfb63a76d6085485eea18{\npadding-bottom:10px;\n}\nbody .av-special-heading.av-1lxheay-7a10debc393bfb63a76d6085485eea18 .av-special-heading-tag .heading-char{\nfont-size:25px;\n}\n.av-special-heading.av-1lxheay-7a10debc393bfb63a76d6085485eea18 .av-subheading{\nfont-size:15px;\n}\n<\/style>\n<div  class='av-special-heading av-1lxheay-7a10debc393bfb63a76d6085485eea18 av-special-heading-h2 blockquote modern-quote  avia-builder-el-9  el_before_av_textblock  avia-builder-el-first '><h2 class='av-special-heading-tag'  itemprop=\"headline\"  >KONTAKT<\/h2><div class=\"special-heading-border\"><div class=\"special-heading-inner-border\"><\/div><\/div><\/div><br \/>\n<section  class='av_textblock_section av-lnioq4np-76ef3acfea1ba36e0e982763a7b9704e '   itemscope=\"itemscope\" itemtype=\"https:\/\/schema.org\/CreativeWork\" ><div class='avia_textblock'  itemprop=\"text\" ><blockquote>\n<p>M\u00fc\u00fcgiosakond<br \/>\nTelefon: +372 51 41 100<br \/>\nE-mail: <a href=\"mailto:inquiry@hanval.ee\">inquiry@hanval.ee<\/a><\/p>\n<\/blockquote>\n<hr \/>\n\n<div class=\"wpcf7 no-js\" id=\"wpcf7-f11098-o1\" lang=\"et\" dir=\"ltr\" data-wpcf7-id=\"11098\">\n<div class=\"screen-reader-response\"><p role=\"status\" aria-live=\"polite\" aria-atomic=\"true\"><\/p> <ul><\/ul><\/div>\n<form action=\"\/et\/wp-json\/wp\/v2\/pages\/11050#wpcf7-f11098-o1\" method=\"post\" class=\"wpcf7-form init\" aria-label=\"Contact form\" novalidate=\"novalidate\" data-status=\"init\">\n<fieldset class=\"hidden-fields-container\"><input type=\"hidden\" name=\"_wpcf7\" value=\"11098\" \/><input type=\"hidden\" name=\"_wpcf7_version\" value=\"6.1.4\" \/><input type=\"hidden\" name=\"_wpcf7_locale\" value=\"et\" \/><input type=\"hidden\" name=\"_wpcf7_unit_tag\" value=\"wpcf7-f11098-o1\" \/><input type=\"hidden\" name=\"_wpcf7_container_post\" value=\"0\" \/><input type=\"hidden\" name=\"_wpcf7_posted_data_hash\" value=\"\" \/><input type=\"hidden\" name=\"_wpcf7_recaptcha_response\" value=\"\" \/>\n<\/fieldset>\n<p><span class=\"wpcf7-form-control-wrap\" data-name=\"text-417\"><input size=\"40\" maxlength=\"400\" class=\"wpcf7-form-control wpcf7-text wpcf7-validates-as-required\" aria-required=\"true\" aria-invalid=\"false\" placeholder=\"Nimi (n\u00f5utud)\" value=\"\" type=\"text\" name=\"text-417\" \/><\/span>\n<\/p>\n<p><span class=\"wpcf7-form-control-wrap\" data-name=\"text-807\"><input size=\"40\" maxlength=\"400\" class=\"wpcf7-form-control wpcf7-text\" aria-invalid=\"false\" placeholder=\"Telefon\" value=\"\" type=\"text\" name=\"text-807\" \/><\/span>\n<\/p>\n<p><span class=\"wpcf7-form-control-wrap\" data-name=\"your-email\"><input size=\"40\" maxlength=\"400\" class=\"wpcf7-form-control wpcf7-email wpcf7-validates-as-required wpcf7-text wpcf7-validates-as-email\" aria-required=\"true\" aria-invalid=\"false\" placeholder=\"E-mail (n\u00f5utud)\" value=\"\" type=\"email\" name=\"your-email\" \/><\/span>\n<\/p>\n<p><span class=\"wpcf7-form-control-wrap\" data-name=\"your-message\"><textarea cols=\"40\" rows=\"10\" maxlength=\"2000\" class=\"wpcf7-form-control wpcf7-textarea\" aria-invalid=\"false\" placeholder=\"S\u00f5num\" name=\"your-message\"><\/textarea><\/span>\n<\/p>\n<p><input class=\"wpcf7-form-control wpcf7-submit has-spinner\" type=\"submit\" value=\"Saada\" \/>\n<\/p><div class=\"wpcf7-response-output\" aria-hidden=\"true\"><\/div>\n<\/form>\n<\/div>\n\n<\/div><\/section><\/p><\/div><\/div><!--close column table wrapper. Autoclose: 1 -->\n<\/p>\n<\/div><\/div><\/div><!-- close content main div --><\/div><\/div><div id='av_section_3'  class='avia-section av-1a76mx6-1a630c1931e8d048a0b761143a90bbc2 main_color avia-section-default avia-no-shadow  avia-builder-el-11  el_after_av_section  avia-builder-el-last  avia-bg-style-scroll container_wrap fullsize'  ><div class='container av-section-cont-open' ><div class='template-page content  av-content-full alpha units'><div class='post-entry post-entry-type-page post-entry-11050'><div class='entry-content-wrapper clearfix'>\n<div  class='avia-button-wrap avia-button-center  avia-builder-el-12  avia-builder-el-no-sibling '>\n<style type=\"text\/css\" data-created_by=\"avia_inline_auto\" id=\"style-css-av-ma19je-7c46915d8dbfe50448502f756285aae4\">\n#top #wrap_all .avia-button.av-ma19je-7c46915d8dbfe50448502f756285aae4{\ncolor:#ffffff;\ntransition:all 0.4s ease-in-out;\n}\n#top #wrap_all .avia-button.av-ma19je-7c46915d8dbfe50448502f756285aae4:hover{\ncolor:#ffffff;\ntransition:all 0.4s ease-in-out;\n}\n<\/style>\n<a href='https:\/\/hanval.ee\/et\/contact\/' class='avia-color-theme-color avia-button avia-button-fullwidth av-ma19je-7c46915d8dbfe50448502f756285aae4 avia-icon_select-no avia-color-theme-color'  ><span class='avia_iconbox_title' >Vajate lisainfot v\u00f5i soovite hinnapakkumist? V\u00f5tke meiega \u00fchendust!<\/span><span class='avia_button_background avia-button avia-button-fullwidth avia-color-theme-color'><\/span><\/a><\/div>\n\n","protected":false},"excerpt":{"rendered":"","protected":false},"author":1,"featured_media":0,"parent":0,"menu_order":4,"comment_status":"closed","ping_status":"closed","template":"","meta":{"_monsterinsights_skip_tracking":false,"_monsterinsights_sitenote_active":false,"_monsterinsights_sitenote_note":"","_monsterinsights_sitenote_category":0,"footnotes":"","_wp_rev_ctl_limit":"3"},"class_list":["post-11050","page","type-page","status-publish","hentry"],"yoast_head":"<!-- This site is optimized with the Yoast SEO plugin v26.9 - https:\/\/yoast.com\/product\/yoast-seo-wordpress\/ -->\n<title>Treimine - Hanval Metall O\u00dc<\/title>\n<meta name=\"description\" content=\"T\u00f6\u00f6tleme s\u00fcsinikterast, roostevaba terast, alumiiniumi, messingit, pronksi, erinevaid plaste. K\u00f5ik materjalid on sertifitseeritud.\" \/>\n<meta name=\"robots\" content=\"index, follow, max-snippet:-1, max-image-preview:large, max-video-preview:-1\" \/>\n<link rel=\"canonical\" href=\"https:\/\/hanval.ee\/et\/turning\/\" \/>\n<meta property=\"og:locale\" content=\"et_EE\" \/>\n<meta property=\"og:type\" content=\"article\" \/>\n<meta property=\"og:title\" content=\"Treimine - Hanval Metall O\u00dc\" \/>\n<meta property=\"og:description\" content=\"T\u00f6\u00f6tleme s\u00fcsinikterast, roostevaba terast, alumiiniumi, messingit, pronksi, erinevaid plaste. K\u00f5ik materjalid on sertifitseeritud.\" \/>\n<meta property=\"og:url\" content=\"https:\/\/hanval.ee\/et\/turning\/\" \/>\n<meta property=\"og:site_name\" content=\"Hanval Metall O\u00dc\" \/>\n<meta property=\"article:publisher\" content=\"https:\/\/www.facebook.com\/HanvalMetall\" \/>\n<meta property=\"article:modified_time\" content=\"2024-04-19T09:06:17+00:00\" \/>\n<meta name=\"twitter:card\" content=\"summary_large_image\" \/>\n<meta name=\"twitter:label1\" content=\"Est. reading time\" \/>\n\t<meta name=\"twitter:data1\" content=\"1 minut\" \/>\n<script type=\"application\/ld+json\" class=\"yoast-schema-graph\">{\"@context\":\"https:\/\/schema.org\",\"@graph\":[{\"@type\":\"WebPage\",\"@id\":\"https:\/\/hanval.ee\/et\/turning\/\",\"url\":\"https:\/\/hanval.ee\/et\/turning\/\",\"name\":\"Treimine - Hanval Metall O\u00dc\",\"isPartOf\":{\"@id\":\"https:\/\/hanval.ee\/et\/#website\"},\"datePublished\":\"2015-11-14T23:00:28+00:00\",\"dateModified\":\"2024-04-19T09:06:17+00:00\",\"description\":\"T\u00f6\u00f6tleme s\u00fcsinikterast, roostevaba terast, alumiiniumi, messingit, pronksi, erinevaid plaste. K\u00f5ik materjalid on sertifitseeritud.\",\"breadcrumb\":{\"@id\":\"https:\/\/hanval.ee\/et\/turning\/#breadcrumb\"},\"inLanguage\":\"et\",\"potentialAction\":[{\"@type\":\"ReadAction\",\"target\":[\"https:\/\/hanval.ee\/et\/turning\/\"]}]},{\"@type\":\"BreadcrumbList\",\"@id\":\"https:\/\/hanval.ee\/et\/turning\/#breadcrumb\",\"itemListElement\":[{\"@type\":\"ListItem\",\"position\":1,\"name\":\"Home\",\"item\":\"https:\/\/hanval.ee\/et\/home\/\"},{\"@type\":\"ListItem\",\"position\":2,\"name\":\"Treimine\"}]},{\"@type\":\"WebSite\",\"@id\":\"https:\/\/hanval.ee\/et\/#website\",\"url\":\"https:\/\/hanval.ee\/et\/\",\"name\":\"Hanval Metall O\u00dc\",\"description\":\"Metal Works\",\"publisher\":{\"@id\":\"https:\/\/hanval.ee\/et\/#organization\"},\"potentialAction\":[{\"@type\":\"SearchAction\",\"target\":{\"@type\":\"EntryPoint\",\"urlTemplate\":\"https:\/\/hanval.ee\/et\/?s={search_term_string}\"},\"query-input\":{\"@type\":\"PropertyValueSpecification\",\"valueRequired\":true,\"valueName\":\"search_term_string\"}}],\"inLanguage\":\"et\"},{\"@type\":\"Organization\",\"@id\":\"https:\/\/hanval.ee\/et\/#organization\",\"name\":\"Hanval Metall O\u00dc\",\"url\":\"https:\/\/hanval.ee\/et\/\",\"logo\":{\"@type\":\"ImageObject\",\"inLanguage\":\"et\",\"@id\":\"https:\/\/hanval.ee\/et\/#\/schema\/logo\/image\/\",\"url\":\"https:\/\/hanval.ee\/wp-content\/uploads\/2015\/11\/logo.png\",\"contentUrl\":\"https:\/\/hanval.ee\/wp-content\/uploads\/2015\/11\/logo.png\",\"width\":409,\"height\":156,\"caption\":\"Hanval Metall O\u00dc\"},\"image\":{\"@id\":\"https:\/\/hanval.ee\/et\/#\/schema\/logo\/image\/\"},\"sameAs\":[\"https:\/\/www.facebook.com\/HanvalMetall\",\"https:\/\/www.linkedin.com\/company\/hanval-metall-o\/\"]}]}<\/script>\n<!-- \/ Yoast SEO plugin. -->","yoast_head_json":{"title":"Treimine - Hanval Metall O\u00dc","description":"T\u00f6\u00f6tleme s\u00fcsinikterast, roostevaba terast, alumiiniumi, messingit, pronksi, erinevaid plaste. K\u00f5ik materjalid on sertifitseeritud.","robots":{"index":"index","follow":"follow","max-snippet":"max-snippet:-1","max-image-preview":"max-image-preview:large","max-video-preview":"max-video-preview:-1"},"canonical":"https:\/\/hanval.ee\/et\/turning\/","og_locale":"et_EE","og_type":"article","og_title":"Treimine - Hanval Metall O\u00dc","og_description":"T\u00f6\u00f6tleme s\u00fcsinikterast, roostevaba terast, alumiiniumi, messingit, pronksi, erinevaid plaste. K\u00f5ik materjalid on sertifitseeritud.","og_url":"https:\/\/hanval.ee\/et\/turning\/","og_site_name":"Hanval Metall O\u00dc","article_publisher":"https:\/\/www.facebook.com\/HanvalMetall","article_modified_time":"2024-04-19T09:06:17+00:00","twitter_card":"summary_large_image","twitter_misc":{"Est. reading time":"1 minut"},"schema":{"@context":"https:\/\/schema.org","@graph":[{"@type":"WebPage","@id":"https:\/\/hanval.ee\/et\/turning\/","url":"https:\/\/hanval.ee\/et\/turning\/","name":"Treimine - Hanval Metall O\u00dc","isPartOf":{"@id":"https:\/\/hanval.ee\/et\/#website"},"datePublished":"2015-11-14T23:00:28+00:00","dateModified":"2024-04-19T09:06:17+00:00","description":"T\u00f6\u00f6tleme s\u00fcsinikterast, roostevaba terast, alumiiniumi, messingit, pronksi, erinevaid plaste. K\u00f5ik materjalid on sertifitseeritud.","breadcrumb":{"@id":"https:\/\/hanval.ee\/et\/turning\/#breadcrumb"},"inLanguage":"et","potentialAction":[{"@type":"ReadAction","target":["https:\/\/hanval.ee\/et\/turning\/"]}]},{"@type":"BreadcrumbList","@id":"https:\/\/hanval.ee\/et\/turning\/#breadcrumb","itemListElement":[{"@type":"ListItem","position":1,"name":"Home","item":"https:\/\/hanval.ee\/et\/home\/"},{"@type":"ListItem","position":2,"name":"Treimine"}]},{"@type":"WebSite","@id":"https:\/\/hanval.ee\/et\/#website","url":"https:\/\/hanval.ee\/et\/","name":"Hanval Metall O\u00dc","description":"Metal Works","publisher":{"@id":"https:\/\/hanval.ee\/et\/#organization"},"potentialAction":[{"@type":"SearchAction","target":{"@type":"EntryPoint","urlTemplate":"https:\/\/hanval.ee\/et\/?s={search_term_string}"},"query-input":{"@type":"PropertyValueSpecification","valueRequired":true,"valueName":"search_term_string"}}],"inLanguage":"et"},{"@type":"Organization","@id":"https:\/\/hanval.ee\/et\/#organization","name":"Hanval Metall O\u00dc","url":"https:\/\/hanval.ee\/et\/","logo":{"@type":"ImageObject","inLanguage":"et","@id":"https:\/\/hanval.ee\/et\/#\/schema\/logo\/image\/","url":"https:\/\/hanval.ee\/wp-content\/uploads\/2015\/11\/logo.png","contentUrl":"https:\/\/hanval.ee\/wp-content\/uploads\/2015\/11\/logo.png","width":409,"height":156,"caption":"Hanval Metall O\u00dc"},"image":{"@id":"https:\/\/hanval.ee\/et\/#\/schema\/logo\/image\/"},"sameAs":["https:\/\/www.facebook.com\/HanvalMetall","https:\/\/www.linkedin.com\/company\/hanval-metall-o\/"]}]}},"_links":{"self":[{"href":"https:\/\/hanval.ee\/et\/wp-json\/wp\/v2\/pages\/11050","targetHints":{"allow":["GET"]}}],"collection":[{"href":"https:\/\/hanval.ee\/et\/wp-json\/wp\/v2\/pages"}],"about":[{"href":"https:\/\/hanval.ee\/et\/wp-json\/wp\/v2\/types\/page"}],"author":[{"embeddable":true,"href":"https:\/\/hanval.ee\/et\/wp-json\/wp\/v2\/users\/1"}],"replies":[{"embeddable":true,"href":"https:\/\/hanval.ee\/et\/wp-json\/wp\/v2\/comments?post=11050"}],"version-history":[{"count":3,"href":"https:\/\/hanval.ee\/et\/wp-json\/wp\/v2\/pages\/11050\/revisions"}],"predecessor-version":[{"id":12247,"href":"https:\/\/hanval.ee\/et\/wp-json\/wp\/v2\/pages\/11050\/revisions\/12247"}],"wp:attachment":[{"href":"https:\/\/hanval.ee\/et\/wp-json\/wp\/v2\/media?parent=11050"}],"curies":[{"name":"wp","href":"https:\/\/api.w.org\/{rel}","templated":true}]}}