{"id":12357,"date":"2024-07-09T12:47:42","date_gmt":"2024-07-09T09:47:42","guid":{"rendered":"https:\/\/hanval.ee\/?page_id=12357"},"modified":"2024-07-17T14:25:45","modified_gmt":"2024-07-17T11:25:45","slug":"toopakkumised","status":"publish","type":"page","link":"https:\/\/hanval.ee\/et\/toopakkumised\/","title":{"rendered":"T\u00f6\u00f6pakkumised"},"content":{"rendered":"\n<style type=\"text\/css\" data-created_by=\"avia_inline_auto\" id=\"style-css-av-ly77czd1-d9deffeec7a0d12206c731aef0ff8e21\">\n.avia-section.av-ly77czd1-d9deffeec7a0d12206c731aef0ff8e21{\nbackground-repeat:no-repeat;\nbackground-image:url(https:\/\/hanval.ee\/wp-content\/uploads\/2024\/04\/Hanval-Metall-16-300x200.jpg);\nbackground-position:50% 100%;\nbackground-attachment:fixed;\n}\n.avia-section.av-ly77czd1-d9deffeec7a0d12206c731aef0ff8e21 .av-section-color-overlay{\nopacity:0.5;\nbackground-color:#0a0a0a;\n}\n<\/style>\n<div id='av_section_1'  class='avia-section av-ly77czd1-d9deffeec7a0d12206c731aef0ff8e21 main_color avia-section-large avia-no-shadow  avia-builder-el-0  el_before_av_section  avia-builder-el-first  avia-full-stretch avia-bg-style-fixed av-section-color-overlay-active container_wrap fullsize'  data-section-bg-repeat='stretch'><div class=\"av-section-color-overlay-wrap\"><div class=\"av-section-color-overlay\"><\/div><div class='container av-section-cont-open' ><main  role=\"main\" itemprop=\"mainContentOfPage\"  class='template-page content  av-content-full alpha units'><div class='post-entry post-entry-type-page post-entry-12357'><div class='entry-content-wrapper clearfix'>\n\n<style type=\"text\/css\" data-created_by=\"avia_inline_auto\" id=\"style-css-av-ly5luv37-3731b6f405adcab4ab6f5d046698c439\">\n#top .av-special-heading.av-ly5luv37-3731b6f405adcab4ab6f5d046698c439{\npadding-bottom:0;\ncolor:#ffffff;\nfont-size:50px;\n}\nbody .av-special-heading.av-ly5luv37-3731b6f405adcab4ab6f5d046698c439 .av-special-heading-tag .heading-char{\nfont-size:25px;\n}\n#top #wrap_all .av-special-heading.av-ly5luv37-3731b6f405adcab4ab6f5d046698c439 .av-special-heading-tag{\nfont-size:50px;\n}\n.av-special-heading.av-ly5luv37-3731b6f405adcab4ab6f5d046698c439 .special-heading-inner-border{\nborder-color:#ffffff;\n}\n.av-special-heading.av-ly5luv37-3731b6f405adcab4ab6f5d046698c439 .av-subheading{\nfont-size:15px;\n}\n\n@media only screen and (min-width: 480px) and (max-width: 767px){ \n#top #wrap_all .av-special-heading.av-ly5luv37-3731b6f405adcab4ab6f5d046698c439 .av-special-heading-tag{\nfont-size:0.8em;\n}\n}\n\n@media only screen and (max-width: 479px){ \n#top #wrap_all .av-special-heading.av-ly5luv37-3731b6f405adcab4ab6f5d046698c439 .av-special-heading-tag{\nfont-size:0.8em;\n}\n}\n<\/style>\n<div  class='av-special-heading av-ly5luv37-3731b6f405adcab4ab6f5d046698c439 av-special-heading-h3 custom-color-heading blockquote modern-quote modern-centered  avia-builder-el-1  el_before_av_hr  avia-builder-el-first  av-inherit-size'><h3 class='av-special-heading-tag'  itemprop=\"headline\"  >T\u00d6\u00d6PAKKUMISED<\/h3><div class='av_custom_color av-subheading av-subheading_below'><p>Meie p\u00f5hitegevusalaks on metallide mehhaaniline t\u00f6\u00f6tlemine CNC pinkidel.<br \/>\nMeie eesm\u00e4rk on pakkuda parimat kvaliteeti tootmisturul.<\/p>\n<\/div><div class=\"special-heading-border\"><div class=\"special-heading-inner-border\"><\/div><\/div><\/div>\n\n<style type=\"text\/css\" data-created_by=\"avia_inline_auto\" id=\"style-css-av-2wg7mud-f27b08d67c8c4f498d60b12ddf1c5672\">\n#top .hr.av-2wg7mud-f27b08d67c8c4f498d60b12ddf1c5672{\nmargin-top:30px;\nmargin-bottom:30px;\n}\n.hr.av-2wg7mud-f27b08d67c8c4f498d60b12ddf1c5672 .hr-inner{\nwidth:20%;\nborder-color:rgba(255,255,255,0.76);\nmax-width:45%;\n}\n.hr.av-2wg7mud-f27b08d67c8c4f498d60b12ddf1c5672 .av-seperator-icon{\ncolor:#ffffff;\n}\n<\/style>\n<div  class='hr av-2wg7mud-f27b08d67c8c4f498d60b12ddf1c5672 hr-custom  avia-builder-el-2  el_after_av_heading  avia-builder-el-last  hr-center hr-icon-yes'><span class='hr-inner inner-border-av-border-thin'><span class=\"hr-inner-style\"><\/span><\/span><span class='av-seperator-icon' aria-hidden='true' data-av_icon='\ue8bf' data-av_iconfont='entypo-fontello'><\/span><span class='hr-inner inner-border-av-border-thin'><span class=\"hr-inner-style\"><\/span><\/span><\/div>\n\n<\/div><\/div><\/main><!-- close content main element --><\/div><\/div><\/div><div id='av_section_2'  class='avia-section av-2mbbr9-933ae7db5178b4cda492759ce20f64a6 main_color avia-section-default avia-no-border-styling  avia-builder-el-3  el_after_av_section  el_before_av_section  avia-bg-style-scroll container_wrap fullsize'  ><div class='container av-section-cont-open' ><div class='template-page content  av-content-full alpha units'><div class='post-entry post-entry-type-page post-entry-12357'><div class='entry-content-wrapper clearfix'>\n<div class='flex_column_table av-26tbm11-537b50ff30969a8844ac160c3dc7046f sc-av_two_third av-equal-height-column-flextable'><div  class='flex_column av-26tbm11-537b50ff30969a8844ac160c3dc7046f av_two_third  avia-builder-el-4  el_before_av_one_third  avia-builder-el-first  first no_margin flex_column_table_cell av-equal-height-column av-align-top  '     ><p>\n<style type=\"text\/css\" data-created_by=\"avia_inline_auto\" id=\"style-css-av-ly70ngt6-085a55d42263ba4c95fd97b9d52aaf4f\">\n#top .av-special-heading.av-ly70ngt6-085a55d42263ba4c95fd97b9d52aaf4f{\npadding-bottom:10px;\n}\nbody .av-special-heading.av-ly70ngt6-085a55d42263ba4c95fd97b9d52aaf4f .av-special-heading-tag .heading-char{\nfont-size:25px;\n}\n.av-special-heading.av-ly70ngt6-085a55d42263ba4c95fd97b9d52aaf4f .av-subheading{\nfont-size:15px;\n}\n<\/style>\n<div  class='av-special-heading av-ly70ngt6-085a55d42263ba4c95fd97b9d52aaf4f av-special-heading-h2 blockquote modern-quote  avia-builder-el-5  el_before_av_textblock  avia-builder-el-first '><h2 class='av-special-heading-tag'  itemprop=\"headline\"  >T\u00d6\u00d6KOHTADE KIRJELDUSED<\/h2><div class='av-subheading av-subheading_below'><p>Hanval Metallis olemasolevad t\u00f6\u00f6kohad<\/p>\n<\/div><div class=\"special-heading-border\"><div class=\"special-heading-inner-border\"><\/div><\/div><\/div><br \/>\n<section  class='av_textblock_section av-ly77u89a-423e14070db1813c23c969f20899793f '   itemscope=\"itemscope\" itemtype=\"https:\/\/schema.org\/CreativeWork\" ><div class='avia_textblock'  itemprop=\"text\" ><p><strong>Insener-tehnoloog<\/strong><br \/>\nT\u00f6\u00f6tab l\u00e4bi uute detailide joonised ja arvutab hinnad ning tootmise normajad. Koostab<br \/>\nvastavad detailide andmestiku kaardid tootmisjuhtimise s\u00fcsteemi. Aitab t\u00f6\u00f6tajad t\u00f6\u00f6riistade<br \/>\nvalikul ja t\u00f6\u00f6operatsioonide teostamisel. Lahendab kliendiga tehnilised k\u00fcsimused.<br \/>\nArendustegevused rakiste loomisel.<\/p>\n<p><strong>Administratiivt\u00f6\u00f6tajad<\/strong><br \/>\nTegelevad m\u00fc\u00fcgit\u00f6\u00f6ga, registreerivad klientide tellimusi ja korraldavad tootmise<br \/>\nettevalmistamist &#8211; materjalihanked, t\u00f6\u00f6riistade ostud. Suhtlemine klientide ja tarnijatega.<br \/>\nEttev\u00f5tte majandustulemuste j\u00e4lgimine ja arendamine.<\/p>\n<\/div><\/section><br \/>\n<section  class='av_textblock_section av-ly70ryl0-dfb954362d3d8f51dbc2394ac9ecd598 '   itemscope=\"itemscope\" itemtype=\"https:\/\/schema.org\/CreativeWork\" ><div class='avia_textblock'  itemprop=\"text\" ><p><strong>CNC trei- v\u00f5i freespinkide seadistaja-operaator<\/strong><br \/>\nT\u00f6\u00f6\u00fclesanneteks on detailide valmistamine jooniste j\u00e4rgi: CNC pinkide programmeerimine,<br \/>\nt\u00f6\u00f6riistade ja nende re\u017eiimide seadistamine, detailide valmistamine ning kvaliteedi<br \/>\nkontrollimine. Pinkide korrashoid ja hooldus, tootmisalase dokumentatsiooni t\u00e4itmine.<\/p>\n<p><strong>Metallil\u00f5ikepinkidel t\u00f6\u00f6taja<\/strong><br \/>\nT\u00f6\u00f6\u00fclesanneteks on manuaalpinkdel lihtsamate operatsioonide teostamine ja teistele<br \/>\nt\u00f6\u00f6kohtade abistamine vajalike eel- v\u00f5i j\u00e4relt\u00f6\u00f6dega.<\/p>\n<p><strong>Keevitaja-lukksepp<\/strong><br \/>\n\u00dclesandeks on keeviskoostude valmistamine, manuaalpinkide ja -t\u00f6\u00f6riistade kasutamine<br \/>\nkeevist\u00f6\u00f6de abioperatsioonide tegemiseks (puurimine, faasimine). Tootmiseks vajalike<br \/>\nrakiste koostamine. Teiste t\u00f6\u00f6tajate abistamine rakistuse loomisel. Remontt\u00f6\u00f6d.<\/p>\n<\/div><\/section><\/p><\/div>\n<style type=\"text\/css\" data-created_by=\"avia_inline_auto\" id=\"style-css-av-ly78zpds-d2920f5102ed3987d077a4882263ccc4\">\n.flex_column.av-ly78zpds-d2920f5102ed3987d077a4882263ccc4{\nborder-width:30px;\nborder-color:#f0f0f0;\nborder-style:solid;\nbackground-color:#f0f0f0;\n}\n<\/style>\n<div  class='flex_column av-ly78zpds-d2920f5102ed3987d077a4882263ccc4 av_one_third  avia-builder-el-8  el_after_av_two_third  avia-builder-el-last  no_margin flex_column_table_cell av-equal-height-column av-align-top  '     ><p>\n<style type=\"text\/css\" data-created_by=\"avia_inline_auto\" id=\"style-css-av-ly78ef53-98677adb2d31adec90e83de129b3499c\">\n#top .av-special-heading.av-ly78ef53-98677adb2d31adec90e83de129b3499c{\npadding-bottom:10px;\n}\nbody .av-special-heading.av-ly78ef53-98677adb2d31adec90e83de129b3499c .av-special-heading-tag .heading-char{\nfont-size:25px;\n}\n.av-special-heading.av-ly78ef53-98677adb2d31adec90e83de129b3499c .av-subheading{\nfont-size:15px;\n}\n<\/style>\n<div  class='av-special-heading av-ly78ef53-98677adb2d31adec90e83de129b3499c av-special-heading-h2 blockquote modern-quote  avia-builder-el-9  el_before_av_textblock  avia-builder-el-first '><h2 class='av-special-heading-tag'  itemprop=\"headline\"  >HETKEL OTSIME<\/h2><div class=\"special-heading-border\"><div class=\"special-heading-inner-border\"><\/div><\/div><\/div><br \/>\n<section  class='av_textblock_section av-lypqss7i-9606969d289809d20268270c9a6290bc '   itemscope=\"itemscope\" itemtype=\"https:\/\/schema.org\/CreativeWork\" ><div class='avia_textblock'  itemprop=\"text\" ><h3><\/h3>\n<h3><span style=\"color: #556b89;\">CNC Freesipingi seadistajat-operaatorit<\/span><\/h3>\n<ul>\n<li>T\u00f6\u00f6 toimub kahes vahetuses<\/li>\n<li>T\u00f6\u00f6 kujutab endast CNC freesipinkide seadistamist ja opereerimist, detailide valmistamist ja kvaliteedi kontrollimist, tootmisinfo dokumenteerimist, pinkide hooldamist<\/li>\n<li>Oled hea kandidaat, kui oled sarnasel ametikohal t\u00f6\u00f6tanud v\u00e4hemalt 2 aastat, oled kohusetundlik, t\u00e4pne ning oskad t\u00f6\u00f6tada meeskonnas<\/li>\n<li>Omalt poolt pakume t\u00f6\u00f6alast v\u00e4lja\u00f5pet, konkurentsiv\u00f5imelist palka, kaasaegseid t\u00f6\u00f6vahendeid, meeskonna\u00fcritusi, sporditoetust, j\u00f5ulutoetust ning palgale lisaks ka boonuss\u00fcsteemi<\/li>\n<\/ul>\n<\/div><\/section><br \/>\n<section  class='av_textblock_section av-lye86peq-84df7ddc829ef9129122c381cb6d1ecd '   itemscope=\"itemscope\" itemtype=\"https:\/\/schema.org\/CreativeWork\" ><div class='avia_textblock'  itemprop=\"text\" ><p>Oled huvitatud eelmisest t\u00f6\u00f6pakkumisest? Anna allpool teada!<\/p>\n<\/div><\/section><br \/>\n<section  class='av_textblock_section av-ly78ji1f-a97f387de68a7be91493f85759d8eb06 '   itemscope=\"itemscope\" itemtype=\"https:\/\/schema.org\/CreativeWork\" ><div class='avia_textblock'  itemprop=\"text\" ><p>Ei leidnud sobivat t\u00f6\u00f6pakkumist? Anna endast allpool teada, et saada esimesena infot uutest t\u00f6\u00f6v\u00f5imalustest!<\/p>\n<\/div><\/section><\/p><\/div><\/div><!--close column table wrapper. Autoclose: 1 --><\/div><\/div><\/div><!-- close content main div --><\/div><\/div>\n<style type=\"text\/css\" data-created_by=\"avia_inline_auto\" id=\"style-css-av-12rzbmt-899f41f58c456a93476ad4b60d12e537\">\n.avia-section.av-12rzbmt-899f41f58c456a93476ad4b60d12e537{\nbackground-color:#ffffff;\nbackground-image:unset;\n}\n<\/style>\n<div id='av_section_3'  class='avia-section av-12rzbmt-899f41f58c456a93476ad4b60d12e537 main_color avia-section-small avia-no-shadow  avia-builder-el-13  el_after_av_section  el_before_av_section  avia-bg-style-fixed container_wrap fullsize'  ><div class='container av-section-cont-open' ><div class='template-page content  av-content-full alpha units'><div class='post-entry post-entry-type-page post-entry-12357'><div class='entry-content-wrapper clearfix'>\n<section  class='av_textblock_section av-ly701vm8-edab2aac2677ea0cb288db3de6ccae51 '   itemscope=\"itemscope\" itemtype=\"https:\/\/schema.org\/CreativeWork\" ><div class='avia_textblock'  itemprop=\"text\" ><h6><strong>Oled huvitatud meiega tiimiga liitumisest? Anna endast m\u00e4rku siin!<\/strong><\/h6>\n<\/div><\/section>\n<section  class='av_textblock_section av-ly6yxkkw-302726ec3a4199e9cff0177636e0b22b '   itemscope=\"itemscope\" itemtype=\"https:\/\/schema.org\/CreativeWork\" ><div class='avia_textblock'  itemprop=\"text\" ><p class=\"wpcf7-contact-form-not-found\"><strong>Error:<\/strong> Contact form not found.<\/p>\n<\/div><\/section>\n<\/p>\n<\/div><\/div><\/div><!-- close content main div --><\/div><\/div><div id='av_section_4'  class='avia-section av-ly79d2qn-d1cafa68908904b949a33ad29c3951e1 main_color avia-section-default avia-no-shadow  avia-builder-el-16  el_after_av_section  avia-builder-el-last  avia-bg-style-scroll container_wrap fullsize'  ><div class='container av-section-cont-open' ><div class='template-page content  av-content-full alpha units'><div class='post-entry post-entry-type-page post-entry-12357'><div class='entry-content-wrapper clearfix'>\n<div  class='avia-button-wrap avia-button-center  avia-builder-el-17  avia-builder-el-no-sibling '>\n<style type=\"text\/css\" data-created_by=\"avia_inline_auto\" id=\"style-css-av-ly7921tn-ee8f965c5586b236b0ff22b7f6e64cff\">\n#top #wrap_all .avia-button.av-ly7921tn-ee8f965c5586b236b0ff22b7f6e64cff:hover{\ncolor:white;\ntransition:all 0.4s ease-in-out;\n}\n<\/style>\n<a href='https:\/\/hanval.ee\/et\/contact\/' class='avia-color-theme-color avia-font-color-theme-color avia-button avia-button-fullwidth av-ly7921tn-ee8f965c5586b236b0ff22b7f6e64cff avia-icon_select-no avia-color-theme-color'  ><span class='avia_iconbox_title' >Vajate lisainfot v\u00f5i soovite hinnapakkumist? V\u00f5tke meiega \u00fchendust!<\/span><span class='avia_button_background avia-button avia-button-fullwidth avia-color-theme-color-highlight'><\/span><\/a><\/div>\n\n","protected":false},"excerpt":{"rendered":"","protected":false},"author":1,"featured_media":0,"parent":0,"menu_order":0,"comment_status":"closed","ping_status":"closed","template":"","meta":{"_monsterinsights_skip_tracking":false,"_monsterinsights_sitenote_active":false,"_monsterinsights_sitenote_note":"","_monsterinsights_sitenote_category":0,"footnotes":"","_wp_rev_ctl_limit":""},"class_list":["post-12357","page","type-page","status-publish","hentry"],"yoast_head":"<!-- This site is optimized with the Yoast SEO plugin v26.9 - https:\/\/yoast.com\/product\/yoast-seo-wordpress\/ -->\n<title>T\u00f6\u00f6pakkumised - Hanval Metall O\u00dc<\/title>\n<meta name=\"robots\" content=\"index, follow, max-snippet:-1, max-image-preview:large, max-video-preview:-1\" \/>\n<link rel=\"canonical\" href=\"https:\/\/hanval.ee\/et\/toopakkumised\/\" \/>\n<meta property=\"og:locale\" content=\"et_EE\" \/>\n<meta property=\"og:type\" content=\"article\" \/>\n<meta property=\"og:title\" content=\"T\u00f6\u00f6pakkumised - Hanval Metall O\u00dc\" \/>\n<meta property=\"og:url\" content=\"https:\/\/hanval.ee\/et\/toopakkumised\/\" \/>\n<meta property=\"og:site_name\" content=\"Hanval Metall O\u00dc\" \/>\n<meta property=\"article:publisher\" content=\"https:\/\/www.facebook.com\/HanvalMetall\" \/>\n<meta property=\"article:modified_time\" content=\"2024-07-17T11:25:45+00:00\" \/>\n<meta name=\"twitter:card\" content=\"summary_large_image\" \/>\n<meta name=\"twitter:label1\" content=\"Est. reading time\" \/>\n\t<meta name=\"twitter:data1\" content=\"2 minutit\" \/>\n<script type=\"application\/ld+json\" class=\"yoast-schema-graph\">{\"@context\":\"https:\/\/schema.org\",\"@graph\":[{\"@type\":\"WebPage\",\"@id\":\"https:\/\/hanval.ee\/et\/toopakkumised\/\",\"url\":\"https:\/\/hanval.ee\/et\/toopakkumised\/\",\"name\":\"T\u00f6\u00f6pakkumised - Hanval Metall O\u00dc\",\"isPartOf\":{\"@id\":\"https:\/\/hanval.ee\/et\/#website\"},\"datePublished\":\"2024-07-09T09:47:42+00:00\",\"dateModified\":\"2024-07-17T11:25:45+00:00\",\"breadcrumb\":{\"@id\":\"https:\/\/hanval.ee\/et\/toopakkumised\/#breadcrumb\"},\"inLanguage\":\"et\",\"potentialAction\":[{\"@type\":\"ReadAction\",\"target\":[\"https:\/\/hanval.ee\/et\/toopakkumised\/\"]}]},{\"@type\":\"BreadcrumbList\",\"@id\":\"https:\/\/hanval.ee\/et\/toopakkumised\/#breadcrumb\",\"itemListElement\":[{\"@type\":\"ListItem\",\"position\":1,\"name\":\"Home\",\"item\":\"https:\/\/hanval.ee\/et\/home\/\"},{\"@type\":\"ListItem\",\"position\":2,\"name\":\"T\u00f6\u00f6pakkumised\"}]},{\"@type\":\"WebSite\",\"@id\":\"https:\/\/hanval.ee\/et\/#website\",\"url\":\"https:\/\/hanval.ee\/et\/\",\"name\":\"Hanval Metall O\u00dc\",\"description\":\"Metal Works\",\"publisher\":{\"@id\":\"https:\/\/hanval.ee\/et\/#organization\"},\"potentialAction\":[{\"@type\":\"SearchAction\",\"target\":{\"@type\":\"EntryPoint\",\"urlTemplate\":\"https:\/\/hanval.ee\/et\/?s={search_term_string}\"},\"query-input\":{\"@type\":\"PropertyValueSpecification\",\"valueRequired\":true,\"valueName\":\"search_term_string\"}}],\"inLanguage\":\"et\"},{\"@type\":\"Organization\",\"@id\":\"https:\/\/hanval.ee\/et\/#organization\",\"name\":\"Hanval Metall O\u00dc\",\"url\":\"https:\/\/hanval.ee\/et\/\",\"logo\":{\"@type\":\"ImageObject\",\"inLanguage\":\"et\",\"@id\":\"https:\/\/hanval.ee\/et\/#\/schema\/logo\/image\/\",\"url\":\"https:\/\/hanval.ee\/wp-content\/uploads\/2015\/11\/logo.png\",\"contentUrl\":\"https:\/\/hanval.ee\/wp-content\/uploads\/2015\/11\/logo.png\",\"width\":409,\"height\":156,\"caption\":\"Hanval Metall O\u00dc\"},\"image\":{\"@id\":\"https:\/\/hanval.ee\/et\/#\/schema\/logo\/image\/\"},\"sameAs\":[\"https:\/\/www.facebook.com\/HanvalMetall\",\"https:\/\/www.linkedin.com\/company\/hanval-metall-o\/\"]}]}<\/script>\n<!-- \/ Yoast SEO plugin. -->","yoast_head_json":{"title":"T\u00f6\u00f6pakkumised - Hanval Metall O\u00dc","robots":{"index":"index","follow":"follow","max-snippet":"max-snippet:-1","max-image-preview":"max-image-preview:large","max-video-preview":"max-video-preview:-1"},"canonical":"https:\/\/hanval.ee\/et\/toopakkumised\/","og_locale":"et_EE","og_type":"article","og_title":"T\u00f6\u00f6pakkumised - Hanval Metall O\u00dc","og_url":"https:\/\/hanval.ee\/et\/toopakkumised\/","og_site_name":"Hanval Metall O\u00dc","article_publisher":"https:\/\/www.facebook.com\/HanvalMetall","article_modified_time":"2024-07-17T11:25:45+00:00","twitter_card":"summary_large_image","twitter_misc":{"Est. reading time":"2 minutit"},"schema":{"@context":"https:\/\/schema.org","@graph":[{"@type":"WebPage","@id":"https:\/\/hanval.ee\/et\/toopakkumised\/","url":"https:\/\/hanval.ee\/et\/toopakkumised\/","name":"T\u00f6\u00f6pakkumised - Hanval Metall O\u00dc","isPartOf":{"@id":"https:\/\/hanval.ee\/et\/#website"},"datePublished":"2024-07-09T09:47:42+00:00","dateModified":"2024-07-17T11:25:45+00:00","breadcrumb":{"@id":"https:\/\/hanval.ee\/et\/toopakkumised\/#breadcrumb"},"inLanguage":"et","potentialAction":[{"@type":"ReadAction","target":["https:\/\/hanval.ee\/et\/toopakkumised\/"]}]},{"@type":"BreadcrumbList","@id":"https:\/\/hanval.ee\/et\/toopakkumised\/#breadcrumb","itemListElement":[{"@type":"ListItem","position":1,"name":"Home","item":"https:\/\/hanval.ee\/et\/home\/"},{"@type":"ListItem","position":2,"name":"T\u00f6\u00f6pakkumised"}]},{"@type":"WebSite","@id":"https:\/\/hanval.ee\/et\/#website","url":"https:\/\/hanval.ee\/et\/","name":"Hanval Metall O\u00dc","description":"Metal Works","publisher":{"@id":"https:\/\/hanval.ee\/et\/#organization"},"potentialAction":[{"@type":"SearchAction","target":{"@type":"EntryPoint","urlTemplate":"https:\/\/hanval.ee\/et\/?s={search_term_string}"},"query-input":{"@type":"PropertyValueSpecification","valueRequired":true,"valueName":"search_term_string"}}],"inLanguage":"et"},{"@type":"Organization","@id":"https:\/\/hanval.ee\/et\/#organization","name":"Hanval Metall O\u00dc","url":"https:\/\/hanval.ee\/et\/","logo":{"@type":"ImageObject","inLanguage":"et","@id":"https:\/\/hanval.ee\/et\/#\/schema\/logo\/image\/","url":"https:\/\/hanval.ee\/wp-content\/uploads\/2015\/11\/logo.png","contentUrl":"https:\/\/hanval.ee\/wp-content\/uploads\/2015\/11\/logo.png","width":409,"height":156,"caption":"Hanval Metall O\u00dc"},"image":{"@id":"https:\/\/hanval.ee\/et\/#\/schema\/logo\/image\/"},"sameAs":["https:\/\/www.facebook.com\/HanvalMetall","https:\/\/www.linkedin.com\/company\/hanval-metall-o\/"]}]}},"_links":{"self":[{"href":"https:\/\/hanval.ee\/et\/wp-json\/wp\/v2\/pages\/12357","targetHints":{"allow":["GET"]}}],"collection":[{"href":"https:\/\/hanval.ee\/et\/wp-json\/wp\/v2\/pages"}],"about":[{"href":"https:\/\/hanval.ee\/et\/wp-json\/wp\/v2\/types\/page"}],"author":[{"embeddable":true,"href":"https:\/\/hanval.ee\/et\/wp-json\/wp\/v2\/users\/1"}],"replies":[{"embeddable":true,"href":"https:\/\/hanval.ee\/et\/wp-json\/wp\/v2\/comments?post=12357"}],"version-history":[{"count":3,"href":"https:\/\/hanval.ee\/et\/wp-json\/wp\/v2\/pages\/12357\/revisions"}],"predecessor-version":[{"id":12409,"href":"https:\/\/hanval.ee\/et\/wp-json\/wp\/v2\/pages\/12357\/revisions\/12409"}],"wp:attachment":[{"href":"https:\/\/hanval.ee\/et\/wp-json\/wp\/v2\/media?parent=12357"}],"curies":[{"name":"wp","href":"https:\/\/api.w.org\/{rel}","templated":true}]}}