{"id":12279,"date":"2024-05-01T20:43:05","date_gmt":"2024-05-01T17:43:05","guid":{"rendered":"https:\/\/hanval.ee\/etusivu\/"},"modified":"2024-09-11T12:20:03","modified_gmt":"2024-09-11T09:20:03","slug":"etusivu","status":"publish","type":"page","link":"https:\/\/hanval.ee\/fi\/etusivu\/","title":{"rendered":"Etusivu"},"content":{"rendered":"<div   class='avia-fullscreen-slider main_color   avia-builder-el-0  el_before_av_section  avia-builder-el-first  container_wrap fullsize'  >\n<style type=\"text\/css\" data-created_by=\"avia_inline_auto\" id=\"style-css-av-11403gc-47a17fc6ace565042db8dce26498bac1\">\n#top #wrap_all .avia-slideshow .av-slideshow-caption.av-11403gc-47a17fc6ace565042db8dce26498bac1__0 .avia-caption-title{\nfont-size:35px;\n}\n#top .avia-slideshow .av-slideshow-caption.av-11403gc-47a17fc6ace565042db8dce26498bac1__0 .avia-caption-content{\nfont-size:20px;\n}\n#top .avia-slideshow .av-slideshow-caption.av-11403gc-47a17fc6ace565042db8dce26498bac1__0 .avia-caption-content p{\nfont-size:20px;\n}\n<\/style>\n<a href='#next-section' title='' class='scroll-down-link av-control-minimal' aria-hidden='true' data-av_icon='\ue877' data-av_iconfont='entypo-fontello'><\/a><div  class='avia-slideshow av-11403gc-47a17fc6ace565042db8dce26498bac1 avia-slideshow-extra_large av_fullscreen avia-slide-slider av-slideshow-ui av-control-minimal av-slideshow-autoplay av-loop-endless av-loop-manual-endless av-slider-scroll-down-active av-default-height-applied   avia-slideshow-1' data-slideshow-options=\"{&quot;animation&quot;:&quot;slide&quot;,&quot;autoplay&quot;:true,&quot;loop_autoplay&quot;:&quot;endless&quot;,&quot;interval&quot;:5,&quot;loop_manual&quot;:&quot;manual-endless&quot;,&quot;autoplay_stopper&quot;:false,&quot;noNavigation&quot;:false,&quot;bg_slider&quot;:true,&quot;keep_padding&quot;:false,&quot;hoverpause&quot;:false,&quot;show_slide_delay&quot;:0,&quot;slide_height&quot;:&quot;100&quot;,&quot;image_attachment&quot;:&quot;&quot;}\"  itemprop=\"image\" itemscope=\"itemscope\" itemtype=\"https:\/\/schema.org\/ImageObject\" ><ul class='avia-slideshow-inner ' style='padding-bottom: 66.733333333333%;'><li style='background-position:bottom left;' data-img-url='https:\/\/hanval.ee\/wp-content\/uploads\/2024\/04\/Hanval-Metall-cutting-tool-at-metal-working-1500x1001.jpeg' class='avia-slideshow-slide av-11403gc-47a17fc6ace565042db8dce26498bac1__0  slide-1 slide-odd'><div data-rel='slideshow-1' class='avia-slide-wrap '   ><div class='av-section-color-overlay' style='opacity: 0.5; background-color: #0a0a0a; '><\/div><\/div><\/li><li style='background-position:center left;' data-img-url='https:\/\/hanval.ee\/wp-content\/uploads\/2024\/04\/Hanval-Metall-1-1500x1000.jpg' class='avia-slideshow-slide av-11403gc-47a17fc6ace565042db8dce26498bac1__1  slide-2 slide-even'><div data-rel='slideshow-1' class='avia-slide-wrap '   ><div class='av-section-color-overlay' style='opacity: 0.5; background-color: #0a0a0a; '><\/div><\/div><\/li><li style='background-position:top left;' data-img-url='https:\/\/hanval.ee\/wp-content\/uploads\/2024\/04\/Hanval-Metall-Rotating-head-with-tools-at-CNC-lathe-in-workshop-1500x1001.jpeg' class='avia-slideshow-slide av-11403gc-47a17fc6ace565042db8dce26498bac1__2  slide-3 slide-odd'><div data-rel='slideshow-1' class='avia-slide-wrap '   ><\/div><\/li><li style='background-position:top left;' data-img-url='https:\/\/hanval.ee\/wp-content\/uploads\/2024\/04\/Hanval_Metall-1500x1000.jpg' class='avia-slideshow-slide av-11403gc-47a17fc6ace565042db8dce26498bac1__3  slide-4 slide-even'><div data-rel='slideshow-1' class='avia-slide-wrap '   ><\/div><\/li><\/ul><div class='avia-slideshow-arrows avia-slideshow-controls' ><a href='#prev' class='prev-slide ' aria-hidden='true' data-av_icon='\ue87c' data-av_iconfont='entypo-fontello'  tabindex='-1'>Previous<\/a><a href='#next' class='next-slide ' aria-hidden='true' data-av_icon='\ue87d' data-av_iconfont='entypo-fontello'  tabindex='-1'>Next<\/a><\/div><div class='avia-slideshow-dots avia-slideshow-controls'><a href='#1' class='goto-slide active' >1<\/a><a href='#2' class='goto-slide ' >2<\/a><a href='#3' class='goto-slide ' >3<\/a><a href='#4' class='goto-slide ' >4<\/a><\/div><div class='av-slideshow-caption av-11403gc-47a17fc6ace565042db8dce26498bac1__0 caption_fullwidth caption_center caption_center_framed caption_framed'><div class=\"container caption_container\"><div class=\"slideshow_caption\"><div class=\"slideshow_inner_caption\"><div class=\"slideshow_align_caption\"><h2 class='avia-caption-title '  itemprop=\"name\" >30 VUOTTA KOKEMUSTA METALLINTY\u00d6ST\u00d6ST\u00c4<\/h2><div class='avia-caption-content av_inherit_color'  itemprop=\"description\" ><p>CNC-SORVAUS, CNC-JYRSINT\u00c4, HITSAUSTY\u00d6T, KOKOAMINEN<\/p>\n<\/div><\/div><\/div><\/div><\/div><\/div><\/div><\/div>\n\n<style type=\"text\/css\" data-created_by=\"avia_inline_auto\" id=\"style-css-av-tp744s-5b7441fce16909a1654b57ba7db9d736\">\n.avia-section.av-tp744s-5b7441fce16909a1654b57ba7db9d736{\nbackground-repeat:no-repeat;\nbackground-image:url(https:\/\/hanval.ee\/wp-content\/uploads\/2024\/04\/Hanval-Metall-12.jpg);\nbackground-position:50% 50%;\nbackground-attachment:fixed;\n}\n.avia-section.av-tp744s-5b7441fce16909a1654b57ba7db9d736 .av-section-color-overlay{\nopacity:1;\nbackground-color:#ffffff;\n}\n<\/style>\n<div id='av_section_1'  class='avia-section av-tp744s-5b7441fce16909a1654b57ba7db9d736 main_color avia-section-default avia-no-shadow  avia-builder-el-1  el_after_av_fullscreen  avia-builder-el-last  avia-full-stretch avia-bg-style-fixed av-section-color-overlay-active container_wrap fullsize'  data-section-bg-repeat='stretch'><div class=\"av-section-color-overlay-wrap\"><div class=\"av-section-color-overlay\"><\/div><div class='container av-section-cont-open' ><div class='template-page content  av-content-full alpha units'><div class='post-entry post-entry-type-page post-entry-12279'><div class='entry-content-wrapper clearfix'>\n\n<style type=\"text\/css\" data-created_by=\"avia_inline_auto\" id=\"style-css-av-qqrgbg-0677d30daf9bcf968dc9278deecfbc3c\">\n.flex_column.av-qqrgbg-0677d30daf9bcf968dc9278deecfbc3c{\nborder-radius:0px 0px 0px 0px;\npadding:0px 0px 0px 0px;\n}\n<\/style>\n<div  class='flex_column av-qqrgbg-0677d30daf9bcf968dc9278deecfbc3c av_one_third  avia-builder-el-2  el_before_av_one_third  avia-builder-el-first  first flex_column_div av-zero-column-padding  '     ><article  class='iconbox iconbox_top av-lxlbb0-1e07139fb06b184b7fb077189d2e36f8  avia-builder-el-3  avia-builder-el-no-sibling  main_color'  itemscope=\"itemscope\" itemtype=\"https:\/\/schema.org\/CreativeWork\" ><div class=\"iconbox_content\"><header class=\"entry-content-header\"><div class=\"iconbox_icon heading-color\" aria-hidden='true' data-av_icon='\ue812' data-av_iconfont='entypo-fontello'><\/div><h3 class='iconbox_content_title '  itemprop=\"headline\" ><a href='https:\/\/hanval.ee\/production\/' title='CNC-SORVAUS' target=\"_blank\" rel=\"noopener noreferrer\">CNC-SORVAUS<\/a><\/h3><\/header><div class='iconbox_content_container '  itemprop=\"text\" ><p>Max ulkohalkaisija = 600 mm<br \/>\nMax sis\u00e4halkaisija = 350 mm<br \/>\nMax pituus = 700 mm<br \/>\nMax tankosy\u00f6tt\u00f6laitteen halkaisija = 105 mm<br \/>\nMax karan reik\u00e4 = 105 mm<\/p>\n<\/div><\/div><footer class=\"entry-footer\"><\/footer><\/article><\/div>\n<style type=\"text\/css\" data-created_by=\"avia_inline_auto\" id=\"style-css-av-np84fw-35aa3883f938839938fc66051018ae32\">\n.flex_column.av-np84fw-35aa3883f938839938fc66051018ae32{\nborder-radius:0px 0px 0px 0px;\npadding:0px 0px 0px 0px;\n}\n<\/style>\n<div  class='flex_column av-np84fw-35aa3883f938839938fc66051018ae32 av_one_third  avia-builder-el-4  el_after_av_one_third  el_before_av_one_third  flex_column_div av-zero-column-padding  '     ><article  class='iconbox iconbox_top av-ihw2y4-ffa2cec55479040b53b8057a8d8c4d48  avia-builder-el-5  avia-builder-el-no-sibling  main_color'  itemscope=\"itemscope\" itemtype=\"https:\/\/schema.org\/CreativeWork\" ><div class=\"iconbox_content\"><header class=\"entry-content-header\"><div class=\"iconbox_icon heading-color\" aria-hidden='true' data-av_icon='\ue812' data-av_iconfont='entypo-fontello'><\/div><h3 class='iconbox_content_title '  itemprop=\"headline\" ><a href='https:\/\/hanval.ee\/production\/' title='CNC-JYRSINT\u00c4 (PYSTYSUUNTAINEN)' target=\"_blank\" rel=\"noopener noreferrer\">CNC-JYRSINT\u00c4 (PYSTYSUUNTAINEN)<\/a><\/h3><\/header><div class='iconbox_content_container '  itemprop=\"text\" ><p>Ty\u00f6p\u00f6yd\u00e4n mitat (X Y Z) = 720\/460\/510 mm<br \/>\nTy\u00f6st\u00f6alue (X Y Z) = 1000 x 1000 x 1000 mm<br \/>\nMax ty\u00f6kappaleen paino = 500 kg<br \/>\n4 akselia<\/p>\n<\/div><\/div><footer class=\"entry-footer\"><\/footer><\/article><\/div>\n<style type=\"text\/css\" data-created_by=\"avia_inline_auto\" id=\"style-css-av-kfk85o-d8ad75e919de249c3d5d14d9f67f3bfa\">\n.flex_column.av-kfk85o-d8ad75e919de249c3d5d14d9f67f3bfa{\nborder-radius:0px 0px 0px 0px;\npadding:0px 0px 0px 0px;\n}\n<\/style>\n<div  class='flex_column av-kfk85o-d8ad75e919de249c3d5d14d9f67f3bfa av_one_third  avia-builder-el-6  el_after_av_one_third  avia-builder-el-last  flex_column_div av-zero-column-padding  '     ><article  class='iconbox iconbox_top av-pcu98s-8ac564e5191d9022f414b042591dbd87  avia-builder-el-7  avia-builder-el-no-sibling  main_color'  itemscope=\"itemscope\" itemtype=\"https:\/\/schema.org\/CreativeWork\" ><div class=\"iconbox_content\"><header class=\"entry-content-header\"><div class=\"iconbox_icon heading-color\" aria-hidden='true' data-av_icon='\ue812' data-av_iconfont='entypo-fontello'><\/div><h3 class='iconbox_content_title '  itemprop=\"headline\" ><a href='https:\/\/hanval.ee\/production\/' title='SORVAUS MANUAALIKONEILLA' target=\"_blank\" rel=\"noopener noreferrer\">SORVAUS MANUAALIKONEILLA<\/a><\/h3><\/header><div class='iconbox_content_container '  itemprop=\"text\" ><p>Max halkaisija = 550 mm<br \/>\nMax pituus = 1000 mm<br \/>\nPORAUS<br \/>\nMax halkaisija = 105 mm<br \/>\nMax syvyys = 400 mm<\/p>\n<\/div><\/div><footer class=\"entry-footer\"><\/footer><\/article><\/div>\n","protected":false},"excerpt":{"rendered":"","protected":false},"author":1,"featured_media":0,"parent":0,"menu_order":1,"comment_status":"open","ping_status":"closed","template":"","meta":{"_monsterinsights_skip_tracking":false,"_monsterinsights_sitenote_active":false,"_monsterinsights_sitenote_note":"","_monsterinsights_sitenote_category":0,"footnotes":"","_wp_rev_ctl_limit":""},"class_list":["post-12279","page","type-page","status-publish","hentry"],"yoast_head":"<!-- This site is optimized with the Yoast SEO plugin v26.9 - https:\/\/yoast.com\/product\/yoast-seo-wordpress\/ -->\n<title>Etusivu - Hanval Metall O\u00dc<\/title>\n<meta name=\"description\" content=\"Hanval Metall O\u00dc sai tukea Digitalisaation Tiekartan tukitoimenpiteest\u00e4. Osana hanketta laadittiin digitalisaation tiekartta. Tuen m\u00e4\u00e4r\u00e4 oli 9200 euroa. Hanketta tuki Euroopan aluekehitysrahasto.\" \/>\n<meta name=\"robots\" content=\"index, follow, max-snippet:-1, max-image-preview:large, max-video-preview:-1\" \/>\n<link rel=\"canonical\" href=\"https:\/\/hanval.ee\/fi\/etusivu\/\" \/>\n<meta property=\"og:locale\" content=\"fi_FI\" \/>\n<meta property=\"og:type\" content=\"article\" \/>\n<meta property=\"og:title\" content=\"Etusivu - Hanval Metall O\u00dc\" \/>\n<meta property=\"og:description\" content=\"Hanval Metall O\u00dc sai tukea Digitalisaation Tiekartan tukitoimenpiteest\u00e4. Osana hanketta laadittiin digitalisaation tiekartta. Tuen m\u00e4\u00e4r\u00e4 oli 9200 euroa. Hanketta tuki Euroopan aluekehitysrahasto.\" \/>\n<meta property=\"og:url\" content=\"https:\/\/hanval.ee\/fi\/etusivu\/\" \/>\n<meta property=\"og:site_name\" content=\"Hanval Metall O\u00dc\" \/>\n<meta property=\"article:publisher\" content=\"https:\/\/www.facebook.com\/HanvalMetall\" \/>\n<meta property=\"article:modified_time\" content=\"2024-09-11T09:20:03+00:00\" \/>\n<meta property=\"og:image\" content=\"https:\/\/hanval.ee\/wp-content\/uploads\/2024\/04\/Hanval-Metall-18-1030x687.jpg\" \/>\n<meta name=\"twitter:card\" content=\"summary_large_image\" \/>\n<meta name=\"twitter:label1\" content=\"Arvioitu lukuaika\" \/>\n\t<meta name=\"twitter:data1\" content=\"2 minuuttia\" \/>\n<script type=\"application\/ld+json\" class=\"yoast-schema-graph\">{\"@context\":\"https:\/\/schema.org\",\"@graph\":[{\"@type\":\"WebPage\",\"@id\":\"https:\/\/hanval.ee\/fi\/etusivu\/\",\"url\":\"https:\/\/hanval.ee\/fi\/etusivu\/\",\"name\":\"Etusivu - Hanval Metall O\u00dc\",\"isPartOf\":{\"@id\":\"https:\/\/hanval.ee\/fi\/#website\"},\"datePublished\":\"2024-05-01T17:43:05+00:00\",\"dateModified\":\"2024-09-11T09:20:03+00:00\",\"description\":\"Hanval Metall O\u00dc sai tukea Digitalisaation Tiekartan tukitoimenpiteest\u00e4. Osana hanketta laadittiin digitalisaation tiekartta. Tuen m\u00e4\u00e4r\u00e4 oli 9200 euroa. Hanketta tuki Euroopan aluekehitysrahasto.\",\"breadcrumb\":{\"@id\":\"https:\/\/hanval.ee\/fi\/etusivu\/#breadcrumb\"},\"inLanguage\":\"fi\",\"potentialAction\":[{\"@type\":\"ReadAction\",\"target\":[\"https:\/\/hanval.ee\/fi\/etusivu\/\"]}]},{\"@type\":\"BreadcrumbList\",\"@id\":\"https:\/\/hanval.ee\/fi\/etusivu\/#breadcrumb\",\"itemListElement\":[{\"@type\":\"ListItem\",\"position\":1,\"name\":\"Home\",\"item\":\"https:\/\/hanval.ee\/fi\/home\/\"},{\"@type\":\"ListItem\",\"position\":2,\"name\":\"Etusivu\"}]},{\"@type\":\"WebSite\",\"@id\":\"https:\/\/hanval.ee\/fi\/#website\",\"url\":\"https:\/\/hanval.ee\/fi\/\",\"name\":\"Hanval Metall O\u00dc\",\"description\":\"Metal Works\",\"publisher\":{\"@id\":\"https:\/\/hanval.ee\/fi\/#organization\"},\"potentialAction\":[{\"@type\":\"SearchAction\",\"target\":{\"@type\":\"EntryPoint\",\"urlTemplate\":\"https:\/\/hanval.ee\/fi\/?s={search_term_string}\"},\"query-input\":{\"@type\":\"PropertyValueSpecification\",\"valueRequired\":true,\"valueName\":\"search_term_string\"}}],\"inLanguage\":\"fi\"},{\"@type\":\"Organization\",\"@id\":\"https:\/\/hanval.ee\/fi\/#organization\",\"name\":\"Hanval Metall O\u00dc\",\"url\":\"https:\/\/hanval.ee\/fi\/\",\"logo\":{\"@type\":\"ImageObject\",\"inLanguage\":\"fi\",\"@id\":\"https:\/\/hanval.ee\/fi\/#\/schema\/logo\/image\/\",\"url\":\"https:\/\/hanval.ee\/wp-content\/uploads\/2015\/11\/logo.png\",\"contentUrl\":\"https:\/\/hanval.ee\/wp-content\/uploads\/2015\/11\/logo.png\",\"width\":409,\"height\":156,\"caption\":\"Hanval Metall O\u00dc\"},\"image\":{\"@id\":\"https:\/\/hanval.ee\/fi\/#\/schema\/logo\/image\/\"},\"sameAs\":[\"https:\/\/www.facebook.com\/HanvalMetall\",\"https:\/\/www.linkedin.com\/company\/hanval-metall-o\/\"]}]}<\/script>\n<!-- \/ Yoast SEO plugin. -->","yoast_head_json":{"title":"Etusivu - Hanval Metall O\u00dc","description":"Hanval Metall O\u00dc sai tukea Digitalisaation Tiekartan tukitoimenpiteest\u00e4. Osana hanketta laadittiin digitalisaation tiekartta. Tuen m\u00e4\u00e4r\u00e4 oli 9200 euroa. Hanketta tuki Euroopan aluekehitysrahasto.","robots":{"index":"index","follow":"follow","max-snippet":"max-snippet:-1","max-image-preview":"max-image-preview:large","max-video-preview":"max-video-preview:-1"},"canonical":"https:\/\/hanval.ee\/fi\/etusivu\/","og_locale":"fi_FI","og_type":"article","og_title":"Etusivu - Hanval Metall O\u00dc","og_description":"Hanval Metall O\u00dc sai tukea Digitalisaation Tiekartan tukitoimenpiteest\u00e4. Osana hanketta laadittiin digitalisaation tiekartta. Tuen m\u00e4\u00e4r\u00e4 oli 9200 euroa. Hanketta tuki Euroopan aluekehitysrahasto.","og_url":"https:\/\/hanval.ee\/fi\/etusivu\/","og_site_name":"Hanval Metall O\u00dc","article_publisher":"https:\/\/www.facebook.com\/HanvalMetall","article_modified_time":"2024-09-11T09:20:03+00:00","og_image":[{"url":"https:\/\/hanval.ee\/wp-content\/uploads\/2024\/04\/Hanval-Metall-18-1030x687.jpg","type":"","width":"","height":""}],"twitter_card":"summary_large_image","twitter_misc":{"Arvioitu lukuaika":"2 minuuttia"},"schema":{"@context":"https:\/\/schema.org","@graph":[{"@type":"WebPage","@id":"https:\/\/hanval.ee\/fi\/etusivu\/","url":"https:\/\/hanval.ee\/fi\/etusivu\/","name":"Etusivu - Hanval Metall O\u00dc","isPartOf":{"@id":"https:\/\/hanval.ee\/fi\/#website"},"datePublished":"2024-05-01T17:43:05+00:00","dateModified":"2024-09-11T09:20:03+00:00","description":"Hanval Metall O\u00dc sai tukea Digitalisaation Tiekartan tukitoimenpiteest\u00e4. Osana hanketta laadittiin digitalisaation tiekartta. Tuen m\u00e4\u00e4r\u00e4 oli 9200 euroa. Hanketta tuki Euroopan aluekehitysrahasto.","breadcrumb":{"@id":"https:\/\/hanval.ee\/fi\/etusivu\/#breadcrumb"},"inLanguage":"fi","potentialAction":[{"@type":"ReadAction","target":["https:\/\/hanval.ee\/fi\/etusivu\/"]}]},{"@type":"BreadcrumbList","@id":"https:\/\/hanval.ee\/fi\/etusivu\/#breadcrumb","itemListElement":[{"@type":"ListItem","position":1,"name":"Home","item":"https:\/\/hanval.ee\/fi\/home\/"},{"@type":"ListItem","position":2,"name":"Etusivu"}]},{"@type":"WebSite","@id":"https:\/\/hanval.ee\/fi\/#website","url":"https:\/\/hanval.ee\/fi\/","name":"Hanval Metall O\u00dc","description":"Metal Works","publisher":{"@id":"https:\/\/hanval.ee\/fi\/#organization"},"potentialAction":[{"@type":"SearchAction","target":{"@type":"EntryPoint","urlTemplate":"https:\/\/hanval.ee\/fi\/?s={search_term_string}"},"query-input":{"@type":"PropertyValueSpecification","valueRequired":true,"valueName":"search_term_string"}}],"inLanguage":"fi"},{"@type":"Organization","@id":"https:\/\/hanval.ee\/fi\/#organization","name":"Hanval Metall O\u00dc","url":"https:\/\/hanval.ee\/fi\/","logo":{"@type":"ImageObject","inLanguage":"fi","@id":"https:\/\/hanval.ee\/fi\/#\/schema\/logo\/image\/","url":"https:\/\/hanval.ee\/wp-content\/uploads\/2015\/11\/logo.png","contentUrl":"https:\/\/hanval.ee\/wp-content\/uploads\/2015\/11\/logo.png","width":409,"height":156,"caption":"Hanval Metall O\u00dc"},"image":{"@id":"https:\/\/hanval.ee\/fi\/#\/schema\/logo\/image\/"},"sameAs":["https:\/\/www.facebook.com\/HanvalMetall","https:\/\/www.linkedin.com\/company\/hanval-metall-o\/"]}]}},"_links":{"self":[{"href":"https:\/\/hanval.ee\/fi\/wp-json\/wp\/v2\/pages\/12279","targetHints":{"allow":["GET"]}}],"collection":[{"href":"https:\/\/hanval.ee\/fi\/wp-json\/wp\/v2\/pages"}],"about":[{"href":"https:\/\/hanval.ee\/fi\/wp-json\/wp\/v2\/types\/page"}],"author":[{"embeddable":true,"href":"https:\/\/hanval.ee\/fi\/wp-json\/wp\/v2\/users\/1"}],"replies":[{"embeddable":true,"href":"https:\/\/hanval.ee\/fi\/wp-json\/wp\/v2\/comments?post=12279"}],"version-history":[{"count":4,"href":"https:\/\/hanval.ee\/fi\/wp-json\/wp\/v2\/pages\/12279\/revisions"}],"predecessor-version":[{"id":12413,"href":"https:\/\/hanval.ee\/fi\/wp-json\/wp\/v2\/pages\/12279\/revisions\/12413"}],"wp:attachment":[{"href":"https:\/\/hanval.ee\/fi\/wp-json\/wp\/v2\/media?parent=12279"}],"curies":[{"name":"wp","href":"https:\/\/api.w.org\/{rel}","templated":true}]}}