{"id":12311,"date":"2024-05-01T21:05:27","date_gmt":"2024-05-01T18:05:27","guid":{"rendered":"https:\/\/hanval.ee\/tuotanto\/"},"modified":"2024-05-01T21:19:17","modified_gmt":"2024-05-01T18:19:17","slug":"tuotanto","status":"publish","type":"page","link":"https:\/\/hanval.ee\/fi\/tuotanto\/","title":{"rendered":"Tuotanto"},"content":{"rendered":"\n<style type=\"text\/css\" data-created_by=\"avia_inline_auto\" id=\"style-css-av-6oojocn-1f223ce5f30fd25bf14a05e6d65e655b\">\n.avia-section.av-6oojocn-1f223ce5f30fd25bf14a05e6d65e655b{\nbackground-repeat:no-repeat;\nbackground-image:url(https:\/\/hanval.ee\/wp-content\/uploads\/2024\/04\/Hanval-Metall-23-300x200.jpg);\nbackground-position:100% 100%;\nbackground-attachment:fixed;\n}\n.avia-section.av-6oojocn-1f223ce5f30fd25bf14a05e6d65e655b .av-section-color-overlay{\nopacity:0.5;\nbackground-color:#0a0a0a;\n}\n<\/style>\n<div id='av_section_1'  class='avia-section av-6oojocn-1f223ce5f30fd25bf14a05e6d65e655b main_color avia-section-large avia-no-shadow  avia-builder-el-0  el_before_av_section  avia-builder-el-first  avia-full-stretch avia-bg-style-fixed av-section-color-overlay-active container_wrap fullsize'  data-section-bg-repeat='stretch'><div class=\"av-section-color-overlay-wrap\"><div class=\"av-section-color-overlay\"><\/div><div class='container av-section-cont-open' ><main  role=\"main\" itemprop=\"mainContentOfPage\"  class='template-page content  av-content-full alpha units'><div class='post-entry post-entry-type-page post-entry-12311'><div class='entry-content-wrapper clearfix'>\n\n<style type=\"text\/css\" data-created_by=\"avia_inline_auto\" id=\"style-css-av-62bawo7-be92f04a504a841aef6be5e49c2df722\">\n#top .av-special-heading.av-62bawo7-be92f04a504a841aef6be5e49c2df722{\npadding-bottom:0;\ncolor:#ffffff;\nfont-size:50px;\n}\nbody .av-special-heading.av-62bawo7-be92f04a504a841aef6be5e49c2df722 .av-special-heading-tag .heading-char{\nfont-size:25px;\n}\n#top #wrap_all .av-special-heading.av-62bawo7-be92f04a504a841aef6be5e49c2df722 .av-special-heading-tag{\nfont-size:50px;\n}\n.av-special-heading.av-62bawo7-be92f04a504a841aef6be5e49c2df722 .special-heading-inner-border{\nborder-color:#ffffff;\n}\n.av-special-heading.av-62bawo7-be92f04a504a841aef6be5e49c2df722 .av-subheading{\nfont-size:15px;\n}\n\n@media only screen and (min-width: 480px) and (max-width: 767px){ \n#top #wrap_all .av-special-heading.av-62bawo7-be92f04a504a841aef6be5e49c2df722 .av-special-heading-tag{\nfont-size:0.8em;\n}\n}\n\n@media only screen and (max-width: 479px){ \n#top #wrap_all .av-special-heading.av-62bawo7-be92f04a504a841aef6be5e49c2df722 .av-special-heading-tag{\nfont-size:0.8em;\n}\n}\n<\/style>\n<div  class='av-special-heading av-62bawo7-be92f04a504a841aef6be5e49c2df722 av-special-heading-h3 custom-color-heading blockquote modern-quote modern-centered  avia-builder-el-1  el_before_av_hr  avia-builder-el-first  av-inherit-size'><h3 class='av-special-heading-tag'  itemprop=\"headline\"  >TUOTANTO<\/h3><div class='av_custom_color av-subheading av-subheading_below'><p>P\u00e4\u00e4toimialamme on metallien mekaaninen ty\u00f6st\u00f6 CNC-koneilla.<br \/>\nTavoitteenamme on tarjota parasta laatua tuotantomarkkinoilla.<\/p>\n<\/div><div class=\"special-heading-border\"><div class=\"special-heading-inner-border\"><\/div><\/div><\/div>\n\n<style type=\"text\/css\" data-created_by=\"avia_inline_auto\" id=\"style-css-av-5oj23yf-934bb185dd7956e974ebd093c055bca1\">\n#top .hr.av-5oj23yf-934bb185dd7956e974ebd093c055bca1{\nmargin-top:30px;\nmargin-bottom:30px;\n}\n.hr.av-5oj23yf-934bb185dd7956e974ebd093c055bca1 .hr-inner{\nwidth:20%;\nborder-color:rgba(255,255,255,0.76);\nmax-width:45%;\n}\n.hr.av-5oj23yf-934bb185dd7956e974ebd093c055bca1 .av-seperator-icon{\ncolor:#ffffff;\n}\n<\/style>\n<div  class='hr av-5oj23yf-934bb185dd7956e974ebd093c055bca1 hr-custom  avia-builder-el-2  el_after_av_heading  avia-builder-el-last  hr-center hr-icon-yes'><span class='hr-inner inner-border-av-border-thin'><span class=\"hr-inner-style\"><\/span><\/span><span class='av-seperator-icon' aria-hidden='true' data-av_icon='\ue8bf' data-av_iconfont='entypo-fontello'><\/span><span class='hr-inner inner-border-av-border-thin'><span class=\"hr-inner-style\"><\/span><\/span><\/div>\n\n<\/div><\/div><\/main><!-- close content main element --><\/div><\/div><\/div>\n<style type=\"text\/css\" data-created_by=\"avia_inline_auto\" id=\"style-css-av-5gwtupz-e506ea202fa12a9c0b6545cc8b4d7e54\">\n.avia-section.av-5gwtupz-e506ea202fa12a9c0b6545cc8b4d7e54{\nbackground-color:#ffffff;\nbackground-image:unset;\n}\n<\/style>\n<div id='av_section_2'  class='avia-section av-5gwtupz-e506ea202fa12a9c0b6545cc8b4d7e54 main_color avia-section-small avia-no-border-styling  avia-builder-el-3  el_after_av_section  el_before_av_section  avia-bg-style-fixed container_wrap fullsize'  ><div class='container av-section-cont-open' ><div class='template-page content  av-content-full alpha units'><div class='post-entry post-entry-type-page post-entry-12311'><div class='entry-content-wrapper clearfix'>\n<div class='flex_column_table av-50us3hj-3c5826fc23c8cc1010488521029c1c93 sc-av_two_third av-equal-height-column-flextable'>\n<style type=\"text\/css\" data-created_by=\"avia_inline_auto\" id=\"style-css-av-50us3hj-3c5826fc23c8cc1010488521029c1c93\">\n#top .flex_column_table.av-equal-height-column-flextable.av-50us3hj-3c5826fc23c8cc1010488521029c1c93{\nmargin-bottom:0px;\n}\n.flex_column.av-50us3hj-3c5826fc23c8cc1010488521029c1c93{\nborder-radius:0px 0px 0px 0px;\npadding:30px 30px 30px 30px;\nbackground-color:#ffffff;\n}\n<\/style>\n<div  class='flex_column av-50us3hj-3c5826fc23c8cc1010488521029c1c93 av_two_third  avia-builder-el-4  el_before_av_one_third  avia-builder-el-first  first no_margin flex_column_table_cell av-equal-height-column av-align-top  '     ><p>\n<style type=\"text\/css\" data-created_by=\"avia_inline_auto\" id=\"style-css-av-4d9noiv-4607f6ebc213029a217acea8a5163884\">\n#top .av-special-heading.av-4d9noiv-4607f6ebc213029a217acea8a5163884{\npadding-bottom:10px;\n}\nbody .av-special-heading.av-4d9noiv-4607f6ebc213029a217acea8a5163884 .av-special-heading-tag .heading-char{\nfont-size:25px;\n}\n.av-special-heading.av-4d9noiv-4607f6ebc213029a217acea8a5163884 .av-subheading{\nfont-size:15px;\n}\n<\/style>\n<div  class='av-special-heading av-4d9noiv-4607f6ebc213029a217acea8a5163884 av-special-heading-h2 blockquote modern-quote  avia-builder-el-5  el_before_av_textblock  avia-builder-el-first '><h2 class='av-special-heading-tag'  itemprop=\"headline\"  >TUOTANTOKAPASITEETTI<\/h2><div class=\"special-heading-border\"><div class=\"special-heading-inner-border\"><\/div><\/div><\/div><br \/>\n<section  class='av_textblock_section av-3v4cqfb-f4dfb301dca82c59a3785cf1d250541e '   itemscope=\"itemscope\" itemtype=\"https:\/\/schema.org\/CreativeWork\" ><div class='avia_textblock'  itemprop=\"text\" ><p><strong>Katkaisu<\/strong><br \/>\nMax materiaalin halkaisija = 240 mm<\/p>\n<p><strong>Hitsaus<br \/>\n<\/strong>Mig\/Tig<\/p>\n<p><strong>Nosturi<\/strong><br \/>\nMax kantavuus\u00a0= 5 tonnia<br \/>\nMax pituus = 5 mm<\/p>\n<\/div><\/section><br \/>\n<div  class='avia-button-wrap av-3ayy6yv-7d8786e965992174c807ded23667ee5b-wrap avia-button-left  avia-builder-el-7  el_after_av_textblock  el_before_av_button '><a href='https:\/\/hanval.ee\/fi\/sorvaus\/'  class='avia-button av-3ayy6yv-7d8786e965992174c807ded23667ee5b av-link-btn avia-icon_select-no avia-size-large avia-position-left avia-color-theme-color'  target=\"_blank\"  rel=\"noopener noreferrer\" ><span class='avia_iconbox_title' >SORVAUS<\/span><\/a><\/div><br \/>\n<div  class='avia-button-wrap av-2xcnqav-7b3362b2aaac35a8a182bf47ab2c10c6-wrap avia-button-left  avia-builder-el-8  el_after_av_button  el_before_av_image '><a href='https:\/\/hanval.ee\/fi\/jyrsinta\/'  class='avia-button av-2xcnqav-7b3362b2aaac35a8a182bf47ab2c10c6 av-link-btn avia-icon_select-no avia-size-large avia-position-left avia-color-theme-color'  target=\"_blank\"  rel=\"noopener noreferrer\" ><span class='avia_iconbox_title' >JYRSINT\u00c4<\/span><\/a><\/div><br \/>\n\n<style type=\"text\/css\" data-created_by=\"avia_inline_auto\" id=\"style-css-av-2g8bsvb-8f2d160c0a676d494a25a9a642d1c800\">\n.avia-image-container.av-2g8bsvb-8f2d160c0a676d494a25a9a642d1c800 img.avia_image{\nbox-shadow:none;\n}\n.avia-image-container.av-2g8bsvb-8f2d160c0a676d494a25a9a642d1c800 .av-image-caption-overlay-center{\ncolor:#ffffff;\n}\n<\/style>\n<div  class='avia-image-container av-2g8bsvb-8f2d160c0a676d494a25a9a642d1c800 av-styling- avia-align-center  avia-builder-el-9  el_after_av_button  avia-builder-el-last '   itemprop=\"image\" itemscope=\"itemscope\" itemtype=\"https:\/\/schema.org\/ImageObject\" ><div class=\"avia-image-container-inner\"><div class=\"avia-image-overlay-wrap\"><img decoding=\"async\" fetchpriority=\"high\" class='wp-image-12342 avia-img-lazy-loading-not-12342 avia_image ' src=\"https:\/\/hanval.ee\/wp-content\/uploads\/2024\/04\/Hanval-Metall-16.jpg\" alt='' title='Hanval Metall (16)'  height=\"1200\" width=\"1800\"  itemprop=\"thumbnailUrl\" srcset=\"https:\/\/hanval.ee\/wp-content\/uploads\/2024\/04\/Hanval-Metall-16.jpg 1800w, https:\/\/hanval.ee\/wp-content\/uploads\/2024\/04\/Hanval-Metall-16-300x200.jpg 300w, https:\/\/hanval.ee\/wp-content\/uploads\/2024\/04\/Hanval-Metall-16-1030x687.jpg 1030w, https:\/\/hanval.ee\/wp-content\/uploads\/2024\/04\/Hanval-Metall-16-768x512.jpg 768w, https:\/\/hanval.ee\/wp-content\/uploads\/2024\/04\/Hanval-Metall-16-1536x1024.jpg 1536w, https:\/\/hanval.ee\/wp-content\/uploads\/2024\/04\/Hanval-Metall-16-1500x1000.jpg 1500w, https:\/\/hanval.ee\/wp-content\/uploads\/2024\/04\/Hanval-Metall-16-705x470.jpg 705w\" sizes=\"(max-width: 1800px) 100vw, 1800px\" \/><\/div><\/div><\/div><\/p><\/div>\n<style type=\"text\/css\" data-created_by=\"avia_inline_auto\" id=\"style-css-av-7dua4n-414f7f2b792599e124c5a26cbd61eb84\">\n#top .flex_column_table.av-equal-height-column-flextable.av-7dua4n-414f7f2b792599e124c5a26cbd61eb84{\nmargin-bottom:0px;\n}\n.flex_column.av-7dua4n-414f7f2b792599e124c5a26cbd61eb84{\nborder-radius:0px 0px 0px 0px;\npadding:30px 30px 30px 30px;\nbackground-color:#f0f0f0;\n}\n<\/style>\n<div  class='flex_column av-7dua4n-414f7f2b792599e124c5a26cbd61eb84 av_one_third  avia-builder-el-10  el_after_av_two_third  avia-builder-el-last  no_margin flex_column_table_cell av-equal-height-column av-align-top  '     ><p>\n<style type=\"text\/css\" data-created_by=\"avia_inline_auto\" id=\"style-css-av-1foujrb-23a7b0c6546f3e4f9840d4093c60c9fe\">\n#top .av-special-heading.av-1foujrb-23a7b0c6546f3e4f9840d4093c60c9fe{\npadding-bottom:10px;\n}\nbody .av-special-heading.av-1foujrb-23a7b0c6546f3e4f9840d4093c60c9fe .av-special-heading-tag .heading-char{\nfont-size:25px;\n}\n.av-special-heading.av-1foujrb-23a7b0c6546f3e4f9840d4093c60c9fe .av-subheading{\nfont-size:15px;\n}\n<\/style>\n<div  class='av-special-heading av-1foujrb-23a7b0c6546f3e4f9840d4093c60c9fe av-special-heading-h2 blockquote modern-quote  avia-builder-el-11  el_before_av_textblock  avia-builder-el-first '><h2 class='av-special-heading-tag'  itemprop=\"headline\"  >YHTEYSTIEDOT<\/h2><div class=\"special-heading-border\"><div class=\"special-heading-inner-border\"><\/div><\/div><\/div><br \/>\n<section  class='av_textblock_section av-lmkbukxi-f0f7c771889c1de5ced756731641d5bf '   itemscope=\"itemscope\" itemtype=\"https:\/\/schema.org\/CreativeWork\" ><div class='avia_textblock'  itemprop=\"text\" ><blockquote>\n<p>Myyntiosasto<br \/>\nPuhelin: +372 51 41 100<br \/>\nS\u00e4hk\u00f6postiosoite: <a href=\"mailto:inquiry@hanval.ee\">inquiry@hanval.ee<\/a><\/p>\n<\/blockquote>\n<hr \/>\n\n<div class=\"wpcf7 no-js\" id=\"wpcf7-f12307-o1\" lang=\"et\" dir=\"ltr\" data-wpcf7-id=\"12307\">\n<div class=\"screen-reader-response\"><p role=\"status\" aria-live=\"polite\" aria-atomic=\"true\"><\/p> <ul><\/ul><\/div>\n<form action=\"\/fi\/wp-json\/wp\/v2\/pages\/12311#wpcf7-f12307-o1\" method=\"post\" class=\"wpcf7-form init\" aria-label=\"Contact form\" novalidate=\"novalidate\" data-status=\"init\">\n<fieldset class=\"hidden-fields-container\"><input type=\"hidden\" name=\"_wpcf7\" value=\"12307\" \/><input type=\"hidden\" name=\"_wpcf7_version\" value=\"6.1.4\" \/><input type=\"hidden\" name=\"_wpcf7_locale\" value=\"et\" \/><input type=\"hidden\" name=\"_wpcf7_unit_tag\" value=\"wpcf7-f12307-o1\" \/><input type=\"hidden\" name=\"_wpcf7_container_post\" value=\"0\" \/><input type=\"hidden\" name=\"_wpcf7_posted_data_hash\" value=\"\" \/><input type=\"hidden\" name=\"_wpcf7_recaptcha_response\" value=\"\" \/>\n<\/fieldset>\n<p><span class=\"wpcf7-form-control-wrap\" data-name=\"text-417\"><input size=\"40\" maxlength=\"400\" class=\"wpcf7-form-control wpcf7-text wpcf7-validates-as-required\" aria-required=\"true\" aria-invalid=\"false\" placeholder=\"Nimi (pakollinen)\" value=\"\" type=\"text\" name=\"text-417\" \/><\/span>\n<\/p>\n<p><span class=\"wpcf7-form-control-wrap\" data-name=\"text-807\"><input size=\"40\" maxlength=\"400\" class=\"wpcf7-form-control wpcf7-text\" aria-invalid=\"false\" placeholder=\"Puhelin\" value=\"\" type=\"text\" name=\"text-807\" \/><\/span>\n<\/p>\n<p><span class=\"wpcf7-form-control-wrap\" data-name=\"your-email\"><input size=\"40\" maxlength=\"400\" class=\"wpcf7-form-control wpcf7-email wpcf7-validates-as-required wpcf7-text wpcf7-validates-as-email\" aria-required=\"true\" aria-invalid=\"false\" placeholder=\"S\u00e4hk\u00f6postiosoite (pakollinen)\" value=\"\" type=\"email\" name=\"your-email\" \/><\/span>\n<\/p>\n<p><span class=\"wpcf7-form-control-wrap\" data-name=\"your-message\"><textarea cols=\"40\" rows=\"10\" maxlength=\"2000\" class=\"wpcf7-form-control wpcf7-textarea\" aria-invalid=\"false\" placeholder=\"Viesti\" name=\"your-message\"><\/textarea><\/span>\n<\/p>\n<p><input class=\"wpcf7-form-control wpcf7-submit has-spinner\" type=\"submit\" value=\"L\u00e4het\u00e4\" \/>\n<\/p><div class=\"wpcf7-response-output\" aria-hidden=\"true\"><\/div>\n<\/form>\n<\/div>\n\n<\/div><\/section><\/p><\/div><\/div><!--close column table wrapper. Autoclose: 1 --><\/div><\/div><\/div><!-- close content main div --><\/div><\/div><div id='av_section_3'  class='avia-section av-1afa4qv-856c48a66cfc249d800ad5acd2c4945f main_color avia-section-default avia-no-shadow  avia-builder-el-13  el_after_av_section  avia-builder-el-last  avia-bg-style-scroll container_wrap fullsize'  ><div class='container av-section-cont-open' ><div class='template-page content  av-content-full alpha units'><div class='post-entry post-entry-type-page post-entry-12311'><div class='entry-content-wrapper clearfix'>\n<div  class='avia-button-wrap avia-button-center  avia-builder-el-14  avia-builder-el-no-sibling '>\n<style type=\"text\/css\" data-created_by=\"avia_inline_auto\" id=\"style-css-av-pqnag7-3fbe6ee02be5e55e340ade2370a7f283\">\n#top #wrap_all .avia-button.av-pqnag7-3fbe6ee02be5e55e340ade2370a7f283{\ncolor:#ffffff;\ntransition:all 0.4s ease-in-out;\n}\n#top #wrap_all .avia-button.av-pqnag7-3fbe6ee02be5e55e340ade2370a7f283:hover{\ncolor:#ffffff;\ntransition:all 0.4s ease-in-out;\n}\n<\/style>\n<a href='https:\/\/hanval.ee\/contact\/' class='avia-color-theme-color avia-button avia-button-fullwidth av-pqnag7-3fbe6ee02be5e55e340ade2370a7f283 avia-icon_select-no avia-color-theme-color'  ><span class='avia_iconbox_title' >Tarvitsetteko lis\u00e4tietoja tai haluatteko tarjouksen? Ottakaa meihin yhteytt\u00e4!<\/span><span class='avia_button_background avia-button avia-button-fullwidth avia-color-theme-color'><\/span><\/a><\/div>\n<\/p>\n","protected":false},"excerpt":{"rendered":"","protected":false},"author":1,"featured_media":0,"parent":0,"menu_order":2,"comment_status":"closed","ping_status":"closed","template":"","meta":{"_monsterinsights_skip_tracking":false,"_monsterinsights_sitenote_active":false,"_monsterinsights_sitenote_note":"","_monsterinsights_sitenote_category":0,"footnotes":"","_wp_rev_ctl_limit":""},"class_list":["post-12311","page","type-page","status-publish","hentry"],"yoast_head":"<!-- This site is optimized with the Yoast SEO plugin v26.9 - https:\/\/yoast.com\/product\/yoast-seo-wordpress\/ -->\n<title>Tuotanto - Hanval Metall O\u00dc<\/title>\n<meta name=\"robots\" content=\"index, follow, max-snippet:-1, max-image-preview:large, max-video-preview:-1\" \/>\n<link rel=\"canonical\" href=\"https:\/\/hanval.ee\/fi\/tuotanto\/\" \/>\n<meta property=\"og:locale\" content=\"fi_FI\" \/>\n<meta property=\"og:type\" content=\"article\" \/>\n<meta property=\"og:title\" content=\"Tuotanto - Hanval Metall O\u00dc\" \/>\n<meta property=\"og:url\" content=\"https:\/\/hanval.ee\/fi\/tuotanto\/\" \/>\n<meta property=\"og:site_name\" content=\"Hanval Metall O\u00dc\" \/>\n<meta property=\"article:publisher\" content=\"https:\/\/www.facebook.com\/HanvalMetall\" \/>\n<meta property=\"article:modified_time\" content=\"2024-05-01T18:19:17+00:00\" \/>\n<meta name=\"twitter:card\" content=\"summary_large_image\" \/>\n<meta name=\"twitter:label1\" content=\"Arvioitu lukuaika\" \/>\n\t<meta name=\"twitter:data1\" content=\"1 minuutti\" \/>\n<script type=\"application\/ld+json\" class=\"yoast-schema-graph\">{\"@context\":\"https:\/\/schema.org\",\"@graph\":[{\"@type\":\"WebPage\",\"@id\":\"https:\/\/hanval.ee\/fi\/tuotanto\/\",\"url\":\"https:\/\/hanval.ee\/fi\/tuotanto\/\",\"name\":\"Tuotanto - Hanval Metall O\u00dc\",\"isPartOf\":{\"@id\":\"https:\/\/hanval.ee\/fi\/#website\"},\"datePublished\":\"2024-05-01T18:05:27+00:00\",\"dateModified\":\"2024-05-01T18:19:17+00:00\",\"breadcrumb\":{\"@id\":\"https:\/\/hanval.ee\/fi\/tuotanto\/#breadcrumb\"},\"inLanguage\":\"fi\",\"potentialAction\":[{\"@type\":\"ReadAction\",\"target\":[\"https:\/\/hanval.ee\/fi\/tuotanto\/\"]}]},{\"@type\":\"BreadcrumbList\",\"@id\":\"https:\/\/hanval.ee\/fi\/tuotanto\/#breadcrumb\",\"itemListElement\":[{\"@type\":\"ListItem\",\"position\":1,\"name\":\"Home\",\"item\":\"https:\/\/hanval.ee\/fi\/home\/\"},{\"@type\":\"ListItem\",\"position\":2,\"name\":\"Tuotanto\"}]},{\"@type\":\"WebSite\",\"@id\":\"https:\/\/hanval.ee\/fi\/#website\",\"url\":\"https:\/\/hanval.ee\/fi\/\",\"name\":\"Hanval Metall O\u00dc\",\"description\":\"Metal Works\",\"publisher\":{\"@id\":\"https:\/\/hanval.ee\/fi\/#organization\"},\"potentialAction\":[{\"@type\":\"SearchAction\",\"target\":{\"@type\":\"EntryPoint\",\"urlTemplate\":\"https:\/\/hanval.ee\/fi\/?s={search_term_string}\"},\"query-input\":{\"@type\":\"PropertyValueSpecification\",\"valueRequired\":true,\"valueName\":\"search_term_string\"}}],\"inLanguage\":\"fi\"},{\"@type\":\"Organization\",\"@id\":\"https:\/\/hanval.ee\/fi\/#organization\",\"name\":\"Hanval Metall O\u00dc\",\"url\":\"https:\/\/hanval.ee\/fi\/\",\"logo\":{\"@type\":\"ImageObject\",\"inLanguage\":\"fi\",\"@id\":\"https:\/\/hanval.ee\/fi\/#\/schema\/logo\/image\/\",\"url\":\"https:\/\/hanval.ee\/wp-content\/uploads\/2015\/11\/logo.png\",\"contentUrl\":\"https:\/\/hanval.ee\/wp-content\/uploads\/2015\/11\/logo.png\",\"width\":409,\"height\":156,\"caption\":\"Hanval Metall O\u00dc\"},\"image\":{\"@id\":\"https:\/\/hanval.ee\/fi\/#\/schema\/logo\/image\/\"},\"sameAs\":[\"https:\/\/www.facebook.com\/HanvalMetall\",\"https:\/\/www.linkedin.com\/company\/hanval-metall-o\/\"]}]}<\/script>\n<!-- \/ Yoast SEO plugin. -->","yoast_head_json":{"title":"Tuotanto - Hanval Metall O\u00dc","robots":{"index":"index","follow":"follow","max-snippet":"max-snippet:-1","max-image-preview":"max-image-preview:large","max-video-preview":"max-video-preview:-1"},"canonical":"https:\/\/hanval.ee\/fi\/tuotanto\/","og_locale":"fi_FI","og_type":"article","og_title":"Tuotanto - Hanval Metall O\u00dc","og_url":"https:\/\/hanval.ee\/fi\/tuotanto\/","og_site_name":"Hanval Metall O\u00dc","article_publisher":"https:\/\/www.facebook.com\/HanvalMetall","article_modified_time":"2024-05-01T18:19:17+00:00","twitter_card":"summary_large_image","twitter_misc":{"Arvioitu lukuaika":"1 minuutti"},"schema":{"@context":"https:\/\/schema.org","@graph":[{"@type":"WebPage","@id":"https:\/\/hanval.ee\/fi\/tuotanto\/","url":"https:\/\/hanval.ee\/fi\/tuotanto\/","name":"Tuotanto - Hanval Metall O\u00dc","isPartOf":{"@id":"https:\/\/hanval.ee\/fi\/#website"},"datePublished":"2024-05-01T18:05:27+00:00","dateModified":"2024-05-01T18:19:17+00:00","breadcrumb":{"@id":"https:\/\/hanval.ee\/fi\/tuotanto\/#breadcrumb"},"inLanguage":"fi","potentialAction":[{"@type":"ReadAction","target":["https:\/\/hanval.ee\/fi\/tuotanto\/"]}]},{"@type":"BreadcrumbList","@id":"https:\/\/hanval.ee\/fi\/tuotanto\/#breadcrumb","itemListElement":[{"@type":"ListItem","position":1,"name":"Home","item":"https:\/\/hanval.ee\/fi\/home\/"},{"@type":"ListItem","position":2,"name":"Tuotanto"}]},{"@type":"WebSite","@id":"https:\/\/hanval.ee\/fi\/#website","url":"https:\/\/hanval.ee\/fi\/","name":"Hanval Metall O\u00dc","description":"Metal Works","publisher":{"@id":"https:\/\/hanval.ee\/fi\/#organization"},"potentialAction":[{"@type":"SearchAction","target":{"@type":"EntryPoint","urlTemplate":"https:\/\/hanval.ee\/fi\/?s={search_term_string}"},"query-input":{"@type":"PropertyValueSpecification","valueRequired":true,"valueName":"search_term_string"}}],"inLanguage":"fi"},{"@type":"Organization","@id":"https:\/\/hanval.ee\/fi\/#organization","name":"Hanval Metall O\u00dc","url":"https:\/\/hanval.ee\/fi\/","logo":{"@type":"ImageObject","inLanguage":"fi","@id":"https:\/\/hanval.ee\/fi\/#\/schema\/logo\/image\/","url":"https:\/\/hanval.ee\/wp-content\/uploads\/2015\/11\/logo.png","contentUrl":"https:\/\/hanval.ee\/wp-content\/uploads\/2015\/11\/logo.png","width":409,"height":156,"caption":"Hanval Metall O\u00dc"},"image":{"@id":"https:\/\/hanval.ee\/fi\/#\/schema\/logo\/image\/"},"sameAs":["https:\/\/www.facebook.com\/HanvalMetall","https:\/\/www.linkedin.com\/company\/hanval-metall-o\/"]}]}},"_links":{"self":[{"href":"https:\/\/hanval.ee\/fi\/wp-json\/wp\/v2\/pages\/12311","targetHints":{"allow":["GET"]}}],"collection":[{"href":"https:\/\/hanval.ee\/fi\/wp-json\/wp\/v2\/pages"}],"about":[{"href":"https:\/\/hanval.ee\/fi\/wp-json\/wp\/v2\/types\/page"}],"author":[{"embeddable":true,"href":"https:\/\/hanval.ee\/fi\/wp-json\/wp\/v2\/users\/1"}],"replies":[{"embeddable":true,"href":"https:\/\/hanval.ee\/fi\/wp-json\/wp\/v2\/comments?post=12311"}],"version-history":[{"count":3,"href":"https:\/\/hanval.ee\/fi\/wp-json\/wp\/v2\/pages\/12311\/revisions"}],"predecessor-version":[{"id":12352,"href":"https:\/\/hanval.ee\/fi\/wp-json\/wp\/v2\/pages\/12311\/revisions\/12352"}],"wp:attachment":[{"href":"https:\/\/hanval.ee\/fi\/wp-json\/wp\/v2\/media?parent=12311"}],"curies":[{"name":"wp","href":"https:\/\/api.w.org\/{rel}","templated":true}]}}