{"id":12317,"date":"2024-05-01T21:07:27","date_gmt":"2024-05-01T18:07:27","guid":{"rendered":"https:\/\/hanval.ee\/sorvaus\/"},"modified":"2026-04-09T14:08:57","modified_gmt":"2026-04-09T11:08:57","slug":"sorvaus","status":"publish","type":"page","link":"https:\/\/hanval.ee\/fi\/sorvaus\/","title":{"rendered":"SORVAUS"},"content":{"rendered":"\n<style type=\"text\/css\" data-created_by=\"avia_inline_auto\" id=\"style-css-av-5x0jmga-5a53ba244ea431ea27517b0cfc8a0259\">\n.avia-section.av-5x0jmga-5a53ba244ea431ea27517b0cfc8a0259{\nbackground-repeat:no-repeat;\nbackground-image:url(https:\/\/hanval.ee\/wp-content\/uploads\/2024\/04\/Hanval-Metall-23.jpg);\nbackground-position:100% 100%;\nbackground-attachment:fixed;\n}\n.avia-section.av-5x0jmga-5a53ba244ea431ea27517b0cfc8a0259 .av-section-color-overlay{\nopacity:0.5;\nbackground-color:#0a0a0a;\n}\n<\/style>\n<div id='av_section_1'  class='avia-section av-5x0jmga-5a53ba244ea431ea27517b0cfc8a0259 main_color avia-section-large avia-no-shadow  avia-builder-el-0  el_before_av_section  avia-builder-el-first  avia-full-stretch avia-bg-style-fixed av-section-color-overlay-active container_wrap fullsize'  data-section-bg-repeat='stretch'><div class=\"av-section-color-overlay-wrap\"><div class=\"av-section-color-overlay\"><\/div><div class='container av-section-cont-open' ><main  role=\"main\" itemprop=\"mainContentOfPage\"  class='template-page content  av-content-full alpha units'><div class='post-entry post-entry-type-page post-entry-12317'><div class='entry-content-wrapper clearfix'>\n\n<style type=\"text\/css\" data-created_by=\"avia_inline_auto\" id=\"style-css-av-5e7q1yi-fb301a2e8e37a1883665ad9a7990af7f\">\n#top .av-special-heading.av-5e7q1yi-fb301a2e8e37a1883665ad9a7990af7f{\npadding-bottom:0;\ncolor:#ffffff;\nfont-size:50px;\n}\nbody .av-special-heading.av-5e7q1yi-fb301a2e8e37a1883665ad9a7990af7f .av-special-heading-tag .heading-char{\nfont-size:25px;\n}\n#top #wrap_all .av-special-heading.av-5e7q1yi-fb301a2e8e37a1883665ad9a7990af7f .av-special-heading-tag{\nfont-size:50px;\n}\n.av-special-heading.av-5e7q1yi-fb301a2e8e37a1883665ad9a7990af7f .special-heading-inner-border{\nborder-color:#ffffff;\n}\n.av-special-heading.av-5e7q1yi-fb301a2e8e37a1883665ad9a7990af7f .av-subheading{\nfont-size:15px;\n}\n\n@media only screen and (min-width: 480px) and (max-width: 767px){ \n#top #wrap_all .av-special-heading.av-5e7q1yi-fb301a2e8e37a1883665ad9a7990af7f .av-special-heading-tag{\nfont-size:0.8em;\n}\n}\n\n@media only screen and (max-width: 479px){ \n#top #wrap_all .av-special-heading.av-5e7q1yi-fb301a2e8e37a1883665ad9a7990af7f .av-special-heading-tag{\nfont-size:0.8em;\n}\n}\n<\/style>\n<div  class='av-special-heading av-5e7q1yi-fb301a2e8e37a1883665ad9a7990af7f av-special-heading-h3 custom-color-heading blockquote modern-quote modern-centered  avia-builder-el-1  el_before_av_hr  avia-builder-el-first  av-inherit-size'><h3 class='av-special-heading-tag'  itemprop=\"headline\"  >SORVAUS<\/h3><div class='av_custom_color av-subheading av-subheading_below'><p>P\u00e4\u00e4toimialamme on metallien mekaaninen ty\u00f6st\u00f6 CNC-koneilla.<br \/>\nTavoitteenamme on tarjota parasta laatua tuotantomarkkinoilla.<\/p>\n<\/div><div class=\"special-heading-border\"><div class=\"special-heading-inner-border\"><\/div><\/div><\/div>\n\n<style type=\"text\/css\" data-created_by=\"avia_inline_auto\" id=\"style-css-av-4u1widm-43026844308ea542995c8f476f7e4b61\">\n#top .hr.av-4u1widm-43026844308ea542995c8f476f7e4b61{\nmargin-top:30px;\nmargin-bottom:30px;\n}\n.hr.av-4u1widm-43026844308ea542995c8f476f7e4b61 .hr-inner{\nwidth:20%;\nborder-color:rgba(255,255,255,0.76);\nmax-width:45%;\n}\n.hr.av-4u1widm-43026844308ea542995c8f476f7e4b61 .av-seperator-icon{\ncolor:#ffffff;\n}\n<\/style>\n<div  class='hr av-4u1widm-43026844308ea542995c8f476f7e4b61 hr-custom  avia-builder-el-2  el_after_av_heading  avia-builder-el-last  hr-center hr-icon-yes'><span class='hr-inner inner-border-av-border-thin'><span class=\"hr-inner-style\"><\/span><\/span><span class='av-seperator-icon' aria-hidden='true' data-av_icon='\ue8bf' data-av_iconfont='entypo-fontello'><\/span><span class='hr-inner inner-border-av-border-thin'><span class=\"hr-inner-style\"><\/span><\/span><\/div>\n\n<\/div><\/div><\/main><!-- close content main element --><\/div><\/div><\/div>\n<style type=\"text\/css\" data-created_by=\"avia_inline_auto\" id=\"style-css-av-1l5ulm-abd3a4c6f8e8aa59807591aafcdc1c86\">\n.avia-section.av-1l5ulm-abd3a4c6f8e8aa59807591aafcdc1c86{\nbackground-color:#ffffff;\nbackground-image:unset;\n}\n<\/style>\n<div id='av_section_2'  class='avia-section av-1l5ulm-abd3a4c6f8e8aa59807591aafcdc1c86 main_color avia-section-small avia-no-border-styling  avia-builder-el-3  el_after_av_section  el_before_av_section  avia-bg-style-fixed container_wrap fullsize'  ><div class='container av-section-cont-open' ><div class='template-page content  av-content-full alpha units'><div class='post-entry post-entry-type-page post-entry-12317'><div class='entry-content-wrapper clearfix'>\n<div class='flex_column_table av-3szwocq-c247c1ae6d31b9d48b64bff7d7473499 sc-av_two_third av-equal-height-column-flextable'>\n<style type=\"text\/css\" data-created_by=\"avia_inline_auto\" id=\"style-css-av-3szwocq-c247c1ae6d31b9d48b64bff7d7473499\">\n#top .flex_column_table.av-equal-height-column-flextable.av-3szwocq-c247c1ae6d31b9d48b64bff7d7473499{\nmargin-bottom:0px;\n}\n.flex_column.av-3szwocq-c247c1ae6d31b9d48b64bff7d7473499{\nborder-radius:0px 0px 0px 0px;\npadding:30px 30px 30px 30px;\nbackground-color:#ffffff;\n}\n<\/style>\n<div  class='flex_column av-3szwocq-c247c1ae6d31b9d48b64bff7d7473499 av_two_third  avia-builder-el-4  el_before_av_one_third  avia-builder-el-first  first no_margin flex_column_table_cell av-equal-height-column av-align-top  '     ><p>\n<style type=\"text\/css\" data-created_by=\"avia_inline_auto\" id=\"style-css-av-3devx0q-8e60fc03ddc327edb03508603be709b2\">\n#top .av-special-heading.av-3devx0q-8e60fc03ddc327edb03508603be709b2{\npadding-bottom:10px;\n}\nbody .av-special-heading.av-3devx0q-8e60fc03ddc327edb03508603be709b2 .av-special-heading-tag .heading-char{\nfont-size:25px;\n}\n.av-special-heading.av-3devx0q-8e60fc03ddc327edb03508603be709b2 .av-subheading{\nfont-size:15px;\n}\n<\/style>\n<div  class='av-special-heading av-3devx0q-8e60fc03ddc327edb03508603be709b2 av-special-heading-h2 blockquote modern-quote  avia-builder-el-5  el_before_av_textblock  avia-builder-el-first '><h2 class='av-special-heading-tag'  itemprop=\"headline\"  >TUOTANTOKAPASITEETTI<\/h2><div class=\"special-heading-border\"><div class=\"special-heading-inner-border\"><\/div><\/div><\/div><br \/>\n<section  class='av_textblock_section av-34ann7u-ca6b6be0479267b650b92b5a0ce10b4d '   itemscope=\"itemscope\" itemtype=\"https:\/\/schema.org\/CreativeWork\" ><div class='avia_textblock'  itemprop=\"text\" ><p><strong>K\u00e4sittelemme hiiliter\u00e4st\u00e4, ruostumatonta ter\u00e4st\u00e4, alumiinia, messinki\u00e4, pronssia ja erilaisia muoveja.<br \/>\nKaikki materiaalit ovat sertifioituja.<\/strong><\/p>\n<p><strong>Halkaisijaltaan pienet osat (halkaisija 10 &#8211; 50 mm)<\/strong><br \/>\n\u2013 automaattisorvaus CNC-sorvilla<br \/>\n\u2013 2 tankosy\u00f6tt\u00f6laitetta\u00a01,5 m<br \/>\n\u2013 tankosy\u00f6tt\u00f6laite\u00a03 m<\/p>\n<p><strong>Halkaisijaltaan keskikokoiset osat (halkaisija 50 &#8211; 300 mm)<\/strong><br \/>\n\u2013\u00a0k\u00e4yt\u00e4mme sek\u00e4 CNC- ett\u00e4 k\u00e4sisorveja<br \/>\n\u2013\u00a0aktiiviset ty\u00f6kalut CNC-sorvissa<br \/>\n\u2013 ty\u00f6st\u00f6prosessit yhdistettyn\u00e4 CNC-jyrsint\u00e4\u00e4n<\/p>\n<p><strong>Suurikokoiset osat<\/strong><br \/>\n\u2013 suurin sorvauksen halkaisija 400 mm<\/p>\n<p><strong>Syv\u00e4poraus<\/strong><br \/>\n\u2013 porattavan rei\u00e4n suurin halkaisija 108 mm<br \/>\n\u2013 porattavan rei\u00e4n suurin syvyys 400 mm<\/p>\n<p><strong>CNC-sorvaus<\/strong><br \/>\nMax ulkohalkaisija = 400 mm<br \/>\nMax sis\u00e4halkaisija = 350 mm<br \/>\nMax pituus = 1000 mm<br \/>\nMax tankosy\u00f6tt\u00f6laitteen halkaisija = 45 mm<\/p>\n<p><strong>Poraus<\/strong><br \/>\nMax halkaisija = 35 mm<br \/>\nMax syvyys = 400 mm<\/p>\n<\/div><\/section><br \/>\n\n<style type=\"text\/css\" data-created_by=\"avia_inline_auto\" id=\"style-css-av-2h79y2y-048853440420ce8821bb885ed9bb127d\">\n.avia-image-container.av-2h79y2y-048853440420ce8821bb885ed9bb127d img.avia_image{\nbox-shadow:none;\n}\n.avia-image-container.av-2h79y2y-048853440420ce8821bb885ed9bb127d .av-image-caption-overlay-center{\ncolor:#ffffff;\n}\n<\/style>\n<div  class='avia-image-container av-2h79y2y-048853440420ce8821bb885ed9bb127d av-styling- avia-align-center  avia-builder-el-7  el_after_av_textblock  avia-builder-el-last '   itemprop=\"image\" itemscope=\"itemscope\" itemtype=\"https:\/\/schema.org\/ImageObject\" ><div class=\"avia-image-container-inner\"><div class=\"avia-image-overlay-wrap\"><img decoding=\"async\" fetchpriority=\"high\" class='wp-image-12330 avia-img-lazy-loading-not-12330 avia_image ' src=\"https:\/\/hanval.ee\/wp-content\/uploads\/2024\/04\/Hanval-Metall-19-1030x687.jpg\" alt='' title='Hanval Metall (19)'  height=\"687\" width=\"1030\"  itemprop=\"thumbnailUrl\" srcset=\"https:\/\/hanval.ee\/wp-content\/uploads\/2024\/04\/Hanval-Metall-19-1030x687.jpg 1030w, https:\/\/hanval.ee\/wp-content\/uploads\/2024\/04\/Hanval-Metall-19-300x200.jpg 300w, https:\/\/hanval.ee\/wp-content\/uploads\/2024\/04\/Hanval-Metall-19-768x512.jpg 768w, https:\/\/hanval.ee\/wp-content\/uploads\/2024\/04\/Hanval-Metall-19-1536x1024.jpg 1536w, https:\/\/hanval.ee\/wp-content\/uploads\/2024\/04\/Hanval-Metall-19-1500x1000.jpg 1500w, https:\/\/hanval.ee\/wp-content\/uploads\/2024\/04\/Hanval-Metall-19-705x470.jpg 705w, https:\/\/hanval.ee\/wp-content\/uploads\/2024\/04\/Hanval-Metall-19.jpg 1800w\" sizes=\"(max-width: 1030px) 100vw, 1030px\" \/><\/div><\/div><\/div><\/p><\/div>\n<style type=\"text\/css\" data-created_by=\"avia_inline_auto\" id=\"style-css-av-27jinmy-0bf2703a379341db58e6f7b8cb3ebe56\">\n#top .flex_column_table.av-equal-height-column-flextable.av-27jinmy-0bf2703a379341db58e6f7b8cb3ebe56{\nmargin-bottom:0px;\n}\n.flex_column.av-27jinmy-0bf2703a379341db58e6f7b8cb3ebe56{\nborder-radius:0px 0px 0px 0px;\npadding:30px 30px 30px 30px;\nbackground-color:#f0f0f0;\n}\n<\/style>\n<div  class='flex_column av-27jinmy-0bf2703a379341db58e6f7b8cb3ebe56 av_one_third  avia-builder-el-8  el_after_av_two_third  avia-builder-el-last  no_margin flex_column_table_cell av-equal-height-column av-align-top  '     ><p>\n<style type=\"text\/css\" data-created_by=\"avia_inline_auto\" id=\"style-css-av-1lxheay-a160ee993050a1e27de4eb859dc66e46\">\n#top .av-special-heading.av-1lxheay-a160ee993050a1e27de4eb859dc66e46{\npadding-bottom:10px;\n}\nbody .av-special-heading.av-1lxheay-a160ee993050a1e27de4eb859dc66e46 .av-special-heading-tag .heading-char{\nfont-size:25px;\n}\n.av-special-heading.av-1lxheay-a160ee993050a1e27de4eb859dc66e46 .av-subheading{\nfont-size:15px;\n}\n<\/style>\n<div  class='av-special-heading av-1lxheay-a160ee993050a1e27de4eb859dc66e46 av-special-heading-h2 blockquote modern-quote  avia-builder-el-9  el_before_av_textblock  avia-builder-el-first '><h2 class='av-special-heading-tag'  itemprop=\"headline\"  >YHTEYSTIEDOT<\/h2><div class=\"special-heading-border\"><div class=\"special-heading-inner-border\"><\/div><\/div><\/div><br \/>\n<section  class='av_textblock_section av-lnioq4np-76ef3acfea1ba36e0e982763a7b9704e '   itemscope=\"itemscope\" itemtype=\"https:\/\/schema.org\/CreativeWork\" ><div class='avia_textblock'  itemprop=\"text\" ><blockquote>\n<p>Myyntiosasto<br \/>\nPuhelin: +372 51 41 100<br \/>\nS\u00e4hk\u00f6postiosoite: <a href=\"mailto:inquiry@hanval.ee\">inquiry@hanval.ee<\/a><\/p>\n<\/blockquote>\n<hr \/>\n<p class=\"wpcf7-contact-form-not-found\"><strong>Virhe:<\/strong> Yhteydenottolomaketta ei l\u00f6ytynyt.<\/p>\n<\/div><\/section><\/p><\/div><\/div><!--close column table wrapper. Autoclose: 1 --><\/div><\/div><\/div><!-- close content main div --><\/div><\/div><div id='av_section_3'  class='avia-section av-1a76mx6-1a630c1931e8d048a0b761143a90bbc2 main_color avia-section-default avia-no-shadow  avia-builder-el-11  el_after_av_section  avia-builder-el-last  avia-bg-style-scroll container_wrap fullsize'  ><div class='container av-section-cont-open' ><div class='template-page content  av-content-full alpha units'><div class='post-entry post-entry-type-page post-entry-12317'><div class='entry-content-wrapper clearfix'>\n<div  class='avia-button-wrap avia-button-center  avia-builder-el-12  avia-builder-el-no-sibling '>\n<style type=\"text\/css\" data-created_by=\"avia_inline_auto\" id=\"style-css-av-ma19je-5bc42e9fcb51e3b9f796303272815fb2\">\n#top #wrap_all .avia-button.av-ma19je-5bc42e9fcb51e3b9f796303272815fb2{\ncolor:#ffffff;\ntransition:all 0.4s ease-in-out;\n}\n#top #wrap_all .avia-button.av-ma19je-5bc42e9fcb51e3b9f796303272815fb2:hover{\ncolor:#ffffff;\ntransition:all 0.4s ease-in-out;\n}\n<\/style>\n<a href='https:\/\/hanval.ee\/et\/contact\/' class='avia-color-theme-color avia-button avia-button-fullwidth av-ma19je-5bc42e9fcb51e3b9f796303272815fb2 avia-icon_select-no avia-color-theme-color'  ><span class='avia_iconbox_title' >Tarvitsetko lis\u00e4tietoja tai tarjouksen? Ota meihin yhteytt\u00e4!<\/span><span class='avia_button_background avia-button avia-button-fullwidth avia-color-theme-color'><\/span><\/a><\/div>\n<\/p>\n","protected":false},"excerpt":{"rendered":"","protected":false},"author":1,"featured_media":0,"parent":0,"menu_order":4,"comment_status":"closed","ping_status":"closed","template":"","meta":{"_monsterinsights_skip_tracking":false,"_monsterinsights_sitenote_active":false,"_monsterinsights_sitenote_note":"","_monsterinsights_sitenote_category":0,"footnotes":"","_wp_rev_ctl_limit":""},"class_list":["post-12317","page","type-page","status-publish","hentry"],"yoast_head":"<!-- This site is optimized with the Yoast SEO plugin v26.9 - https:\/\/yoast.com\/product\/yoast-seo-wordpress\/ -->\n<title>SORVAUS - Hanval Metall O\u00dc<\/title>\n<meta name=\"description\" content=\"K\u00e4sittelemme hiiliter\u00e4st\u00e4, ruostumatonta ter\u00e4st\u00e4, alumiinia, messinki\u00e4, pronssia ja erilaisia muoveja. Kaikki materiaalit ovat sertifioituja.\" \/>\n<meta name=\"robots\" content=\"index, follow, max-snippet:-1, max-image-preview:large, max-video-preview:-1\" \/>\n<link rel=\"canonical\" href=\"https:\/\/hanval.ee\/fi\/sorvaus\/\" \/>\n<meta property=\"og:locale\" content=\"fi_FI\" \/>\n<meta property=\"og:type\" content=\"article\" \/>\n<meta property=\"og:title\" content=\"SORVAUS - Hanval Metall O\u00dc\" \/>\n<meta property=\"og:description\" content=\"K\u00e4sittelemme hiiliter\u00e4st\u00e4, ruostumatonta ter\u00e4st\u00e4, alumiinia, messinki\u00e4, pronssia ja erilaisia muoveja. Kaikki materiaalit ovat sertifioituja.\" \/>\n<meta property=\"og:url\" content=\"https:\/\/hanval.ee\/fi\/sorvaus\/\" \/>\n<meta property=\"og:site_name\" content=\"Hanval Metall O\u00dc\" \/>\n<meta property=\"article:publisher\" content=\"https:\/\/www.facebook.com\/HanvalMetall\" \/>\n<meta property=\"article:modified_time\" content=\"2026-04-09T11:08:57+00:00\" \/>\n<meta name=\"twitter:card\" content=\"summary_large_image\" \/>\n<meta name=\"twitter:label1\" content=\"Arvioitu lukuaika\" \/>\n\t<meta name=\"twitter:data1\" content=\"2 minuuttia\" \/>\n<script type=\"application\/ld+json\" class=\"yoast-schema-graph\">{\"@context\":\"https:\/\/schema.org\",\"@graph\":[{\"@type\":\"WebPage\",\"@id\":\"https:\/\/hanval.ee\/fi\/sorvaus\/\",\"url\":\"https:\/\/hanval.ee\/fi\/sorvaus\/\",\"name\":\"SORVAUS - Hanval Metall O\u00dc\",\"isPartOf\":{\"@id\":\"https:\/\/hanval.ee\/fi\/#website\"},\"datePublished\":\"2024-05-01T18:07:27+00:00\",\"dateModified\":\"2026-04-09T11:08:57+00:00\",\"description\":\"K\u00e4sittelemme hiiliter\u00e4st\u00e4, ruostumatonta ter\u00e4st\u00e4, alumiinia, messinki\u00e4, pronssia ja erilaisia muoveja. Kaikki materiaalit ovat sertifioituja.\",\"breadcrumb\":{\"@id\":\"https:\/\/hanval.ee\/fi\/sorvaus\/#breadcrumb\"},\"inLanguage\":\"fi\",\"potentialAction\":[{\"@type\":\"ReadAction\",\"target\":[\"https:\/\/hanval.ee\/fi\/sorvaus\/\"]}]},{\"@type\":\"BreadcrumbList\",\"@id\":\"https:\/\/hanval.ee\/fi\/sorvaus\/#breadcrumb\",\"itemListElement\":[{\"@type\":\"ListItem\",\"position\":1,\"name\":\"Home\",\"item\":\"https:\/\/hanval.ee\/fi\/home\/\"},{\"@type\":\"ListItem\",\"position\":2,\"name\":\"SORVAUS\"}]},{\"@type\":\"WebSite\",\"@id\":\"https:\/\/hanval.ee\/fi\/#website\",\"url\":\"https:\/\/hanval.ee\/fi\/\",\"name\":\"Hanval Metall O\u00dc\",\"description\":\"Metal Works\",\"publisher\":{\"@id\":\"https:\/\/hanval.ee\/fi\/#organization\"},\"potentialAction\":[{\"@type\":\"SearchAction\",\"target\":{\"@type\":\"EntryPoint\",\"urlTemplate\":\"https:\/\/hanval.ee\/fi\/?s={search_term_string}\"},\"query-input\":{\"@type\":\"PropertyValueSpecification\",\"valueRequired\":true,\"valueName\":\"search_term_string\"}}],\"inLanguage\":\"fi\"},{\"@type\":\"Organization\",\"@id\":\"https:\/\/hanval.ee\/fi\/#organization\",\"name\":\"Hanval Metall O\u00dc\",\"url\":\"https:\/\/hanval.ee\/fi\/\",\"logo\":{\"@type\":\"ImageObject\",\"inLanguage\":\"fi\",\"@id\":\"https:\/\/hanval.ee\/fi\/#\/schema\/logo\/image\/\",\"url\":\"https:\/\/hanval.ee\/wp-content\/uploads\/2015\/11\/logo.png\",\"contentUrl\":\"https:\/\/hanval.ee\/wp-content\/uploads\/2015\/11\/logo.png\",\"width\":409,\"height\":156,\"caption\":\"Hanval Metall O\u00dc\"},\"image\":{\"@id\":\"https:\/\/hanval.ee\/fi\/#\/schema\/logo\/image\/\"},\"sameAs\":[\"https:\/\/www.facebook.com\/HanvalMetall\",\"https:\/\/www.linkedin.com\/company\/hanval-metall-o\/\"]}]}<\/script>\n<!-- \/ Yoast SEO plugin. -->","yoast_head_json":{"title":"SORVAUS - Hanval Metall O\u00dc","description":"K\u00e4sittelemme hiiliter\u00e4st\u00e4, ruostumatonta ter\u00e4st\u00e4, alumiinia, messinki\u00e4, pronssia ja erilaisia muoveja. Kaikki materiaalit ovat sertifioituja.","robots":{"index":"index","follow":"follow","max-snippet":"max-snippet:-1","max-image-preview":"max-image-preview:large","max-video-preview":"max-video-preview:-1"},"canonical":"https:\/\/hanval.ee\/fi\/sorvaus\/","og_locale":"fi_FI","og_type":"article","og_title":"SORVAUS - Hanval Metall O\u00dc","og_description":"K\u00e4sittelemme hiiliter\u00e4st\u00e4, ruostumatonta ter\u00e4st\u00e4, alumiinia, messinki\u00e4, pronssia ja erilaisia muoveja. Kaikki materiaalit ovat sertifioituja.","og_url":"https:\/\/hanval.ee\/fi\/sorvaus\/","og_site_name":"Hanval Metall O\u00dc","article_publisher":"https:\/\/www.facebook.com\/HanvalMetall","article_modified_time":"2026-04-09T11:08:57+00:00","twitter_card":"summary_large_image","twitter_misc":{"Arvioitu lukuaika":"2 minuuttia"},"schema":{"@context":"https:\/\/schema.org","@graph":[{"@type":"WebPage","@id":"https:\/\/hanval.ee\/fi\/sorvaus\/","url":"https:\/\/hanval.ee\/fi\/sorvaus\/","name":"SORVAUS - Hanval Metall O\u00dc","isPartOf":{"@id":"https:\/\/hanval.ee\/fi\/#website"},"datePublished":"2024-05-01T18:07:27+00:00","dateModified":"2026-04-09T11:08:57+00:00","description":"K\u00e4sittelemme hiiliter\u00e4st\u00e4, ruostumatonta ter\u00e4st\u00e4, alumiinia, messinki\u00e4, pronssia ja erilaisia muoveja. Kaikki materiaalit ovat sertifioituja.","breadcrumb":{"@id":"https:\/\/hanval.ee\/fi\/sorvaus\/#breadcrumb"},"inLanguage":"fi","potentialAction":[{"@type":"ReadAction","target":["https:\/\/hanval.ee\/fi\/sorvaus\/"]}]},{"@type":"BreadcrumbList","@id":"https:\/\/hanval.ee\/fi\/sorvaus\/#breadcrumb","itemListElement":[{"@type":"ListItem","position":1,"name":"Home","item":"https:\/\/hanval.ee\/fi\/home\/"},{"@type":"ListItem","position":2,"name":"SORVAUS"}]},{"@type":"WebSite","@id":"https:\/\/hanval.ee\/fi\/#website","url":"https:\/\/hanval.ee\/fi\/","name":"Hanval Metall O\u00dc","description":"Metal Works","publisher":{"@id":"https:\/\/hanval.ee\/fi\/#organization"},"potentialAction":[{"@type":"SearchAction","target":{"@type":"EntryPoint","urlTemplate":"https:\/\/hanval.ee\/fi\/?s={search_term_string}"},"query-input":{"@type":"PropertyValueSpecification","valueRequired":true,"valueName":"search_term_string"}}],"inLanguage":"fi"},{"@type":"Organization","@id":"https:\/\/hanval.ee\/fi\/#organization","name":"Hanval Metall O\u00dc","url":"https:\/\/hanval.ee\/fi\/","logo":{"@type":"ImageObject","inLanguage":"fi","@id":"https:\/\/hanval.ee\/fi\/#\/schema\/logo\/image\/","url":"https:\/\/hanval.ee\/wp-content\/uploads\/2015\/11\/logo.png","contentUrl":"https:\/\/hanval.ee\/wp-content\/uploads\/2015\/11\/logo.png","width":409,"height":156,"caption":"Hanval Metall O\u00dc"},"image":{"@id":"https:\/\/hanval.ee\/fi\/#\/schema\/logo\/image\/"},"sameAs":["https:\/\/www.facebook.com\/HanvalMetall","https:\/\/www.linkedin.com\/company\/hanval-metall-o\/"]}]}},"_links":{"self":[{"href":"https:\/\/hanval.ee\/fi\/wp-json\/wp\/v2\/pages\/12317","targetHints":{"allow":["GET"]}}],"collection":[{"href":"https:\/\/hanval.ee\/fi\/wp-json\/wp\/v2\/pages"}],"about":[{"href":"https:\/\/hanval.ee\/fi\/wp-json\/wp\/v2\/types\/page"}],"author":[{"embeddable":true,"href":"https:\/\/hanval.ee\/fi\/wp-json\/wp\/v2\/users\/1"}],"replies":[{"embeddable":true,"href":"https:\/\/hanval.ee\/fi\/wp-json\/wp\/v2\/comments?post=12317"}],"version-history":[{"count":3,"href":"https:\/\/hanval.ee\/fi\/wp-json\/wp\/v2\/pages\/12317\/revisions"}],"predecessor-version":[{"id":12536,"href":"https:\/\/hanval.ee\/fi\/wp-json\/wp\/v2\/pages\/12317\/revisions\/12536"}],"wp:attachment":[{"href":"https:\/\/hanval.ee\/fi\/wp-json\/wp\/v2\/media?parent=12317"}],"curies":[{"name":"wp","href":"https:\/\/api.w.org\/{rel}","templated":true}]}}