{"id":12320,"date":"2024-05-01T21:10:06","date_gmt":"2024-05-01T18:10:06","guid":{"rendered":"https:\/\/hanval.ee\/jyrsinta\/"},"modified":"2024-05-01T21:10:06","modified_gmt":"2024-05-01T18:10:06","slug":"jyrsinta","status":"publish","type":"page","link":"https:\/\/hanval.ee\/fi\/jyrsinta\/","title":{"rendered":"JYRSINT\u00c4"},"content":{"rendered":"\n<style type=\"text\/css\" data-created_by=\"avia_inline_auto\" id=\"style-css-av-5r4cqg4-856d90303f6cf4ab87b643d13156b219\">\n.avia-section.av-5r4cqg4-856d90303f6cf4ab87b643d13156b219{\nbackground-repeat:no-repeat;\nbackground-image:url(https:\/\/hanval.ee\/wp-content\/uploads\/2024\/04\/Hanval-Metall-23.jpg);\nbackground-position:100% 100%;\nbackground-attachment:fixed;\n}\n.avia-section.av-5r4cqg4-856d90303f6cf4ab87b643d13156b219 .av-section-color-overlay{\nopacity:0.5;\nbackground-color:#0a0a0a;\n}\n<\/style>\n<div id='av_section_1'  class='avia-section av-5r4cqg4-856d90303f6cf4ab87b643d13156b219 main_color avia-section-large avia-no-shadow  avia-builder-el-0  el_before_av_section  avia-builder-el-first  avia-full-stretch avia-bg-style-fixed av-section-color-overlay-active container_wrap fullsize'  data-section-bg-repeat='stretch'><div class=\"av-section-color-overlay-wrap\"><div class=\"av-section-color-overlay\"><\/div><div class='container av-section-cont-open' ><main  role=\"main\" itemprop=\"mainContentOfPage\"  class='template-page content  av-content-full alpha units'><div class='post-entry post-entry-type-page post-entry-12320'><div class='entry-content-wrapper clearfix'>\n\n<style type=\"text\/css\" data-created_by=\"avia_inline_auto\" id=\"style-css-av-54riyw4-53885e34a1ee5b1b033189d9919cc1d7\">\n#top .av-special-heading.av-54riyw4-53885e34a1ee5b1b033189d9919cc1d7{\npadding-bottom:0;\ncolor:#ffffff;\nfont-size:50px;\n}\nbody .av-special-heading.av-54riyw4-53885e34a1ee5b1b033189d9919cc1d7 .av-special-heading-tag .heading-char{\nfont-size:25px;\n}\n#top #wrap_all .av-special-heading.av-54riyw4-53885e34a1ee5b1b033189d9919cc1d7 .av-special-heading-tag{\nfont-size:50px;\n}\n.av-special-heading.av-54riyw4-53885e34a1ee5b1b033189d9919cc1d7 .special-heading-inner-border{\nborder-color:#ffffff;\n}\n.av-special-heading.av-54riyw4-53885e34a1ee5b1b033189d9919cc1d7 .av-subheading{\nfont-size:15px;\n}\n\n@media only screen and (min-width: 480px) and (max-width: 767px){ \n#top #wrap_all .av-special-heading.av-54riyw4-53885e34a1ee5b1b033189d9919cc1d7 .av-special-heading-tag{\nfont-size:0.8em;\n}\n}\n\n@media only screen and (max-width: 479px){ \n#top #wrap_all .av-special-heading.av-54riyw4-53885e34a1ee5b1b033189d9919cc1d7 .av-special-heading-tag{\nfont-size:0.8em;\n}\n}\n<\/style>\n<div  class='av-special-heading av-54riyw4-53885e34a1ee5b1b033189d9919cc1d7 av-special-heading-h3 custom-color-heading blockquote modern-quote modern-centered  avia-builder-el-1  el_before_av_hr  avia-builder-el-first  av-inherit-size'><h3 class='av-special-heading-tag'  itemprop=\"headline\"  >JYRSINT\u00c4<\/h3><div class='av_custom_color av-subheading av-subheading_below'><p>P\u00e4\u00e4toimialamme on metallien mekaaninen ty\u00f6st\u00f6 CNC-koneilla.<br \/>\nTavoitteenamme on tarjota parasta laatua tuotantomarkkinoilla.<\/p>\n<\/div><div class=\"special-heading-border\"><div class=\"special-heading-inner-border\"><\/div><\/div><\/div>\n\n<style type=\"text\/css\" data-created_by=\"avia_inline_auto\" id=\"style-css-av-4r79dok-82ba3a0231dcbd61022007896c15f1d3\">\n#top .hr.av-4r79dok-82ba3a0231dcbd61022007896c15f1d3{\nmargin-top:30px;\nmargin-bottom:30px;\n}\n.hr.av-4r79dok-82ba3a0231dcbd61022007896c15f1d3 .hr-inner{\nwidth:20%;\nborder-color:rgba(255,255,255,0.76);\nmax-width:45%;\n}\n.hr.av-4r79dok-82ba3a0231dcbd61022007896c15f1d3 .av-seperator-icon{\ncolor:#ffffff;\n}\n<\/style>\n<div  class='hr av-4r79dok-82ba3a0231dcbd61022007896c15f1d3 hr-custom  avia-builder-el-2  el_after_av_heading  avia-builder-el-last  hr-center hr-icon-yes'><span class='hr-inner inner-border-av-border-thin'><span class=\"hr-inner-style\"><\/span><\/span><span class='av-seperator-icon' aria-hidden='true' data-av_icon='\ue8bf' data-av_iconfont='entypo-fontello'><\/span><span class='hr-inner inner-border-av-border-thin'><span class=\"hr-inner-style\"><\/span><\/span><\/div>\n<\/div><\/div><\/main><!-- close content main element --><\/div><\/div><\/div>\n<style type=\"text\/css\" data-created_by=\"avia_inline_auto\" id=\"style-css-av-4cl6rk4-f53700c9bc19920da81bc24c396d0bc9\">\n.avia-section.av-4cl6rk4-f53700c9bc19920da81bc24c396d0bc9{\nbackground-color:#ffffff;\nbackground-image:unset;\n}\n<\/style>\n<div id='av_section_2'  class='avia-section av-4cl6rk4-f53700c9bc19920da81bc24c396d0bc9 main_color avia-section-small avia-no-border-styling  avia-builder-el-3  el_after_av_section  el_before_av_section  avia-bg-style-fixed container_wrap fullsize'  ><div class='container av-section-cont-open' ><div class='template-page content  av-content-full alpha units'><div class='post-entry post-entry-type-page post-entry-12320'><div class='entry-content-wrapper clearfix'>\n<div class='flex_column_table av-429skec-cec8c32b492c3faa1156761dea8896ad sc-av_two_third av-equal-height-column-flextable'>\n<style type=\"text\/css\" data-created_by=\"avia_inline_auto\" id=\"style-css-av-429skec-cec8c32b492c3faa1156761dea8896ad\">\n#top .flex_column_table.av-equal-height-column-flextable.av-429skec-cec8c32b492c3faa1156761dea8896ad{\nmargin-bottom:0px;\n}\n.flex_column.av-429skec-cec8c32b492c3faa1156761dea8896ad{\nborder-radius:0px 0px 0px 0px;\npadding:30px 30px 30px 30px;\nbackground-color:#ffffff;\n}\n<\/style>\n<div  class='flex_column av-429skec-cec8c32b492c3faa1156761dea8896ad av_two_third  avia-builder-el-4  el_before_av_one_third  avia-builder-el-first  first no_margin flex_column_table_cell av-equal-height-column av-align-top  '     ><p>\n<style type=\"text\/css\" data-created_by=\"avia_inline_auto\" id=\"style-css-av-3lqh8mc-fe6816cf88cfd704a6da2919e808eb33\">\n#top .av-special-heading.av-3lqh8mc-fe6816cf88cfd704a6da2919e808eb33{\npadding-bottom:10px;\n}\nbody .av-special-heading.av-3lqh8mc-fe6816cf88cfd704a6da2919e808eb33 .av-special-heading-tag .heading-char{\nfont-size:25px;\n}\n.av-special-heading.av-3lqh8mc-fe6816cf88cfd704a6da2919e808eb33 .av-subheading{\nfont-size:15px;\n}\n<\/style>\n<div  class='av-special-heading av-3lqh8mc-fe6816cf88cfd704a6da2919e808eb33 av-special-heading-h2 blockquote modern-quote  avia-builder-el-5  el_before_av_textblock  avia-builder-el-first '><h2 class='av-special-heading-tag'  itemprop=\"headline\"  >TUOTANTOKAPASITEETTI<\/h2><div class=\"special-heading-border\"><div class=\"special-heading-inner-border\"><\/div><\/div><\/div><br \/>\n<section  class='av_textblock_section av-kzo8hfgq-2130972c864f33c0a61d7de533e2098c '   itemscope=\"itemscope\" itemtype=\"https:\/\/schema.org\/CreativeWork\" ><div class='avia_textblock'  itemprop=\"text\" ><p><strong>CNC-jyrsint\u00e4 (pystysuuntainen)<\/strong><\/p>\n<p>Ty\u00f6p\u00f6yd\u00e4n mitat (X Y Z) = 720\/460\/510 mm<br \/>\nTy\u00f6st\u00f6alue (X Y Z) = 1000 x 1000 x 1000 mm<br \/>\nMax ty\u00f6kappaleen paino = 500 kg<br \/>\n4 akselia<\/p>\n<p><strong>K\u00e4yt\u00e4mme sek\u00e4 CNC- ett\u00e4 manuaalijyrsimi\u00e4.<\/strong><\/p>\n<\/div><\/section><br \/>\n\n<style type=\"text\/css\" data-created_by=\"avia_inline_auto\" id=\"style-css-av-2xf7w78-3aedc5a1fdb3d3bea6c5d5fda0dca467\">\n.avia-image-container.av-2xf7w78-3aedc5a1fdb3d3bea6c5d5fda0dca467 img.avia_image{\nbox-shadow:none;\n}\n.avia-image-container.av-2xf7w78-3aedc5a1fdb3d3bea6c5d5fda0dca467 .av-image-caption-overlay-center{\ncolor:#ffffff;\n}\n<\/style>\n<div  class='avia-image-container av-2xf7w78-3aedc5a1fdb3d3bea6c5d5fda0dca467 av-styling- avia-align-center  avia-builder-el-7  el_after_av_textblock  avia-builder-el-last '   itemprop=\"image\" itemscope=\"itemscope\" itemtype=\"https:\/\/schema.org\/ImageObject\" ><div class=\"avia-image-container-inner\"><div class=\"avia-image-overlay-wrap\"><img decoding=\"async\" fetchpriority=\"high\" class='wp-image-12330 avia-img-lazy-loading-not-12330 avia_image ' src=\"https:\/\/hanval.ee\/wp-content\/uploads\/2024\/04\/Hanval-Metall-19-1030x687.jpg\" alt='' title='Hanval Metall (19)'  height=\"687\" width=\"1030\"  itemprop=\"thumbnailUrl\" srcset=\"https:\/\/hanval.ee\/wp-content\/uploads\/2024\/04\/Hanval-Metall-19-1030x687.jpg 1030w, https:\/\/hanval.ee\/wp-content\/uploads\/2024\/04\/Hanval-Metall-19-300x200.jpg 300w, https:\/\/hanval.ee\/wp-content\/uploads\/2024\/04\/Hanval-Metall-19-768x512.jpg 768w, https:\/\/hanval.ee\/wp-content\/uploads\/2024\/04\/Hanval-Metall-19-1536x1024.jpg 1536w, https:\/\/hanval.ee\/wp-content\/uploads\/2024\/04\/Hanval-Metall-19-1500x1000.jpg 1500w, https:\/\/hanval.ee\/wp-content\/uploads\/2024\/04\/Hanval-Metall-19-705x470.jpg 705w, https:\/\/hanval.ee\/wp-content\/uploads\/2024\/04\/Hanval-Metall-19.jpg 1800w\" sizes=\"(max-width: 1030px) 100vw, 1030px\" \/><\/div><\/div><\/div><\/p><\/div>\n<style type=\"text\/css\" data-created_by=\"avia_inline_auto\" id=\"style-css-av-2jtxv9g-bd048bfeadacee7ae016e23b2abe2df8\">\n#top .flex_column_table.av-equal-height-column-flextable.av-2jtxv9g-bd048bfeadacee7ae016e23b2abe2df8{\nmargin-bottom:0px;\n}\n.flex_column.av-2jtxv9g-bd048bfeadacee7ae016e23b2abe2df8{\nborder-radius:0px 0px 0px 0px;\npadding:30px 30px 30px 30px;\nbackground-color:#f0f0f0;\n}\n<\/style>\n<div  class='flex_column av-2jtxv9g-bd048bfeadacee7ae016e23b2abe2df8 av_one_third  avia-builder-el-8  el_after_av_two_third  avia-builder-el-last  no_margin flex_column_table_cell av-equal-height-column av-align-top  '     ><p>\n<style type=\"text\/css\" data-created_by=\"avia_inline_auto\" id=\"style-css-av-29slw84-4b91d30699d5bfe3d48c66986a1f9006\">\n#top .av-special-heading.av-29slw84-4b91d30699d5bfe3d48c66986a1f9006{\npadding-bottom:10px;\n}\nbody .av-special-heading.av-29slw84-4b91d30699d5bfe3d48c66986a1f9006 .av-special-heading-tag .heading-char{\nfont-size:25px;\n}\n.av-special-heading.av-29slw84-4b91d30699d5bfe3d48c66986a1f9006 .av-subheading{\nfont-size:15px;\n}\n<\/style>\n<div  class='av-special-heading av-29slw84-4b91d30699d5bfe3d48c66986a1f9006 av-special-heading-h2 blockquote modern-quote  avia-builder-el-9  el_before_av_textblock  avia-builder-el-first '><h2 class='av-special-heading-tag'  itemprop=\"headline\"  >YHTEYSTIEDOT<\/h2><div class=\"special-heading-border\"><div class=\"special-heading-inner-border\"><\/div><\/div><\/div><br \/>\n<section  class='av_textblock_section av-1gvh6o4-4bf6728b47edf7db388653a1b491c405 '   itemscope=\"itemscope\" itemtype=\"https:\/\/schema.org\/CreativeWork\" ><div class='avia_textblock'  itemprop=\"text\" ><blockquote>\n<p>Myyntiosasto<br \/>\nPuhelin: +372 51 41 100<br \/>\nS\u00e4hk\u00f6postiosoite: <a href=\"mailto:inquiry@hanval.ee\">inquiry@hanval.ee<\/a><\/p>\n<\/blockquote>\n<hr \/>\n<p class=\"wpcf7-contact-form-not-found\"><strong>Virhe:<\/strong> Yhteydenottolomaketta ei l\u00f6ytynyt.<\/p>\n<\/div><\/section><\/p><\/div><\/div><!--close column table wrapper. Autoclose: 1 -->\n<\/p>\n<\/div><\/div><\/div><!-- close content main div --><\/div><\/div><div id='av_section_3'  class='avia-section av-4ihfic-f1011c792797a39a4713850c631f9fb6 main_color avia-section-default avia-no-shadow  avia-builder-el-11  el_after_av_section  avia-builder-el-last  avia-bg-style-scroll container_wrap fullsize'  ><div class='container av-section-cont-open' ><div class='template-page content  av-content-full alpha units'><div class='post-entry post-entry-type-page post-entry-12320'><div class='entry-content-wrapper clearfix'>\n<div  class='avia-button-wrap avia-button-center  avia-builder-el-12  avia-builder-el-no-sibling '>\n<style type=\"text\/css\" data-created_by=\"avia_inline_auto\" id=\"style-css-av-odagec-069063b765817329abee0e92157fc5fd\">\n#top #wrap_all .avia-button.av-odagec-069063b765817329abee0e92157fc5fd{\ncolor:#ffffff;\ntransition:all 0.4s ease-in-out;\n}\n#top #wrap_all .avia-button.av-odagec-069063b765817329abee0e92157fc5fd:hover{\ncolor:#ffffff;\ntransition:all 0.4s ease-in-out;\n}\n<\/style>\n<a href='https:\/\/hanval.ee\/et\/contact\/' class='avia-color-theme-color avia-button avia-button-fullwidth av-odagec-069063b765817329abee0e92157fc5fd avia-icon_select-no avia-color-theme-color'  ><span class='avia_iconbox_title' >Tarvitsetko lis\u00e4tietoja tai tarjouksen? Ota meihin yhteytt\u00e4!<\/span><span class='avia_button_background avia-button avia-button-fullwidth avia-color-theme-color'><\/span><\/a><\/div>\n\n","protected":false},"excerpt":{"rendered":"","protected":false},"author":1,"featured_media":0,"parent":0,"menu_order":5,"comment_status":"closed","ping_status":"closed","template":"","meta":{"_monsterinsights_skip_tracking":false,"_monsterinsights_sitenote_active":false,"_monsterinsights_sitenote_note":"","_monsterinsights_sitenote_category":0,"footnotes":"","_wp_rev_ctl_limit":""},"class_list":["post-12320","page","type-page","status-publish","hentry"],"yoast_head":"<!-- This site is optimized with the Yoast SEO plugin v26.9 - https:\/\/yoast.com\/product\/yoast-seo-wordpress\/ -->\n<title>JYRSINT\u00c4 - Hanval Metall O\u00dc<\/title>\n<meta name=\"robots\" content=\"index, follow, max-snippet:-1, max-image-preview:large, max-video-preview:-1\" \/>\n<link rel=\"canonical\" href=\"https:\/\/hanval.ee\/fi\/jyrsinta\/\" \/>\n<meta property=\"og:locale\" content=\"fi_FI\" \/>\n<meta property=\"og:type\" content=\"article\" \/>\n<meta property=\"og:title\" content=\"JYRSINT\u00c4 - Hanval Metall O\u00dc\" \/>\n<meta property=\"og:url\" content=\"https:\/\/hanval.ee\/fi\/jyrsinta\/\" \/>\n<meta property=\"og:site_name\" content=\"Hanval Metall O\u00dc\" \/>\n<meta property=\"article:publisher\" content=\"https:\/\/www.facebook.com\/HanvalMetall\" \/>\n<meta name=\"twitter:card\" content=\"summary_large_image\" \/>\n<meta name=\"twitter:label1\" content=\"Arvioitu lukuaika\" \/>\n\t<meta name=\"twitter:data1\" content=\"10 minuuttia\" \/>\n<script type=\"application\/ld+json\" class=\"yoast-schema-graph\">{\"@context\":\"https:\/\/schema.org\",\"@graph\":[{\"@type\":\"WebPage\",\"@id\":\"https:\/\/hanval.ee\/fi\/jyrsinta\/\",\"url\":\"https:\/\/hanval.ee\/fi\/jyrsinta\/\",\"name\":\"JYRSINT\u00c4 - Hanval Metall O\u00dc\",\"isPartOf\":{\"@id\":\"https:\/\/hanval.ee\/fi\/#website\"},\"datePublished\":\"2024-05-01T18:10:06+00:00\",\"breadcrumb\":{\"@id\":\"https:\/\/hanval.ee\/fi\/jyrsinta\/#breadcrumb\"},\"inLanguage\":\"fi\",\"potentialAction\":[{\"@type\":\"ReadAction\",\"target\":[\"https:\/\/hanval.ee\/fi\/jyrsinta\/\"]}]},{\"@type\":\"BreadcrumbList\",\"@id\":\"https:\/\/hanval.ee\/fi\/jyrsinta\/#breadcrumb\",\"itemListElement\":[{\"@type\":\"ListItem\",\"position\":1,\"name\":\"Home\",\"item\":\"https:\/\/hanval.ee\/fi\/home\/\"},{\"@type\":\"ListItem\",\"position\":2,\"name\":\"JYRSINT\u00c4\"}]},{\"@type\":\"WebSite\",\"@id\":\"https:\/\/hanval.ee\/fi\/#website\",\"url\":\"https:\/\/hanval.ee\/fi\/\",\"name\":\"Hanval Metall O\u00dc\",\"description\":\"Metal Works\",\"publisher\":{\"@id\":\"https:\/\/hanval.ee\/fi\/#organization\"},\"potentialAction\":[{\"@type\":\"SearchAction\",\"target\":{\"@type\":\"EntryPoint\",\"urlTemplate\":\"https:\/\/hanval.ee\/fi\/?s={search_term_string}\"},\"query-input\":{\"@type\":\"PropertyValueSpecification\",\"valueRequired\":true,\"valueName\":\"search_term_string\"}}],\"inLanguage\":\"fi\"},{\"@type\":\"Organization\",\"@id\":\"https:\/\/hanval.ee\/fi\/#organization\",\"name\":\"Hanval Metall O\u00dc\",\"url\":\"https:\/\/hanval.ee\/fi\/\",\"logo\":{\"@type\":\"ImageObject\",\"inLanguage\":\"fi\",\"@id\":\"https:\/\/hanval.ee\/fi\/#\/schema\/logo\/image\/\",\"url\":\"https:\/\/hanval.ee\/wp-content\/uploads\/2015\/11\/logo.png\",\"contentUrl\":\"https:\/\/hanval.ee\/wp-content\/uploads\/2015\/11\/logo.png\",\"width\":409,\"height\":156,\"caption\":\"Hanval Metall O\u00dc\"},\"image\":{\"@id\":\"https:\/\/hanval.ee\/fi\/#\/schema\/logo\/image\/\"},\"sameAs\":[\"https:\/\/www.facebook.com\/HanvalMetall\",\"https:\/\/www.linkedin.com\/company\/hanval-metall-o\/\"]}]}<\/script>\n<!-- \/ Yoast SEO plugin. -->","yoast_head_json":{"title":"JYRSINT\u00c4 - Hanval Metall O\u00dc","robots":{"index":"index","follow":"follow","max-snippet":"max-snippet:-1","max-image-preview":"max-image-preview:large","max-video-preview":"max-video-preview:-1"},"canonical":"https:\/\/hanval.ee\/fi\/jyrsinta\/","og_locale":"fi_FI","og_type":"article","og_title":"JYRSINT\u00c4 - Hanval Metall O\u00dc","og_url":"https:\/\/hanval.ee\/fi\/jyrsinta\/","og_site_name":"Hanval Metall O\u00dc","article_publisher":"https:\/\/www.facebook.com\/HanvalMetall","twitter_card":"summary_large_image","twitter_misc":{"Arvioitu lukuaika":"10 minuuttia"},"schema":{"@context":"https:\/\/schema.org","@graph":[{"@type":"WebPage","@id":"https:\/\/hanval.ee\/fi\/jyrsinta\/","url":"https:\/\/hanval.ee\/fi\/jyrsinta\/","name":"JYRSINT\u00c4 - Hanval Metall O\u00dc","isPartOf":{"@id":"https:\/\/hanval.ee\/fi\/#website"},"datePublished":"2024-05-01T18:10:06+00:00","breadcrumb":{"@id":"https:\/\/hanval.ee\/fi\/jyrsinta\/#breadcrumb"},"inLanguage":"fi","potentialAction":[{"@type":"ReadAction","target":["https:\/\/hanval.ee\/fi\/jyrsinta\/"]}]},{"@type":"BreadcrumbList","@id":"https:\/\/hanval.ee\/fi\/jyrsinta\/#breadcrumb","itemListElement":[{"@type":"ListItem","position":1,"name":"Home","item":"https:\/\/hanval.ee\/fi\/home\/"},{"@type":"ListItem","position":2,"name":"JYRSINT\u00c4"}]},{"@type":"WebSite","@id":"https:\/\/hanval.ee\/fi\/#website","url":"https:\/\/hanval.ee\/fi\/","name":"Hanval Metall O\u00dc","description":"Metal Works","publisher":{"@id":"https:\/\/hanval.ee\/fi\/#organization"},"potentialAction":[{"@type":"SearchAction","target":{"@type":"EntryPoint","urlTemplate":"https:\/\/hanval.ee\/fi\/?s={search_term_string}"},"query-input":{"@type":"PropertyValueSpecification","valueRequired":true,"valueName":"search_term_string"}}],"inLanguage":"fi"},{"@type":"Organization","@id":"https:\/\/hanval.ee\/fi\/#organization","name":"Hanval Metall O\u00dc","url":"https:\/\/hanval.ee\/fi\/","logo":{"@type":"ImageObject","inLanguage":"fi","@id":"https:\/\/hanval.ee\/fi\/#\/schema\/logo\/image\/","url":"https:\/\/hanval.ee\/wp-content\/uploads\/2015\/11\/logo.png","contentUrl":"https:\/\/hanval.ee\/wp-content\/uploads\/2015\/11\/logo.png","width":409,"height":156,"caption":"Hanval Metall O\u00dc"},"image":{"@id":"https:\/\/hanval.ee\/fi\/#\/schema\/logo\/image\/"},"sameAs":["https:\/\/www.facebook.com\/HanvalMetall","https:\/\/www.linkedin.com\/company\/hanval-metall-o\/"]}]}},"_links":{"self":[{"href":"https:\/\/hanval.ee\/fi\/wp-json\/wp\/v2\/pages\/12320","targetHints":{"allow":["GET"]}}],"collection":[{"href":"https:\/\/hanval.ee\/fi\/wp-json\/wp\/v2\/pages"}],"about":[{"href":"https:\/\/hanval.ee\/fi\/wp-json\/wp\/v2\/types\/page"}],"author":[{"embeddable":true,"href":"https:\/\/hanval.ee\/fi\/wp-json\/wp\/v2\/users\/1"}],"replies":[{"embeddable":true,"href":"https:\/\/hanval.ee\/fi\/wp-json\/wp\/v2\/comments?post=12320"}],"version-history":[{"count":2,"href":"https:\/\/hanval.ee\/fi\/wp-json\/wp\/v2\/pages\/12320\/revisions"}],"predecessor-version":[{"id":12322,"href":"https:\/\/hanval.ee\/fi\/wp-json\/wp\/v2\/pages\/12320\/revisions\/12322"}],"wp:attachment":[{"href":"https:\/\/hanval.ee\/fi\/wp-json\/wp\/v2\/media?parent=12320"}],"curies":[{"name":"wp","href":"https:\/\/api.w.org\/{rel}","templated":true}]}}