{"id":12348,"date":"2024-05-01T21:16:16","date_gmt":"2024-05-01T18:16:16","guid":{"rendered":"https:\/\/hanval.ee\/yhteystiedot\/"},"modified":"2026-02-04T13:18:54","modified_gmt":"2026-02-04T11:18:54","slug":"yhteystiedot","status":"publish","type":"page","link":"https:\/\/hanval.ee\/fi\/yhteystiedot\/","title":{"rendered":"Yhteystiedot"},"content":{"rendered":"\n<style type=\"text\/css\" data-created_by=\"avia_inline_auto\" id=\"style-css-av-ciuk7wa-d98a55a0708b0ad4659804843f51a40b\">\n.avia-section.av-ciuk7wa-d98a55a0708b0ad4659804843f51a40b{\nbackground-repeat:no-repeat;\nbackground-image:url(https:\/\/hanval.ee\/wp-content\/uploads\/2024\/04\/Hanval-Metall-06.jpg);\nbackground-position:50% 100%;\nbackground-attachment:fixed;\n}\n.avia-section.av-ciuk7wa-d98a55a0708b0ad4659804843f51a40b .av-section-color-overlay{\nopacity:0.5;\nbackground-color:#0a0a0a;\n}\n<\/style>\n<div id='av_section_1'  class='avia-section av-ciuk7wa-d98a55a0708b0ad4659804843f51a40b main_color avia-section-large avia-no-shadow  avia-builder-el-0  el_before_av_section  avia-builder-el-first  avia-full-stretch avia-bg-style-fixed av-section-color-overlay-active container_wrap fullsize'  data-section-bg-repeat='stretch'><div class=\"av-section-color-overlay-wrap\"><div class=\"av-section-color-overlay\"><\/div><div class='container av-section-cont-open' ><main  role=\"main\" itemprop=\"mainContentOfPage\"  class='template-page content  av-content-full alpha units'><div class='post-entry post-entry-type-page post-entry-12348'><div class='entry-content-wrapper clearfix'>\n\n<style type=\"text\/css\" data-created_by=\"avia_inline_auto\" id=\"style-css-av-17w2iuy-4dc18a30e9d551b1bca0846d69f815b9\">\n#top .av-special-heading.av-17w2iuy-4dc18a30e9d551b1bca0846d69f815b9{\npadding-bottom:0;\ncolor:#ffffff;\nfont-size:50px;\n}\nbody .av-special-heading.av-17w2iuy-4dc18a30e9d551b1bca0846d69f815b9 .av-special-heading-tag .heading-char{\nfont-size:25px;\n}\n#top #wrap_all .av-special-heading.av-17w2iuy-4dc18a30e9d551b1bca0846d69f815b9 .av-special-heading-tag{\nfont-size:50px;\n}\n.av-special-heading.av-17w2iuy-4dc18a30e9d551b1bca0846d69f815b9 .special-heading-inner-border{\nborder-color:#ffffff;\n}\n.av-special-heading.av-17w2iuy-4dc18a30e9d551b1bca0846d69f815b9 .av-subheading{\nfont-size:15px;\n}\n\n@media only screen and (min-width: 480px) and (max-width: 767px){ \n#top #wrap_all .av-special-heading.av-17w2iuy-4dc18a30e9d551b1bca0846d69f815b9 .av-special-heading-tag{\nfont-size:0.8em;\n}\n}\n\n@media only screen and (max-width: 479px){ \n#top #wrap_all .av-special-heading.av-17w2iuy-4dc18a30e9d551b1bca0846d69f815b9 .av-special-heading-tag{\nfont-size:0.8em;\n}\n}\n<\/style>\n<div  class='av-special-heading av-17w2iuy-4dc18a30e9d551b1bca0846d69f815b9 av-special-heading-h3 custom-color-heading blockquote modern-quote modern-centered  avia-builder-el-1  el_before_av_hr  avia-builder-el-first  av-inherit-size'><h3 class='av-special-heading-tag'  itemprop=\"headline\"  >YHTEYSTIEDOT<\/h3><div class='av_custom_color av-subheading av-subheading_below'><p>P\u00e4\u00e4toimialamme on metallien mekaaninen ty\u00f6st\u00f6 CNC-koneilla.<br \/>\nTavoitteenamme on tarjota parasta laatua tuotantomarkkinoilla.<\/p>\n<\/div><div class=\"special-heading-border\"><div class=\"special-heading-inner-border\"><\/div><\/div><\/div>\n\n<style type=\"text\/css\" data-created_by=\"avia_inline_auto\" id=\"style-css-av-bl3cd22-fdec376ecf1ec8dcc19d358b55d29655\">\n#top .hr.av-bl3cd22-fdec376ecf1ec8dcc19d358b55d29655{\nmargin-top:30px;\nmargin-bottom:30px;\n}\n.hr.av-bl3cd22-fdec376ecf1ec8dcc19d358b55d29655 .hr-inner{\nwidth:20%;\nborder-color:rgba(255,255,255,0.76);\nmax-width:45%;\n}\n.hr.av-bl3cd22-fdec376ecf1ec8dcc19d358b55d29655 .av-seperator-icon{\ncolor:#ffffff;\n}\n<\/style>\n<div  class='hr av-bl3cd22-fdec376ecf1ec8dcc19d358b55d29655 hr-custom  avia-builder-el-2  el_after_av_heading  avia-builder-el-last  hr-center hr-icon-yes'><span class='hr-inner inner-border-av-border-thin'><span class=\"hr-inner-style\"><\/span><\/span><span class='av-seperator-icon' aria-hidden='true' data-av_icon='\ue8bf' data-av_iconfont='entypo-fontello'><\/span><span class='hr-inner inner-border-av-border-thin'><span class=\"hr-inner-style\"><\/span><\/span><\/div>\n\n<\/div><\/div><\/main><!-- close content main element --><\/div><\/div><\/div>\n<style type=\"text\/css\" data-created_by=\"avia_inline_auto\" id=\"style-css-av-1583g56-ff8892079c60beab805e801985cf6ac5\">\n.avia-section.av-1583g56-ff8892079c60beab805e801985cf6ac5{\nbackground-color:#f9f9f9;\nbackground-image:unset;\n}\n<\/style>\n<div id='av_section_2'  class='avia-section av-1583g56-ff8892079c60beab805e801985cf6ac5 main_color avia-section-small avia-no-shadow  avia-builder-el-3  el_after_av_section  el_before_av_section  avia-bg-style-scroll container_wrap fullsize'  ><div class='container av-section-cont-open' ><div class='template-page content  av-content-full alpha units'><div class='post-entry post-entry-type-page post-entry-12348'><div class='entry-content-wrapper clearfix'>\n<\/div><\/div><\/div><!-- close content main div --><\/div><\/div>\n<style type=\"text\/css\" data-created_by=\"avia_inline_auto\" id=\"style-css-av-apcgo7u-1f34c09033397ab11452b72559fea494\">\n.avia-section.av-apcgo7u-1f34c09033397ab11452b72559fea494{\nbackground-color:#f9f9f9;\nbackground-image:unset;\n}\n<\/style>\n<div id='av_section_3'  class='avia-section av-apcgo7u-1f34c09033397ab11452b72559fea494 main_color avia-section-small avia-no-border-styling  avia-builder-el-4  el_after_av_section  el_before_av_section  avia-bg-style-fixed container_wrap fullsize'  ><div class='container av-section-cont-open' ><div class='template-page content  av-content-full alpha units'><div class='post-entry post-entry-type-page post-entry-12348'><div class='entry-content-wrapper clearfix'>\n\n<style type=\"text\/css\" data-created_by=\"avia_inline_auto\" id=\"style-css-av-ahzthtm-e6cb4da84ed5c42bb92393c6a92529f6\">\n.flex_column.av-ahzthtm-e6cb4da84ed5c42bb92393c6a92529f6{\nborder-radius:0px 0px 0px 0px;\npadding:0px 0px 0px 0px;\nbackground-color:#f9f9f9;\n}\n<\/style>\n<div  class='flex_column av-ahzthtm-e6cb4da84ed5c42bb92393c6a92529f6 av_one_third  avia-builder-el-5  el_before_av_one_fifth  avia-builder-el-first  first flex_column_div av-zero-column-padding  '     ><section  class='av_textblock_section av-zsmu8q-d8764f20bdd5ee18d4fa2712da00ad6b '   itemscope=\"itemscope\" itemtype=\"https:\/\/schema.org\/CreativeWork\" ><div class='avia_textblock av_inherit_color'  itemprop=\"text\" ><p><strong>\u2013 Palvelun nopeuttamiseksi pyyd\u00e4mme l\u00e4hett\u00e4m\u00e4\u00e4n tiedustelut osoitteeseen <\/strong><a href=\"mailto:inquiry@hanval.ee\"><strong>inquiry@hanval.ee<\/strong><\/a><strong>.<\/strong><\/p>\n<p><strong>\u2013 Tilaukset otetaan vastaan osoitteessa <\/strong><a href=\"mailto:orders@hanval.ee\"><strong>orders@hanval.ee<\/strong><\/a><strong>.<\/strong><\/p>\n<p><strong>\u2013 Pyyd\u00e4mme l\u00e4hett\u00e4m\u00e4\u00e4n laskut osoitteeseen <\/strong><a href=\"mailto:invoices@hanval.ee\"><strong>invoices@hanval.ee<\/strong><\/a><strong>.<\/strong><\/p>\n<\/div><\/section><\/div>\n<style type=\"text\/css\" data-created_by=\"avia_inline_auto\" id=\"style-css-av-9ltte7u-71dda6e02c33823cb46f30df3219f456\">\n.flex_column.av-9ltte7u-71dda6e02c33823cb46f30df3219f456{\nborder-radius:0px 0px 0px 0px;\npadding:0px 0px 0px 0px;\n}\n<\/style>\n<div  class='flex_column av-9ltte7u-71dda6e02c33823cb46f30df3219f456 av_one_fifth  avia-builder-el-7  el_after_av_one_third  el_before_av_one_fifth  flex_column_div av-zero-column-padding  '     ><section  class='av_textblock_section av-8sp06yi-6936ac431a2ee9732f114719a5c88e30 '   itemscope=\"itemscope\" itemtype=\"https:\/\/schema.org\/CreativeWork\" ><div class='avia_textblock'  itemprop=\"text\" ><p style=\"text-align: center;\"><span style=\"color: #003366;\"><strong>Ursel Hannus<\/strong><\/span><br \/>\nToimitusjohtaja<\/p>\n<p style=\"text-align: center;\"><a href=\"mailto:ursel.hannus@hanval.ee\">ursel.hannus@hanval.ee<\/a><br \/>\n+372 51 41 100<\/p>\n<\/div><\/section><\/div>\n<style type=\"text\/css\" data-created_by=\"avia_inline_auto\" id=\"style-css-av-8nwemoq-e90257b28fc3d88277334df9b731fc70\">\n.flex_column.av-8nwemoq-e90257b28fc3d88277334df9b731fc70{\nborder-radius:0px 0px 0px 0px;\npadding:0px 0px 0px 0px;\n}\n<\/style>\n<div  class='flex_column av-8nwemoq-e90257b28fc3d88277334df9b731fc70 av_one_fifth  avia-builder-el-9  el_after_av_one_fifth  el_before_av_one_fifth  flex_column_div av-zero-column-padding  '     ><section  class='av_textblock_section av-kt8i85fk-ea460eea455f271e56380ebea2a64bdc '   itemscope=\"itemscope\" itemtype=\"https:\/\/schema.org\/CreativeWork\" ><div class='avia_textblock'  itemprop=\"text\" ><p style=\"text-align: center;\"><span style=\"color: #003366;\"><strong>Raivo Piiber<\/strong><\/span><br \/>\nMyynti-insin\u00f6\u00f6ri<\/p>\n<p style=\"text-align: center;\"><a href=\"mailto:alar.johanson@hanval.ee\">raivo.piiber@hanval.ee<\/a><br \/>\n+ 372 55 571 981<\/p>\n<\/div><\/section><\/div>\n<style type=\"text\/css\" data-created_by=\"avia_inline_auto\" id=\"style-css-av-83vpewq-f36a4c2efa837cecbed34e12bc4fc8e3\">\n.flex_column.av-83vpewq-f36a4c2efa837cecbed34e12bc4fc8e3{\nborder-radius:0px 0px 0px 0px;\npadding:0px 0px 0px 0px;\n}\n<\/style>\n<div  class='flex_column av-83vpewq-f36a4c2efa837cecbed34e12bc4fc8e3 av_one_fifth  avia-builder-el-11  el_after_av_one_fifth  avia-builder-el-last  flex_column_div av-zero-column-padding  '     ><section  class='av_textblock_section av-kt8i7vf9-f80fc398bc484fcc75e9e7471c8f52e0 '   itemscope=\"itemscope\" itemtype=\"https:\/\/schema.org\/CreativeWork\" ><div class='avia_textblock'  itemprop=\"text\" ><p style=\"text-align: center;\"><span style=\"color: #003366;\"><strong>Kati Roos<\/strong><\/span><br \/>\nOstop\u00e4\u00e4llikk\u00f6<\/p>\n<p style=\"text-align: center;\"><a href=\"mailto:ragne.jyrgens@hanval.ee\">kati.roos@hanval.ee<\/a><br \/>\n+372 51 79\u00a0 461<\/p>\n<\/div><\/section><\/div><\/div><\/div><\/div><!-- close content main div --><\/div><\/div>\n<style type=\"text\/css\" data-created_by=\"avia_inline_auto\" id=\"style-css-av-7fg5qxm-3d0dcc6128a9018071ace8c31ebc13f3\">\n.avia-section.av-7fg5qxm-3d0dcc6128a9018071ace8c31ebc13f3{\nbackground-color:#f9f9f9;\nbackground-image:unset;\n}\n<\/style>\n<div id='av_section_4'  class='avia-section av-7fg5qxm-3d0dcc6128a9018071ace8c31ebc13f3 main_color avia-section-small avia-no-border-styling  avia-builder-el-13  el_after_av_section  el_before_av_section  avia-bg-style-fixed container_wrap fullsize'  ><div class='container av-section-cont-open' ><div class='template-page content  av-content-full alpha units'><div class='post-entry post-entry-type-page post-entry-12348'><div class='entry-content-wrapper clearfix'>\n\n<style type=\"text\/css\" data-created_by=\"avia_inline_auto\" id=\"style-css-av-6ydwu4a-2467613358fd7e5efb6ac747db861591\">\n.flex_column.av-6ydwu4a-2467613358fd7e5efb6ac747db861591{\nborder-radius:0px 0px 0px 0px;\npadding:0px 0px 0px 0px;\n}\n<\/style>\n<div  class='flex_column av-6ydwu4a-2467613358fd7e5efb6ac747db861591 av_one_third  avia-builder-el-14  el_before_av_one_fifth  avia-builder-el-first  first flex_column_div av-zero-column-padding  '     ><section  class='av_textblock_section av-6uf78ey-f7893b0680d54e010928bb9be43bdfee '   itemscope=\"itemscope\" itemtype=\"https:\/\/schema.org\/CreativeWork\" ><div class='avia_textblock'  itemprop=\"text\" ><\/div><\/section><\/div>\n<style type=\"text\/css\" data-created_by=\"avia_inline_auto\" id=\"style-css-av-57t70ii-9d3b8e9f8638ea21bbdf14da5bf583bb\">\n.flex_column.av-57t70ii-9d3b8e9f8638ea21bbdf14da5bf583bb{\nborder-radius:0px 0px 0px 0px;\npadding:0px 0px 0px 0px;\n}\n<\/style>\n<div  class='flex_column av-57t70ii-9d3b8e9f8638ea21bbdf14da5bf583bb av_one_fifth  avia-builder-el-16  el_after_av_one_third  el_before_av_one_fifth  flex_column_div av-zero-column-padding  '     ><section  class='av_textblock_section av-4v1i8ca-acceaed66f7e44c9b2602b052bee3ce4 '   itemscope=\"itemscope\" itemtype=\"https:\/\/schema.org\/CreativeWork\" ><div class='avia_textblock'  itemprop=\"text\" ><p style=\"text-align: center;\"><span style=\"color: #003366;\"><b>Maiko \u0160kurin<\/b><\/span><br \/>\nKarksi-Nuian osaston mestari<\/p>\n<p style=\"text-align: center;\"><a href=\"mailto:maiko.shkurin@hanval.ee\">maiko.shkurin@hanval.ee<\/a><br \/>\n+372 56 847 273<\/p>\n<\/div><\/section><\/div>\n<style type=\"text\/css\" data-created_by=\"avia_inline_auto\" id=\"style-css-av-lv3w5n73-ad3d25e73d069c405c2d8c20f7dc5e5e\">\n.flex_column.av-lv3w5n73-ad3d25e73d069c405c2d8c20f7dc5e5e{\nborder-radius:0px 0px 0px 0px;\npadding:0px 0px 0px 0px;\n}\n<\/style>\n<div  class='flex_column av-lv3w5n73-ad3d25e73d069c405c2d8c20f7dc5e5e av_one_fifth  avia-builder-el-18  el_after_av_one_fifth  el_before_av_one_fifth  flex_column_div av-zero-column-padding  '     ><section  class='av_textblock_section av-lv3w65gz-7f3416b99269add292f9dff5e5899b80 '   itemscope=\"itemscope\" itemtype=\"https:\/\/schema.org\/CreativeWork\" ><div class='avia_textblock'  itemprop=\"text\" ><p style=\"text-align: center;\"><span style=\"color: #003366;\"><b>Inna Allik<\/b><\/span><br \/>\nViljandin osaston mestari<\/p>\n<p style=\"text-align: center;\"><a href=\"mailto:inna.allik@hanval.ee\">inna.allik@hanval.ee<\/a><\/p>\n<\/div><\/section><\/div>\n<style type=\"text\/css\" data-created_by=\"avia_inline_auto\" id=\"style-css-av-lhc76k-a24230973bb8c2c49f22550748e8d8a6\">\n.flex_column.av-lhc76k-a24230973bb8c2c49f22550748e8d8a6{\nborder-radius:0px 0px 0px 0px;\npadding:0px 0px 0px 0px;\n}\n<\/style>\n<div  class='flex_column av-lhc76k-a24230973bb8c2c49f22550748e8d8a6 av_one_fifth  avia-builder-el-20  el_after_av_one_fifth  avia-builder-el-last  flex_column_div av-zero-column-padding  '     ><section  class='av_textblock_section av-lv3w6woz-62f5ab02c09b2a45a2948d421fa3a1c2 '   itemscope=\"itemscope\" itemtype=\"https:\/\/schema.org\/CreativeWork\" ><div class='avia_textblock'  itemprop=\"text\" ><p style=\"text-align: center;\"><span style=\"color: #003366;\"><b>Sirle Anniko<\/b><\/span><br \/>\nKarksi-Nuian osaston laadunvalvonta<\/p>\n<p style=\"text-align: center;\"><a href=\"mailto:sirle.anniko@hanval.ee\">sirle.anniko@hanval.ee<\/a><br \/>\n+372 58 021 557<\/p>\n<\/div><\/section><\/div>\n<\/p>\n<\/div><\/div><\/div><!-- close content main div --><\/div><\/div>\n<style type=\"text\/css\" data-created_by=\"avia_inline_auto\" id=\"style-css-av-4dbqp4q-46b98d3b715404af303630e4069397c3\">\n.avia-section.av-4dbqp4q-46b98d3b715404af303630e4069397c3{\nbackground-color:#ffffff;\nbackground-image:unset;\n}\n<\/style>\n<div id='av_section_5'  class='avia-section av-4dbqp4q-46b98d3b715404af303630e4069397c3 main_color avia-section-default avia-no-shadow  avia-builder-el-22  el_after_av_section  el_before_av_textblock  avia-bg-style-fixed container_wrap fullsize'  ><div class='container av-section-cont-open' ><div class='template-page content  av-content-full alpha units'><div class='post-entry post-entry-type-page post-entry-12348'><div class='entry-content-wrapper clearfix'>\n\n<style type=\"text\/css\" data-created_by=\"avia_inline_auto\" id=\"style-css-av-3znjnbu-7930c5578f7a6d3110102846c001ca84\">\n.flex_column.av-3znjnbu-7930c5578f7a6d3110102846c001ca84{\nborder-radius:0px 0px 0px 0px;\npadding:0px 0px 0px 0px;\n}\n<\/style>\n<div  class='flex_column av-3znjnbu-7930c5578f7a6d3110102846c001ca84 av_one_third  avia-builder-el-23  el_before_av_three_fifth  avia-builder-el-first  first flex_column_div av-zero-column-padding  '     ><section  class='av_textblock_section av-3nm683e-3503f2913344b840531d67ae807aa166 '   itemscope=\"itemscope\" itemtype=\"https:\/\/schema.org\/CreativeWork\" ><div class='avia_textblock'  itemprop=\"text\" ><p style=\"text-align: left; padding-left: 90px;\"><strong>HANVAL METALL O\u00dc<\/strong><\/p>\n<p style=\"text-align: left; padding-left: 90px;\">Y-tunnus: 10206145<br \/>\nALV-nro: EE100233272<br \/>\nVirallinen osoite:<br \/>\nT\u00f6\u00f6stuse 1A, Karksi-Nuia, 69101<\/p>\n<\/div><\/section><br \/>\n<section  class='av_textblock_section av-37ff56i-594c8f0d9021b617e5b6f46e0d5ccf48 '   itemscope=\"itemscope\" itemtype=\"https:\/\/schema.org\/CreativeWork\" ><div class='avia_textblock'  itemprop=\"text\" ><p style=\"padding-left: 90px;\"><strong>Karksi-Nuian tuotanto-osasto<\/strong><br \/>\nLembitu pst 25, Viljandi, 71008<\/p>\n<\/div><\/section><br \/>\n<section  class='av_textblock_section av-2kx46uy-291f03dc41ef5ed3562831c7c061bf88 '   itemscope=\"itemscope\" itemtype=\"https:\/\/schema.org\/CreativeWork\" ><div class='avia_textblock'  itemprop=\"text\" ><p style=\"padding-left: 90px;\"><strong>Viljandin tuotanto-osasto<\/strong><br \/>\nLembitu pst 25, Viljandi, 71008<\/p>\n<\/div><\/section><\/p><\/div>\n<style type=\"text\/css\" data-created_by=\"avia_inline_auto\" id=\"style-css-av-23lrchm-d9682a13c82f32a04c3d4fa90f88abda\">\n.flex_column.av-23lrchm-d9682a13c82f32a04c3d4fa90f88abda{\nborder-radius:0px 0px 0px 0px;\npadding:0px 0px 0px 0px;\n}\n<\/style>\n<div  class='flex_column av-23lrchm-d9682a13c82f32a04c3d4fa90f88abda av_three_fifth  avia-builder-el-27  el_after_av_one_third  avia-builder-el-last  flex_column_div av-zero-column-padding  '     ><p>\n<style type=\"text\/css\" data-created_by=\"avia_inline_auto\" id=\"style-css-av-1syime2-86364b76a6052cc3c5bf8cd7cf1cd540\">\n#top .av-special-heading.av-1syime2-86364b76a6052cc3c5bf8cd7cf1cd540{\npadding-bottom:5px;\n}\nbody .av-special-heading.av-1syime2-86364b76a6052cc3c5bf8cd7cf1cd540 .av-special-heading-tag .heading-char{\nfont-size:25px;\n}\n.av-special-heading.av-1syime2-86364b76a6052cc3c5bf8cd7cf1cd540 .av-subheading{\nfont-size:15px;\n}\n<\/style>\n<div  class='av-special-heading av-1syime2-86364b76a6052cc3c5bf8cd7cf1cd540 av-special-heading-h3 blockquote modern-quote  avia-builder-el-28  el_before_av_textblock  avia-builder-el-first '><h3 class='av-special-heading-tag'  itemprop=\"headline\"  >L\u00e4het\u00e4 tarjouspyynt\u00f6<\/h3><div class=\"special-heading-border\"><div class=\"special-heading-inner-border\"><\/div><\/div><\/div><br \/>\n<section  class='av_textblock_section av-12qba4a-9095bf3ff272c797425864125379921e '   itemscope=\"itemscope\" itemtype=\"https:\/\/schema.org\/CreativeWork\" ><div class='avia_textblock'  itemprop=\"text\" ><p class=\"wpcf7-contact-form-not-found\"><strong>Virhe:<\/strong> Yhteydenottolomaketta ei l\u00f6ytynyt.<\/p>\n<\/div><\/section><\/p><\/div>\n<\/div><\/div><\/div><!-- close content main div --><\/div><\/div><div id='after_section_5'  class='main_color av_default_container_wrap container_wrap fullsize'  ><div class='container av-section-cont-open' ><div class='template-page content  av-content-full alpha units'><div class='post-entry post-entry-type-page post-entry-12348'><div class='entry-content-wrapper clearfix'>\n<section  class='av_textblock_section av-2hseje-82fa4b8190e8654374c0b760f7900e42 '   itemscope=\"itemscope\" itemtype=\"https:\/\/schema.org\/CreativeWork\" ><div class='avia_textblock'  itemprop=\"text\" ><\/div><\/section>\n","protected":false},"excerpt":{"rendered":"","protected":false},"author":1,"featured_media":0,"parent":0,"menu_order":7,"comment_status":"open","ping_status":"closed","template":"","meta":{"_monsterinsights_skip_tracking":false,"_monsterinsights_sitenote_active":false,"_monsterinsights_sitenote_note":"","_monsterinsights_sitenote_category":0,"footnotes":"","_wp_rev_ctl_limit":""},"class_list":["post-12348","page","type-page","status-publish","hentry"],"yoast_head":"<!-- This site is optimized with the Yoast SEO plugin v26.9 - https:\/\/yoast.com\/product\/yoast-seo-wordpress\/ -->\n<title>Yhteystiedot - Hanval Metall O\u00dc<\/title>\n<meta name=\"robots\" content=\"index, follow, max-snippet:-1, max-image-preview:large, max-video-preview:-1\" \/>\n<link rel=\"canonical\" href=\"https:\/\/hanval.ee\/fi\/yhteystiedot\/\" \/>\n<meta property=\"og:locale\" content=\"fi_FI\" \/>\n<meta property=\"og:type\" content=\"article\" \/>\n<meta property=\"og:title\" content=\"Yhteystiedot - Hanval Metall O\u00dc\" \/>\n<meta property=\"og:url\" content=\"https:\/\/hanval.ee\/fi\/yhteystiedot\/\" \/>\n<meta property=\"og:site_name\" content=\"Hanval Metall O\u00dc\" \/>\n<meta property=\"article:publisher\" content=\"https:\/\/www.facebook.com\/HanvalMetall\" \/>\n<meta property=\"article:modified_time\" content=\"2026-02-04T11:18:54+00:00\" \/>\n<meta name=\"twitter:card\" content=\"summary_large_image\" \/>\n<meta name=\"twitter:label1\" content=\"Arvioitu lukuaika\" \/>\n\t<meta name=\"twitter:data1\" content=\"1 minuutti\" \/>\n<script type=\"application\/ld+json\" class=\"yoast-schema-graph\">{\"@context\":\"https:\/\/schema.org\",\"@graph\":[{\"@type\":\"WebPage\",\"@id\":\"https:\/\/hanval.ee\/fi\/yhteystiedot\/\",\"url\":\"https:\/\/hanval.ee\/fi\/yhteystiedot\/\",\"name\":\"Yhteystiedot - Hanval Metall O\u00dc\",\"isPartOf\":{\"@id\":\"https:\/\/hanval.ee\/fi\/#website\"},\"datePublished\":\"2024-05-01T18:16:16+00:00\",\"dateModified\":\"2026-02-04T11:18:54+00:00\",\"breadcrumb\":{\"@id\":\"https:\/\/hanval.ee\/fi\/yhteystiedot\/#breadcrumb\"},\"inLanguage\":\"fi\",\"potentialAction\":[{\"@type\":\"ReadAction\",\"target\":[\"https:\/\/hanval.ee\/fi\/yhteystiedot\/\"]}]},{\"@type\":\"BreadcrumbList\",\"@id\":\"https:\/\/hanval.ee\/fi\/yhteystiedot\/#breadcrumb\",\"itemListElement\":[{\"@type\":\"ListItem\",\"position\":1,\"name\":\"Home\",\"item\":\"https:\/\/hanval.ee\/fi\/home\/\"},{\"@type\":\"ListItem\",\"position\":2,\"name\":\"Yhteystiedot\"}]},{\"@type\":\"WebSite\",\"@id\":\"https:\/\/hanval.ee\/fi\/#website\",\"url\":\"https:\/\/hanval.ee\/fi\/\",\"name\":\"Hanval Metall O\u00dc\",\"description\":\"Metal Works\",\"publisher\":{\"@id\":\"https:\/\/hanval.ee\/fi\/#organization\"},\"potentialAction\":[{\"@type\":\"SearchAction\",\"target\":{\"@type\":\"EntryPoint\",\"urlTemplate\":\"https:\/\/hanval.ee\/fi\/?s={search_term_string}\"},\"query-input\":{\"@type\":\"PropertyValueSpecification\",\"valueRequired\":true,\"valueName\":\"search_term_string\"}}],\"inLanguage\":\"fi\"},{\"@type\":\"Organization\",\"@id\":\"https:\/\/hanval.ee\/fi\/#organization\",\"name\":\"Hanval Metall O\u00dc\",\"url\":\"https:\/\/hanval.ee\/fi\/\",\"logo\":{\"@type\":\"ImageObject\",\"inLanguage\":\"fi\",\"@id\":\"https:\/\/hanval.ee\/fi\/#\/schema\/logo\/image\/\",\"url\":\"https:\/\/hanval.ee\/wp-content\/uploads\/2015\/11\/logo.png\",\"contentUrl\":\"https:\/\/hanval.ee\/wp-content\/uploads\/2015\/11\/logo.png\",\"width\":409,\"height\":156,\"caption\":\"Hanval Metall O\u00dc\"},\"image\":{\"@id\":\"https:\/\/hanval.ee\/fi\/#\/schema\/logo\/image\/\"},\"sameAs\":[\"https:\/\/www.facebook.com\/HanvalMetall\",\"https:\/\/www.linkedin.com\/company\/hanval-metall-o\/\"]}]}<\/script>\n<!-- \/ Yoast SEO plugin. -->","yoast_head_json":{"title":"Yhteystiedot - Hanval Metall O\u00dc","robots":{"index":"index","follow":"follow","max-snippet":"max-snippet:-1","max-image-preview":"max-image-preview:large","max-video-preview":"max-video-preview:-1"},"canonical":"https:\/\/hanval.ee\/fi\/yhteystiedot\/","og_locale":"fi_FI","og_type":"article","og_title":"Yhteystiedot - Hanval Metall O\u00dc","og_url":"https:\/\/hanval.ee\/fi\/yhteystiedot\/","og_site_name":"Hanval Metall O\u00dc","article_publisher":"https:\/\/www.facebook.com\/HanvalMetall","article_modified_time":"2026-02-04T11:18:54+00:00","twitter_card":"summary_large_image","twitter_misc":{"Arvioitu lukuaika":"1 minuutti"},"schema":{"@context":"https:\/\/schema.org","@graph":[{"@type":"WebPage","@id":"https:\/\/hanval.ee\/fi\/yhteystiedot\/","url":"https:\/\/hanval.ee\/fi\/yhteystiedot\/","name":"Yhteystiedot - Hanval Metall O\u00dc","isPartOf":{"@id":"https:\/\/hanval.ee\/fi\/#website"},"datePublished":"2024-05-01T18:16:16+00:00","dateModified":"2026-02-04T11:18:54+00:00","breadcrumb":{"@id":"https:\/\/hanval.ee\/fi\/yhteystiedot\/#breadcrumb"},"inLanguage":"fi","potentialAction":[{"@type":"ReadAction","target":["https:\/\/hanval.ee\/fi\/yhteystiedot\/"]}]},{"@type":"BreadcrumbList","@id":"https:\/\/hanval.ee\/fi\/yhteystiedot\/#breadcrumb","itemListElement":[{"@type":"ListItem","position":1,"name":"Home","item":"https:\/\/hanval.ee\/fi\/home\/"},{"@type":"ListItem","position":2,"name":"Yhteystiedot"}]},{"@type":"WebSite","@id":"https:\/\/hanval.ee\/fi\/#website","url":"https:\/\/hanval.ee\/fi\/","name":"Hanval Metall O\u00dc","description":"Metal Works","publisher":{"@id":"https:\/\/hanval.ee\/fi\/#organization"},"potentialAction":[{"@type":"SearchAction","target":{"@type":"EntryPoint","urlTemplate":"https:\/\/hanval.ee\/fi\/?s={search_term_string}"},"query-input":{"@type":"PropertyValueSpecification","valueRequired":true,"valueName":"search_term_string"}}],"inLanguage":"fi"},{"@type":"Organization","@id":"https:\/\/hanval.ee\/fi\/#organization","name":"Hanval Metall O\u00dc","url":"https:\/\/hanval.ee\/fi\/","logo":{"@type":"ImageObject","inLanguage":"fi","@id":"https:\/\/hanval.ee\/fi\/#\/schema\/logo\/image\/","url":"https:\/\/hanval.ee\/wp-content\/uploads\/2015\/11\/logo.png","contentUrl":"https:\/\/hanval.ee\/wp-content\/uploads\/2015\/11\/logo.png","width":409,"height":156,"caption":"Hanval Metall O\u00dc"},"image":{"@id":"https:\/\/hanval.ee\/fi\/#\/schema\/logo\/image\/"},"sameAs":["https:\/\/www.facebook.com\/HanvalMetall","https:\/\/www.linkedin.com\/company\/hanval-metall-o\/"]}]}},"_links":{"self":[{"href":"https:\/\/hanval.ee\/fi\/wp-json\/wp\/v2\/pages\/12348","targetHints":{"allow":["GET"]}}],"collection":[{"href":"https:\/\/hanval.ee\/fi\/wp-json\/wp\/v2\/pages"}],"about":[{"href":"https:\/\/hanval.ee\/fi\/wp-json\/wp\/v2\/types\/page"}],"author":[{"embeddable":true,"href":"https:\/\/hanval.ee\/fi\/wp-json\/wp\/v2\/users\/1"}],"replies":[{"embeddable":true,"href":"https:\/\/hanval.ee\/fi\/wp-json\/wp\/v2\/comments?post=12348"}],"version-history":[{"count":3,"href":"https:\/\/hanval.ee\/fi\/wp-json\/wp\/v2\/pages\/12348\/revisions"}],"predecessor-version":[{"id":12516,"href":"https:\/\/hanval.ee\/fi\/wp-json\/wp\/v2\/pages\/12348\/revisions\/12516"}],"wp:attachment":[{"href":"https:\/\/hanval.ee\/fi\/wp-json\/wp\/v2\/media?parent=12348"}],"curies":[{"name":"wp","href":"https:\/\/api.w.org\/{rel}","templated":true}]}}