{"id":11818,"date":"2024-04-17T15:44:50","date_gmt":"2024-04-17T12:44:50","guid":{"rendered":"https:\/\/hanval.ee\/startsida\/"},"modified":"2026-04-09T14:15:44","modified_gmt":"2026-04-09T11:15:44","slug":"home","status":"publish","type":"page","link":"https:\/\/hanval.ee\/sv\/","title":{"rendered":"Startsida"},"content":{"rendered":"<div   class='avia-fullscreen-slider main_color   avia-builder-el-0  el_before_av_section  avia-builder-el-first  container_wrap fullsize'  >\n<style type=\"text\/css\" data-created_by=\"avia_inline_auto\" id=\"style-css-av-9iqyhds-10ffda98eac71dba9ea56d2285534336\">\n#top #wrap_all .avia-slideshow .av-slideshow-caption.av-9iqyhds-10ffda98eac71dba9ea56d2285534336__0 .avia-caption-title{\nfont-size:35px;\n}\n#top .avia-slideshow .av-slideshow-caption.av-9iqyhds-10ffda98eac71dba9ea56d2285534336__0 .avia-caption-content{\nfont-size:20px;\n}\n#top .avia-slideshow .av-slideshow-caption.av-9iqyhds-10ffda98eac71dba9ea56d2285534336__0 .avia-caption-content p{\nfont-size:20px;\n}\n<\/style>\n<a href='#next-section' title='' class='scroll-down-link av-control-minimal' aria-hidden='true' data-av_icon='\ue877' data-av_iconfont='entypo-fontello'><\/a><div  class='avia-slideshow av-9iqyhds-10ffda98eac71dba9ea56d2285534336 avia-slideshow-extra_large av_fullscreen avia-slide-slider av-slideshow-ui av-control-minimal av-slideshow-autoplay av-loop-endless av-loop-manual-endless av-slider-scroll-down-active av-default-height-applied   avia-slideshow-1' data-slideshow-options=\"{&quot;animation&quot;:&quot;slide&quot;,&quot;autoplay&quot;:true,&quot;loop_autoplay&quot;:&quot;endless&quot;,&quot;interval&quot;:5,&quot;loop_manual&quot;:&quot;manual-endless&quot;,&quot;autoplay_stopper&quot;:false,&quot;noNavigation&quot;:false,&quot;bg_slider&quot;:true,&quot;keep_padding&quot;:false,&quot;hoverpause&quot;:false,&quot;show_slide_delay&quot;:0,&quot;slide_height&quot;:&quot;100&quot;,&quot;image_attachment&quot;:&quot;&quot;}\"  itemprop=\"image\" itemscope=\"itemscope\" itemtype=\"https:\/\/schema.org\/ImageObject\" ><ul class='avia-slideshow-inner ' style='padding-bottom: 66.733333333333%;'><li style='background-position:bottom left;' data-img-url='https:\/\/hanval.ee\/wp-content\/uploads\/2024\/04\/Hanval-Metall-cutting-tool-at-metal-working-1500x1001.jpeg' class='avia-slideshow-slide av-9iqyhds-10ffda98eac71dba9ea56d2285534336__0  slide-1 slide-odd'><div data-rel='slideshow-1' class='avia-slide-wrap '   ><div class='av-section-color-overlay' style='opacity: 0.5; background-color: #0a0a0a; '><\/div><\/div><\/li><li style='background-position:top left;' data-img-url='https:\/\/hanval.ee\/wp-content\/uploads\/2024\/04\/Hanval-Metall-1-1500x1000.jpg' class='avia-slideshow-slide av-9iqyhds-10ffda98eac71dba9ea56d2285534336__1  slide-2 slide-even'><div data-rel='slideshow-1' class='avia-slide-wrap '   ><\/div><\/li><li style='background-position:center left;' data-img-url='https:\/\/hanval.ee\/wp-content\/uploads\/2024\/04\/Hanval-Metall-Rotating-head-with-tools-at-CNC-lathe-in-workshop-1500x1001.jpeg' class='avia-slideshow-slide av-9iqyhds-10ffda98eac71dba9ea56d2285534336__2  slide-3 slide-odd'><div data-rel='slideshow-1' class='avia-slide-wrap '   ><div class='av-section-color-overlay' style='opacity: 0.5; background-color: #0a0a0a; '><\/div><\/div><\/li><li style='background-position:top left;' data-img-url='https:\/\/hanval.ee\/wp-content\/uploads\/2024\/04\/Hanval_Metall-1500x1000.jpg' class='avia-slideshow-slide av-9iqyhds-10ffda98eac71dba9ea56d2285534336__3  slide-4 slide-even'><div data-rel='slideshow-1' class='avia-slide-wrap '   ><\/div><\/li><\/ul><div class='avia-slideshow-arrows avia-slideshow-controls' ><a href='#prev' class='prev-slide ' aria-hidden='true' data-av_icon='\ue87c' data-av_iconfont='entypo-fontello'  tabindex='-1'>F\u00f6reg\u00e5ende<\/a><a href='#next' class='next-slide ' aria-hidden='true' data-av_icon='\ue87d' data-av_iconfont='entypo-fontello'  tabindex='-1'>N\u00e4sta<\/a><\/div><div class='avia-slideshow-dots avia-slideshow-controls'><a href='#1' class='goto-slide active' >1<\/a><a href='#2' class='goto-slide ' >2<\/a><a href='#3' class='goto-slide ' >3<\/a><a href='#4' class='goto-slide ' >4<\/a><\/div><div class='av-slideshow-caption av-9iqyhds-10ffda98eac71dba9ea56d2285534336__0 caption_fullwidth caption_center caption_center_framed caption_framed'><div class=\"container caption_container\"><div class=\"slideshow_caption\"><div class=\"slideshow_inner_caption\"><div class=\"slideshow_align_caption\"><h2 class='avia-caption-title '  itemprop=\"name\" >30 \u00c5RS ERFARENHET AV METALLBEARBETNING<\/h2><div class='avia-caption-content av_inherit_color'  itemprop=\"description\" ><p>CNC-SVARVNING, CNC-FR\u00c4SNING, SVETSARBETEN, MONTERING<\/p>\n<\/div><\/div><\/div><\/div><\/div><\/div><\/div><\/div>\n\n<style type=\"text\/css\" data-created_by=\"avia_inline_auto\" id=\"style-css-av-79snsdc-80af1e8df84d4368f50c202f4715d60e\">\n.avia-section.av-79snsdc-80af1e8df84d4368f50c202f4715d60e{\nbackground-color:#c9c9c9;\nbackground-image:unset;\n}\n.avia-section.av-79snsdc-80af1e8df84d4368f50c202f4715d60e .av-section-color-overlay{\nopacity:1;\nbackground-color:#ffffff;\n}\n<\/style>\n<div id='av_section_1'  class='avia-section av-79snsdc-80af1e8df84d4368f50c202f4715d60e main_color avia-section-default avia-no-shadow  avia-builder-el-1  el_after_av_fullscreen  el_before_av_one_half  avia-bg-style-fixed av-section-color-overlay-active container_wrap fullsize'  ><div class=\"av-section-color-overlay-wrap\"><div class=\"av-section-color-overlay\"><\/div><div class='container av-section-cont-open' ><div class='template-page content  av-content-full alpha units'><div class='post-entry post-entry-type-page post-entry-11818'><div class='entry-content-wrapper clearfix'>\n\n<style type=\"text\/css\" data-created_by=\"avia_inline_auto\" id=\"style-css-av-6mybvmo-21f96251902d1ea33954402667ec09e0\">\n.flex_column.av-6mybvmo-21f96251902d1ea33954402667ec09e0{\nborder-radius:0px 0px 0px 0px;\npadding:0px 0px 0px 0px;\n}\n<\/style>\n<div  class='flex_column av-6mybvmo-21f96251902d1ea33954402667ec09e0 av_one_third  avia-builder-el-2  el_before_av_one_third  avia-builder-el-first  first flex_column_div av-zero-column-padding  '     ><article  class='iconbox iconbox_top av-iv3940-0108f736d61ac90309a5ff18538d2d8f  avia-builder-el-3  avia-builder-el-no-sibling  main_color'  itemscope=\"itemscope\" itemtype=\"https:\/\/schema.org\/CreativeWork\" ><div class=\"iconbox_content\"><header class=\"entry-content-header\"><div class=\"iconbox_icon heading-color\" aria-hidden='true' data-av_icon='\ue812' data-av_iconfont='entypo-fontello'><\/div><h3 class='iconbox_content_title '  itemprop=\"headline\" ><a href='https:\/\/hanval.ee\/sv\/frasning\/' title='CNC-SVARVNING'  target=\"_blank\"  rel=\"noopener noreferrer\" >CNC-SVARVNING<\/a><\/h3><\/header><div class='iconbox_content_container '  itemprop=\"text\" ><p>Max ytterdiameter = 400 mm<br \/>\nMax innerdiameter = 350 mm<br \/>\nMax l\u00e4ngd = 1000 mm<br \/>\nMax diameter av st\u00e5ngmatare = 45 mm<\/p>\n<\/div><\/div><footer class=\"entry-footer\"><\/footer><\/article><\/div>\n<style type=\"text\/css\" data-created_by=\"avia_inline_auto\" id=\"style-css-av-5vtoew0-3379467fedfb6e4c3012e596e6f0c6f7\">\n.flex_column.av-5vtoew0-3379467fedfb6e4c3012e596e6f0c6f7{\nborder-radius:0px 0px 0px 0px;\npadding:0px 0px 0px 0px;\n}\n<\/style>\n<div  class='flex_column av-5vtoew0-3379467fedfb6e4c3012e596e6f0c6f7 av_one_third  avia-builder-el-4  el_after_av_one_third  el_before_av_one_third  flex_column_div av-zero-column-padding  '     ><article  class='iconbox iconbox_top av-46zrtls-e75f98e63e05b0bd063975764d9f138b  avia-builder-el-5  avia-builder-el-no-sibling  main_color'  itemscope=\"itemscope\" itemtype=\"https:\/\/schema.org\/CreativeWork\" ><div class=\"iconbox_content\"><header class=\"entry-content-header\"><div class=\"iconbox_icon heading-color\" aria-hidden='true' data-av_icon='\ue812' data-av_iconfont='entypo-fontello'><\/div><h3 class='iconbox_content_title '  itemprop=\"headline\" ><a href='https:\/\/hanval.ee\/sv\/frasning\/' title='CNC-FR\u00c4SNING (VERTIKAL)'  target=\"_blank\"  rel=\"noopener noreferrer\" >CNC-FR\u00c4SNING (VERTIKAL)<\/a><\/h3><\/header><div class='iconbox_content_container '  itemprop=\"text\" ><p>Arbetsbordets m\u00e5tt (X Y Z) = 720\/460\/510 mm<br \/>\nBearbetningsyta (X Y Z) = 1000 x 1000 x 1000 mm<br \/>\nMax detaljvikt = 500 kg<br \/>\n4 axlar<\/p>\n<\/div><\/div><footer class=\"entry-footer\"><\/footer><\/article><\/div>\n<style type=\"text\/css\" data-created_by=\"avia_inline_auto\" id=\"style-css-av-4t7yen4-ee8cc0e9e173dc81dff5e368f74d983e\">\n.flex_column.av-4t7yen4-ee8cc0e9e173dc81dff5e368f74d983e{\nborder-radius:0px 0px 0px 0px;\npadding:0px 0px 0px 0px;\n}\n<\/style>\n<div  class='flex_column av-4t7yen4-ee8cc0e9e173dc81dff5e368f74d983e av_one_third  avia-builder-el-6  el_after_av_one_third  avia-builder-el-last  flex_column_div av-zero-column-padding  '     ><article  class='iconbox iconbox_top av-624vfc0-1fedbe107cb531e7400ff5acbcc473a7  avia-builder-el-7  avia-builder-el-no-sibling  main_color'  itemscope=\"itemscope\" itemtype=\"https:\/\/schema.org\/CreativeWork\" ><div class=\"iconbox_content\"><header class=\"entry-content-header\"><div class=\"iconbox_icon heading-color\" aria-hidden='true' data-av_icon='\ue812' data-av_iconfont='entypo-fontello'><\/div><h3 class='iconbox_content_title '  itemprop=\"headline\" ><a href='https:\/\/hanval.ee\/sv\/frasning\/' title='MANUELL BORRNING'  target=\"_blank\"  rel=\"noopener noreferrer\" >MANUELL BORRNING<\/a><\/h3><\/header><div class='iconbox_content_container '  itemprop=\"text\" ><p style=\"text-align: center;\">Max diameter = 105 mm<br \/>\nMax djup = 400 mm<\/p>\n<\/div><\/div><footer class=\"entry-footer\"><\/footer><\/article><\/div><\/div><\/div><\/div><!-- close content main div --><\/div><\/div><\/div><div id='after_section_1'  class='main_color av_default_container_wrap container_wrap fullsize'  ><div class='container av-section-cont-open' ><div class='template-page content  av-content-full alpha units'><div class='post-entry post-entry-type-page post-entry-11818'><div class='entry-content-wrapper clearfix'>\n<style type=\"text\/css\" data-created_by=\"avia_inline_auto\" id=\"style-css-av-150ao4g-ff012f9203e2e7c8c4f81530a515fff3\">\n.flex_column.av-150ao4g-ff012f9203e2e7c8c4f81530a515fff3{\nborder-radius:0px 0px 0px 0px;\npadding:0px 0px 0px 0px;\n}\n<\/style>\n<div  class='flex_column av-150ao4g-ff012f9203e2e7c8c4f81530a515fff3 av_one_half  avia-builder-el-8  el_after_av_section  el_before_av_one_half  avia-builder-el-first  first flex_column_div av-zero-column-padding  '     ><section  class='av_textblock_section av-l45t86st-2be3560f6054c357008bc50503d704cf '   itemscope=\"itemscope\" itemtype=\"https:\/\/schema.org\/CreativeWork\" ><div class='avia_textblock'  itemprop=\"text\" ><p>Hanval Metall O\u00dc har f\u00e5tt bidrag fr\u00e5n st\u00f6d\u00e5tg\u00e4rden f\u00f6r v\u00e4gkartor f\u00f6r digitalisering. En v\u00e4gkarta f\u00f6r digitalisering har utarbetats inom ramen f\u00f6r projektet. Bidragsbeloppet var 9200 euro. Projektet finansierades av Europeiska regionala utvecklingsfonden.<\/p>\n<p><img loading=\"lazy\" decoding=\"async\" class=\"alignnone size-medium wp-image-11652\" src=\"https:\/\/hanval.ee\/wp-content\/uploads\/2022\/06\/EAS_SF_RGB_EST-300x88.jpg\" alt=\"\" width=\"300\" height=\"88\" srcset=\"https:\/\/hanval.ee\/wp-content\/uploads\/2022\/06\/EAS_SF_RGB_EST-300x88.jpg 300w, https:\/\/hanval.ee\/wp-content\/uploads\/2022\/06\/EAS_SF_RGB_EST.jpg 675w\" sizes=\"auto, (max-width: 300px) 100vw, 300px\" \/><\/p>\n<\/div><\/section><\/div><\/p>\n\n<style type=\"text\/css\" data-created_by=\"avia_inline_auto\" id=\"style-css-av-jnwmsg-fdad3605a5a326ee49a64747c2d0f97c\">\n.flex_column.av-jnwmsg-fdad3605a5a326ee49a64747c2d0f97c{\nborder-radius:0px 0px 0px 0px;\npadding:0px 0px 0px 0px;\n}\n<\/style>\n<div  class='flex_column av-jnwmsg-fdad3605a5a326ee49a64747c2d0f97c av_one_half  avia-builder-el-10  el_after_av_one_half  avia-builder-el-last  flex_column_div av-zero-column-padding  '     ><style type=\"text\/css\" data-created_by=\"avia_inline_auto\" id=\"style-css-av-l45ta6ig-82596443ede7a6b3f4274e29bbcbcb0f\">\n.avia-image-container.av-l45ta6ig-82596443ede7a6b3f4274e29bbcbcb0f img.avia_image{\nbox-shadow:none;\n}\n.avia-image-container.av-l45ta6ig-82596443ede7a6b3f4274e29bbcbcb0f .av-image-caption-overlay-center{\ncolor:#ffffff;\n}\n<\/style>\n<div  class='avia-image-container av-l45ta6ig-82596443ede7a6b3f4274e29bbcbcb0f av-styling- avia-align-center  avia-builder-el-11  avia-builder-el-no-sibling '   itemprop=\"image\" itemscope=\"itemscope\" itemtype=\"https:\/\/schema.org\/ImageObject\" ><div class=\"avia-image-container-inner\"><div class=\"avia-image-overlay-wrap\"><img decoding=\"async\" fetchpriority=\"high\" class='wp-image-12059 avia-img-lazy-loading-not-12059 avia_image ' src=\"https:\/\/hanval.ee\/wp-content\/uploads\/2024\/04\/Hanval-Metall-27-300x200.jpg\" alt='' title='Hanval Metall (27)'  height=\"200\" width=\"300\"  itemprop=\"thumbnailUrl\" srcset=\"https:\/\/hanval.ee\/wp-content\/uploads\/2024\/04\/Hanval-Metall-27-300x200.jpg 300w, https:\/\/hanval.ee\/wp-content\/uploads\/2024\/04\/Hanval-Metall-27-1030x687.jpg 1030w, https:\/\/hanval.ee\/wp-content\/uploads\/2024\/04\/Hanval-Metall-27-768x512.jpg 768w, https:\/\/hanval.ee\/wp-content\/uploads\/2024\/04\/Hanval-Metall-27-1536x1024.jpg 1536w, https:\/\/hanval.ee\/wp-content\/uploads\/2024\/04\/Hanval-Metall-27-1500x1000.jpg 1500w, https:\/\/hanval.ee\/wp-content\/uploads\/2024\/04\/Hanval-Metall-27-705x470.jpg 705w, https:\/\/hanval.ee\/wp-content\/uploads\/2024\/04\/Hanval-Metall-27.jpg 1800w\" sizes=\"(max-width: 300px) 100vw, 300px\" \/><\/div><\/div><\/div><\/div>\n","protected":false},"excerpt":{"rendered":"","protected":false},"author":1,"featured_media":0,"parent":0,"menu_order":1,"comment_status":"open","ping_status":"closed","template":"","meta":{"_monsterinsights_skip_tracking":false,"_monsterinsights_sitenote_active":false,"_monsterinsights_sitenote_note":"","_monsterinsights_sitenote_category":0,"footnotes":"","_wp_rev_ctl_limit":"3"},"class_list":["post-11818","page","type-page","status-publish","hentry"],"yoast_head":"<!-- This site is optimized with the Yoast SEO plugin v26.9 - https:\/\/yoast.com\/product\/yoast-seo-wordpress\/ -->\n<title>Startsida - Hanval Metall O\u00dc<\/title>\n<meta name=\"description\" content=\"Hanval Metalls huvudverksamhet utg\u00f6rs av mekanisk bearbetning av metaller med CNC-maskiner. Som en underleverant\u00f6r tillhandah\u00e5ller vi detaljer som tillverkas efter kundernas ritningar.\" \/>\n<meta name=\"robots\" content=\"index, follow, max-snippet:-1, max-image-preview:large, max-video-preview:-1\" \/>\n<link rel=\"canonical\" href=\"https:\/\/hanval.ee\/sv\/\" \/>\n<meta property=\"og:locale\" content=\"sv_SE\" \/>\n<meta property=\"og:type\" content=\"article\" \/>\n<meta property=\"og:title\" content=\"Startsida - Hanval Metall O\u00dc\" \/>\n<meta property=\"og:description\" content=\"Hanval Metalls huvudverksamhet utg\u00f6rs av mekanisk bearbetning av metaller med CNC-maskiner. Som en underleverant\u00f6r tillhandah\u00e5ller vi detaljer som tillverkas efter kundernas ritningar.\" \/>\n<meta property=\"og:url\" content=\"https:\/\/hanval.ee\/sv\/\" \/>\n<meta property=\"og:site_name\" content=\"Hanval Metall O\u00dc\" \/>\n<meta property=\"article:publisher\" content=\"https:\/\/www.facebook.com\/HanvalMetall\" \/>\n<meta property=\"article:modified_time\" content=\"2026-04-09T11:15:44+00:00\" \/>\n<meta property=\"og:image\" content=\"https:\/\/hanval.ee\/wp-content\/uploads\/2024\/04\/Hanval-Metall-18.jpg\" \/>\n\t<meta property=\"og:image:width\" content=\"1800\" \/>\n\t<meta property=\"og:image:height\" content=\"1200\" \/>\n\t<meta property=\"og:image:type\" content=\"image\/jpeg\" \/>\n<meta name=\"twitter:card\" content=\"summary_large_image\" \/>\n<meta name=\"twitter:label1\" content=\"Ber\u00e4knad l\u00e4stid\" \/>\n\t<meta name=\"twitter:data1\" content=\"2 minuter\" \/>\n<script type=\"application\/ld+json\" class=\"yoast-schema-graph\">{\"@context\":\"https:\/\/schema.org\",\"@graph\":[{\"@type\":\"WebPage\",\"@id\":\"https:\/\/hanval.ee\/sv\/\",\"url\":\"https:\/\/hanval.ee\/sv\/\",\"name\":\"Startsida - Hanval Metall O\u00dc\",\"isPartOf\":{\"@id\":\"https:\/\/hanval.ee\/sv\/#website\"},\"primaryImageOfPage\":{\"@id\":\"https:\/\/hanval.ee\/sv\/#primaryimage\"},\"image\":{\"@id\":\"https:\/\/hanval.ee\/sv\/#primaryimage\"},\"thumbnailUrl\":\"https:\/\/hanval.ee\/wp-content\/uploads\/2022\/06\/EAS_SF_RGB_EST-300x88.jpg\",\"datePublished\":\"2024-04-17T12:44:50+00:00\",\"dateModified\":\"2026-04-09T11:15:44+00:00\",\"description\":\"Hanval Metalls huvudverksamhet utg\u00f6rs av mekanisk bearbetning av metaller med CNC-maskiner. Som en underleverant\u00f6r tillhandah\u00e5ller vi detaljer som tillverkas efter kundernas ritningar.\",\"breadcrumb\":{\"@id\":\"https:\/\/hanval.ee\/sv\/#breadcrumb\"},\"inLanguage\":\"sv-SE\",\"potentialAction\":[{\"@type\":\"ReadAction\",\"target\":[\"https:\/\/hanval.ee\/sv\/\"]}]},{\"@type\":\"ImageObject\",\"inLanguage\":\"sv-SE\",\"@id\":\"https:\/\/hanval.ee\/sv\/#primaryimage\",\"url\":\"https:\/\/hanval.ee\/wp-content\/uploads\/2022\/06\/EAS_SF_RGB_EST-300x88.jpg\",\"contentUrl\":\"https:\/\/hanval.ee\/wp-content\/uploads\/2022\/06\/EAS_SF_RGB_EST-300x88.jpg\"},{\"@type\":\"BreadcrumbList\",\"@id\":\"https:\/\/hanval.ee\/sv\/#breadcrumb\",\"itemListElement\":[{\"@type\":\"ListItem\",\"position\":1,\"name\":\"Home\",\"item\":\"https:\/\/hanval.ee\/sv\/home\/\"},{\"@type\":\"ListItem\",\"position\":2,\"name\":\"Startsida\"}]},{\"@type\":\"WebSite\",\"@id\":\"https:\/\/hanval.ee\/sv\/#website\",\"url\":\"https:\/\/hanval.ee\/sv\/\",\"name\":\"Hanval Metall O\u00dc\",\"description\":\"Metal Works\",\"publisher\":{\"@id\":\"https:\/\/hanval.ee\/sv\/#organization\"},\"potentialAction\":[{\"@type\":\"SearchAction\",\"target\":{\"@type\":\"EntryPoint\",\"urlTemplate\":\"https:\/\/hanval.ee\/sv\/?s={search_term_string}\"},\"query-input\":{\"@type\":\"PropertyValueSpecification\",\"valueRequired\":true,\"valueName\":\"search_term_string\"}}],\"inLanguage\":\"sv-SE\"},{\"@type\":\"Organization\",\"@id\":\"https:\/\/hanval.ee\/sv\/#organization\",\"name\":\"Hanval Metall O\u00dc\",\"url\":\"https:\/\/hanval.ee\/sv\/\",\"logo\":{\"@type\":\"ImageObject\",\"inLanguage\":\"sv-SE\",\"@id\":\"https:\/\/hanval.ee\/sv\/#\/schema\/logo\/image\/\",\"url\":\"https:\/\/hanval.ee\/wp-content\/uploads\/2015\/11\/logo.png\",\"contentUrl\":\"https:\/\/hanval.ee\/wp-content\/uploads\/2015\/11\/logo.png\",\"width\":409,\"height\":156,\"caption\":\"Hanval Metall O\u00dc\"},\"image\":{\"@id\":\"https:\/\/hanval.ee\/sv\/#\/schema\/logo\/image\/\"},\"sameAs\":[\"https:\/\/www.facebook.com\/HanvalMetall\",\"https:\/\/www.linkedin.com\/company\/hanval-metall-o\/\"]}]}<\/script>\n<!-- \/ Yoast SEO plugin. -->","yoast_head_json":{"title":"Startsida - Hanval Metall O\u00dc","description":"Hanval Metalls huvudverksamhet utg\u00f6rs av mekanisk bearbetning av metaller med CNC-maskiner. Som en underleverant\u00f6r tillhandah\u00e5ller vi detaljer som tillverkas efter kundernas ritningar.","robots":{"index":"index","follow":"follow","max-snippet":"max-snippet:-1","max-image-preview":"max-image-preview:large","max-video-preview":"max-video-preview:-1"},"canonical":"https:\/\/hanval.ee\/sv\/","og_locale":"sv_SE","og_type":"article","og_title":"Startsida - Hanval Metall O\u00dc","og_description":"Hanval Metalls huvudverksamhet utg\u00f6rs av mekanisk bearbetning av metaller med CNC-maskiner. Som en underleverant\u00f6r tillhandah\u00e5ller vi detaljer som tillverkas efter kundernas ritningar.","og_url":"https:\/\/hanval.ee\/sv\/","og_site_name":"Hanval Metall O\u00dc","article_publisher":"https:\/\/www.facebook.com\/HanvalMetall","article_modified_time":"2026-04-09T11:15:44+00:00","og_image":[{"width":1800,"height":1200,"url":"https:\/\/hanval.ee\/wp-content\/uploads\/2024\/04\/Hanval-Metall-18.jpg","type":"image\/jpeg"}],"twitter_card":"summary_large_image","twitter_misc":{"Ber\u00e4knad l\u00e4stid":"2 minuter"},"schema":{"@context":"https:\/\/schema.org","@graph":[{"@type":"WebPage","@id":"https:\/\/hanval.ee\/sv\/","url":"https:\/\/hanval.ee\/sv\/","name":"Startsida - Hanval Metall O\u00dc","isPartOf":{"@id":"https:\/\/hanval.ee\/sv\/#website"},"primaryImageOfPage":{"@id":"https:\/\/hanval.ee\/sv\/#primaryimage"},"image":{"@id":"https:\/\/hanval.ee\/sv\/#primaryimage"},"thumbnailUrl":"https:\/\/hanval.ee\/wp-content\/uploads\/2022\/06\/EAS_SF_RGB_EST-300x88.jpg","datePublished":"2024-04-17T12:44:50+00:00","dateModified":"2026-04-09T11:15:44+00:00","description":"Hanval Metalls huvudverksamhet utg\u00f6rs av mekanisk bearbetning av metaller med CNC-maskiner. Som en underleverant\u00f6r tillhandah\u00e5ller vi detaljer som tillverkas efter kundernas ritningar.","breadcrumb":{"@id":"https:\/\/hanval.ee\/sv\/#breadcrumb"},"inLanguage":"sv-SE","potentialAction":[{"@type":"ReadAction","target":["https:\/\/hanval.ee\/sv\/"]}]},{"@type":"ImageObject","inLanguage":"sv-SE","@id":"https:\/\/hanval.ee\/sv\/#primaryimage","url":"https:\/\/hanval.ee\/wp-content\/uploads\/2022\/06\/EAS_SF_RGB_EST-300x88.jpg","contentUrl":"https:\/\/hanval.ee\/wp-content\/uploads\/2022\/06\/EAS_SF_RGB_EST-300x88.jpg"},{"@type":"BreadcrumbList","@id":"https:\/\/hanval.ee\/sv\/#breadcrumb","itemListElement":[{"@type":"ListItem","position":1,"name":"Home","item":"https:\/\/hanval.ee\/sv\/home\/"},{"@type":"ListItem","position":2,"name":"Startsida"}]},{"@type":"WebSite","@id":"https:\/\/hanval.ee\/sv\/#website","url":"https:\/\/hanval.ee\/sv\/","name":"Hanval Metall O\u00dc","description":"Metal Works","publisher":{"@id":"https:\/\/hanval.ee\/sv\/#organization"},"potentialAction":[{"@type":"SearchAction","target":{"@type":"EntryPoint","urlTemplate":"https:\/\/hanval.ee\/sv\/?s={search_term_string}"},"query-input":{"@type":"PropertyValueSpecification","valueRequired":true,"valueName":"search_term_string"}}],"inLanguage":"sv-SE"},{"@type":"Organization","@id":"https:\/\/hanval.ee\/sv\/#organization","name":"Hanval Metall O\u00dc","url":"https:\/\/hanval.ee\/sv\/","logo":{"@type":"ImageObject","inLanguage":"sv-SE","@id":"https:\/\/hanval.ee\/sv\/#\/schema\/logo\/image\/","url":"https:\/\/hanval.ee\/wp-content\/uploads\/2015\/11\/logo.png","contentUrl":"https:\/\/hanval.ee\/wp-content\/uploads\/2015\/11\/logo.png","width":409,"height":156,"caption":"Hanval Metall O\u00dc"},"image":{"@id":"https:\/\/hanval.ee\/sv\/#\/schema\/logo\/image\/"},"sameAs":["https:\/\/www.facebook.com\/HanvalMetall","https:\/\/www.linkedin.com\/company\/hanval-metall-o\/"]}]}},"_links":{"self":[{"href":"https:\/\/hanval.ee\/sv\/wp-json\/wp\/v2\/pages\/11818","targetHints":{"allow":["GET"]}}],"collection":[{"href":"https:\/\/hanval.ee\/sv\/wp-json\/wp\/v2\/pages"}],"about":[{"href":"https:\/\/hanval.ee\/sv\/wp-json\/wp\/v2\/types\/page"}],"author":[{"embeddable":true,"href":"https:\/\/hanval.ee\/sv\/wp-json\/wp\/v2\/users\/1"}],"replies":[{"embeddable":true,"href":"https:\/\/hanval.ee\/sv\/wp-json\/wp\/v2\/comments?post=11818"}],"version-history":[{"count":2,"href":"https:\/\/hanval.ee\/sv\/wp-json\/wp\/v2\/pages\/11818\/revisions"}],"predecessor-version":[{"id":12545,"href":"https:\/\/hanval.ee\/sv\/wp-json\/wp\/v2\/pages\/11818\/revisions\/12545"}],"wp:attachment":[{"href":"https:\/\/hanval.ee\/sv\/wp-json\/wp\/v2\/media?parent=11818"}],"curies":[{"name":"wp","href":"https:\/\/api.w.org\/{rel}","templated":true}]}}