{"id":11875,"date":"2024-04-17T16:12:22","date_gmt":"2024-04-17T13:12:22","guid":{"rendered":"https:\/\/hanval.ee\/om-oss\/"},"modified":"2024-04-19T12:07:46","modified_gmt":"2024-04-19T09:07:46","slug":"company","status":"publish","type":"page","link":"https:\/\/hanval.ee\/sv\/company\/","title":{"rendered":"Om oss"},"content":{"rendered":"\n<style type=\"text\/css\" data-created_by=\"avia_inline_auto\" id=\"style-css-av-5ntmwev-5bb3bf720eef1e68a87ec8b6ecd3513a\">\n.avia-section.av-5ntmwev-5bb3bf720eef1e68a87ec8b6ecd3513a{\nbackground-repeat:no-repeat;\nbackground-image:url(https:\/\/hanval.ee\/wp-content\/uploads\/2024\/04\/Hanval-Metall-15.jpg);\nbackground-position:50% 100%;\nbackground-attachment:fixed;\n}\n.avia-section.av-5ntmwev-5bb3bf720eef1e68a87ec8b6ecd3513a .av-section-color-overlay{\nopacity:0.5;\nbackground-color:#0a0a0a;\n}\n<\/style>\n<div id='av_section_1'  class='avia-section av-5ntmwev-5bb3bf720eef1e68a87ec8b6ecd3513a main_color avia-section-large avia-no-shadow  avia-builder-el-0  el_before_av_section  avia-builder-el-first  avia-full-stretch avia-bg-style-fixed av-section-color-overlay-active container_wrap fullsize'  data-section-bg-repeat='stretch'><div class=\"av-section-color-overlay-wrap\"><div class=\"av-section-color-overlay\"><\/div><div class='container av-section-cont-open' ><main  role=\"main\" itemprop=\"mainContentOfPage\"  class='template-page content  av-content-full alpha units'><div class='post-entry post-entry-type-page post-entry-11875'><div class='entry-content-wrapper clearfix'>\n\n<style type=\"text\/css\" data-created_by=\"avia_inline_auto\" id=\"style-css-av-545z2s7-0b0d4308559f703beacf1c8d71e7468e\">\n#top .av-special-heading.av-545z2s7-0b0d4308559f703beacf1c8d71e7468e{\npadding-bottom:0;\ncolor:#ffffff;\nfont-size:50px;\n}\nbody .av-special-heading.av-545z2s7-0b0d4308559f703beacf1c8d71e7468e .av-special-heading-tag .heading-char{\nfont-size:25px;\n}\n#top #wrap_all .av-special-heading.av-545z2s7-0b0d4308559f703beacf1c8d71e7468e .av-special-heading-tag{\nfont-size:50px;\n}\n.av-special-heading.av-545z2s7-0b0d4308559f703beacf1c8d71e7468e .special-heading-inner-border{\nborder-color:#ffffff;\n}\n.av-special-heading.av-545z2s7-0b0d4308559f703beacf1c8d71e7468e .av-subheading{\nfont-size:15px;\n}\n\n@media only screen and (min-width: 480px) and (max-width: 767px){ \n#top #wrap_all .av-special-heading.av-545z2s7-0b0d4308559f703beacf1c8d71e7468e .av-special-heading-tag{\nfont-size:0.8em;\n}\n}\n\n@media only screen and (max-width: 479px){ \n#top #wrap_all .av-special-heading.av-545z2s7-0b0d4308559f703beacf1c8d71e7468e .av-special-heading-tag{\nfont-size:0.8em;\n}\n}\n<\/style>\n<div  class='av-special-heading av-545z2s7-0b0d4308559f703beacf1c8d71e7468e av-special-heading-h3 custom-color-heading blockquote modern-quote modern-centered  avia-builder-el-1  el_before_av_hr  avia-builder-el-first  av-inherit-size'><h3 class='av-special-heading-tag'  itemprop=\"headline\"  >OM OSS<\/h3><div class='av_custom_color av-subheading av-subheading_below'><p>V\u00e5r huvudverksamhet utg\u00f6rs av mekanisk bearbetning av metaller med CNC-maskiner.<br \/>\nV\u00e5rt m\u00e5l \u00e4r att erbjuda den b\u00e4sta kvaliteten p\u00e5 tillverkningsmarknaden.<\/p>\n<\/div><div class=\"special-heading-border\"><div class=\"special-heading-inner-border\"><\/div><\/div><\/div>\n\n<style type=\"text\/css\" data-created_by=\"avia_inline_auto\" id=\"style-css-av-4pz30l3-14021f15d129b6743c818174511dceda\">\n#top .hr.av-4pz30l3-14021f15d129b6743c818174511dceda{\nmargin-top:30px;\nmargin-bottom:30px;\n}\n.hr.av-4pz30l3-14021f15d129b6743c818174511dceda .hr-inner{\nwidth:20%;\nborder-color:rgba(255,255,255,0.76);\nmax-width:45%;\n}\n.hr.av-4pz30l3-14021f15d129b6743c818174511dceda .av-seperator-icon{\ncolor:#ffffff;\n}\n<\/style>\n<div  class='hr av-4pz30l3-14021f15d129b6743c818174511dceda hr-custom  avia-builder-el-2  el_after_av_heading  avia-builder-el-last  hr-center hr-icon-yes'><span class='hr-inner inner-border-av-border-thin'><span class=\"hr-inner-style\"><\/span><\/span><span class='av-seperator-icon' aria-hidden='true' data-av_icon='\ue8bf' data-av_iconfont='entypo-fontello'><\/span><span class='hr-inner inner-border-av-border-thin'><span class=\"hr-inner-style\"><\/span><\/span><\/div>\n<\/div><\/div><\/main><!-- close content main element --><\/div><\/div><\/div>\n<style type=\"text\/css\" data-created_by=\"avia_inline_auto\" id=\"style-css-av-4da6yyf-fcca3d97bd1bb46712552ff94d3461f5\">\n.avia-section.av-4da6yyf-fcca3d97bd1bb46712552ff94d3461f5{\nbackground-color:#ffffff;\nbackground-image:unset;\n}\n<\/style>\n<div id='av_section_2'  class='avia-section av-4da6yyf-fcca3d97bd1bb46712552ff94d3461f5 main_color avia-section-small avia-no-border-styling  avia-builder-el-3  el_after_av_section  el_before_av_section  avia-bg-style-fixed container_wrap fullsize'  ><div class='container av-section-cont-open' ><div class='template-page content  av-content-full alpha units'><div class='post-entry post-entry-type-page post-entry-11875'><div class='entry-content-wrapper clearfix'>\n<div class='flex_column_table av-44iaddj-5f4829a3853eb92f2664e7e226c63924 sc-av_two_third av-equal-height-column-flextable'>\n<style type=\"text\/css\" data-created_by=\"avia_inline_auto\" id=\"style-css-av-44iaddj-5f4829a3853eb92f2664e7e226c63924\">\n#top .flex_column_table.av-equal-height-column-flextable.av-44iaddj-5f4829a3853eb92f2664e7e226c63924{\nmargin-top:-60px;\nmargin-bottom:0px;\n}\n.flex_column.av-44iaddj-5f4829a3853eb92f2664e7e226c63924{\nborder-radius:0px 0px 0px 0px;\npadding:30px 30px 30px 30px;\nbackground-color:#ffffff;\n}\n<\/style>\n<div  class='flex_column av-44iaddj-5f4829a3853eb92f2664e7e226c63924 av_two_third  avia-builder-el-4  el_before_av_one_third  avia-builder-el-first  first no_margin flex_column_table_cell av-equal-height-column av-align-top  '     ><p>\n<style type=\"text\/css\" data-created_by=\"avia_inline_auto\" id=\"style-css-av-3hhgu53-21f3c33cddfeb7fda57b90efb7936112\">\n#top .av-special-heading.av-3hhgu53-21f3c33cddfeb7fda57b90efb7936112{\npadding-bottom:10px;\n}\nbody .av-special-heading.av-3hhgu53-21f3c33cddfeb7fda57b90efb7936112 .av-special-heading-tag .heading-char{\nfont-size:25px;\n}\n.av-special-heading.av-3hhgu53-21f3c33cddfeb7fda57b90efb7936112 .av-subheading{\nfont-size:15px;\n}\n<\/style>\n<div  class='av-special-heading av-3hhgu53-21f3c33cddfeb7fda57b90efb7936112 av-special-heading-h2 blockquote modern-quote  avia-builder-el-5  el_before_av_video  avia-builder-el-first '><h2 class='av-special-heading-tag'  itemprop=\"headline\"  >OM OSS<\/h2><div class=\"special-heading-border\"><div class=\"special-heading-inner-border\"><\/div><\/div><\/div><br \/>\n<div  class='avia-video av-2xhu793-7292137cce4d8a68cf1e1294adf848a5 avia-video-16-9 av-no-preview-image avia-video-load-always avia-video-html5'  itemprop=\"video\" itemtype=\"https:\/\/schema.org\/VideoObject\"  data-original_url='https:\/\/hanval.ee\/wp-content\/uploads\/2019\/04\/Hanval-internet-v2ike-2.mp4'><video class='avia_video'    preload=\"auto\"  controls id='player_11875_1512320058_2064719696'><source src='https:\/\/hanval.ee\/wp-content\/uploads\/2019\/04\/Hanval-internet-v2ike-2.mp4' type='video\/mp4' \/><\/video><\/div><br \/>\n<section  class='av_textblock_section av-kze78stt-95bbe4dce8347f4067fed28bd16ae59e '   itemscope=\"itemscope\" itemtype=\"https:\/\/schema.org\/CreativeWork\" ><div class='avia_textblock'  itemprop=\"text\" ><p><strong>Hanval Metall<\/strong> \u00e4r ett sm\u00e5f\u00f6retag som grundades 1992. Hanval Metalls huvudverksamhet utg\u00f6rs av mekanisk bearbetning av metaller med CNC-maskiner. Som en underleverant\u00f6r tillhandah\u00e5ller vi detaljer som tillverkas efter kundernas ritningar. V\u00e5rt m\u00e5l \u00e4r att erbjuda den b\u00e4sta kvaliteten p\u00e5 tillverkningsmarknaden. Detta betyder f\u00f6r oss att vara flexibla och uppfylla kundens f\u00f6rv\u00e4ntningar genom l\u00e4mpliga ledtider och tillr\u00e4cklig tillverkningskapacitet.<\/p>\n<p>V\u00e5ra viktigaste tj\u00e4nster: <strong>CNC-maskinbearbetning<\/strong> (svarvning, fr\u00e4sning, borrning) och <strong>monteringsarbeten<\/strong> (svetsning)<br \/>\nProduktionsyta: <strong>1100 m2<\/strong><br \/>\nTeam: <strong>26 anst\u00e4llda<\/strong><br \/>\nMaskiner: <strong>18<\/strong><br \/>\nOms\u00e4ttning 2021: <strong>2 100 000 euro<\/strong><\/p>\n<\/div><\/section><\/p><\/div>\n<style type=\"text\/css\" data-created_by=\"avia_inline_auto\" id=\"style-css-av-2hr7ytz-051496760c1e3c3cdfa68f76e850b39d\">\n#top .flex_column_table.av-equal-height-column-flextable.av-2hr7ytz-051496760c1e3c3cdfa68f76e850b39d{\nmargin-top:-60px;\nmargin-bottom:0px;\n}\n.flex_column.av-2hr7ytz-051496760c1e3c3cdfa68f76e850b39d{\nborder-radius:0px 0px 0px 0px;\npadding:30px 30px 30px 30px;\nbackground-color:#f0f0f0;\n}\n<\/style>\n<div  class='flex_column av-2hr7ytz-051496760c1e3c3cdfa68f76e850b39d av_one_third  avia-builder-el-8  el_after_av_two_third  el_before_av_one_third  no_margin flex_column_table_cell av-equal-height-column av-align-top  '     ><p>\n<style type=\"text\/css\" data-created_by=\"avia_inline_auto\" id=\"style-css-av-24lyi2f-58f43b25353c889f931b7ba9a3d007fb\">\n#top .av-special-heading.av-24lyi2f-58f43b25353c889f931b7ba9a3d007fb{\npadding-bottom:10px;\n}\nbody .av-special-heading.av-24lyi2f-58f43b25353c889f931b7ba9a3d007fb .av-special-heading-tag .heading-char{\nfont-size:25px;\n}\n.av-special-heading.av-24lyi2f-58f43b25353c889f931b7ba9a3d007fb .av-subheading{\nfont-size:15px;\n}\n<\/style>\n<div  class='av-special-heading av-24lyi2f-58f43b25353c889f931b7ba9a3d007fb av-special-heading-h2 blockquote modern-quote  avia-builder-el-9  el_before_av_textblock  avia-builder-el-first '><h2 class='av-special-heading-tag'  itemprop=\"headline\"  >KONTAKT<\/h2><div class=\"special-heading-border\"><div class=\"special-heading-inner-border\"><\/div><\/div><\/div><br \/>\n<section  class='av_textblock_section av-1kh5e7r-871907bff65410f2bb5f48d3d72a0cf7 '   itemscope=\"itemscope\" itemtype=\"https:\/\/schema.org\/CreativeWork\" ><div class='avia_textblock'  itemprop=\"text\" ><blockquote>\n<p>F\u00f6rs\u00e4ljningsavdelning<br \/>\nTelefon: +372 51 41 100<br \/>\nE-post: <a href=\"mailto:inquiry@hanval.ee\">inquiry@hanval.ee<\/a><\/p>\n<\/blockquote>\n<hr \/>\n<p class=\"wpcf7-contact-form-not-found\"><strong>Fel:<\/strong> Kontaktformul\u00e4r hittades inte.<\/p>\n<\/div><\/section><\/p><\/div><\/div><!--close column table wrapper. Autoclose: 1 -->\n<style type=\"text\/css\" data-created_by=\"avia_inline_auto\" id=\"style-css-av-5jmvnb-a1fedbd9c00eb9a52082e87d5d766e11\">\n.flex_column.av-5jmvnb-a1fedbd9c00eb9a52082e87d5d766e11{\nborder-radius:0px 0px 0px 0px;\npadding:0px 0px 0px 0px;\n}\n<\/style>\n<div  class='flex_column av-5jmvnb-a1fedbd9c00eb9a52082e87d5d766e11 av_one_third  avia-builder-el-11  el_after_av_one_third  el_before_av_one_third  first flex_column_div av-zero-column-padding  column-top-margin'     ><section  class='av_textblock_section av-lamb3mda-26f826748c2960b7dcfdd74ac9097a91 '   itemscope=\"itemscope\" itemtype=\"https:\/\/schema.org\/CreativeWork\" ><div class='avia_textblock'  itemprop=\"text\" ><p>Du kan \u00e4ven l\u00e4sa en broschyr om HANVAL METALL <strong><a href=\"http:\/\/hanval.ee\/wp-content\/uploads\/2022\/10\/Hanval_metall_voldik2022.pdf\" target=\"_blank\" rel=\"noopener noreferrer\">H\u00c4R<\/a>.<\/strong><\/p>\n<p><a href=\"http:\/\/hanval.ee\/wp-content\/uploads\/2022\/10\/Hanval_metall_voldik2022.pdf\" target=\"_blank\" rel=\"noopener\"><img loading=\"lazy\" decoding=\"async\" class=\"size-medium wp-image-11784 aligncenter\" src=\"https:\/\/hanval.ee\/wp-content\/uploads\/2022\/10\/Hanval_metall_voldik2022_1-212x300.jpg\" alt=\"\" width=\"212\" height=\"300\" srcset=\"https:\/\/hanval.ee\/wp-content\/uploads\/2022\/10\/Hanval_metall_voldik2022_1-212x300.jpg 212w, https:\/\/hanval.ee\/wp-content\/uploads\/2022\/10\/Hanval_metall_voldik2022_1-726x1030.jpg 726w, https:\/\/hanval.ee\/wp-content\/uploads\/2022\/10\/Hanval_metall_voldik2022_1-768x1089.jpg 768w, https:\/\/hanval.ee\/wp-content\/uploads\/2022\/10\/Hanval_metall_voldik2022_1-497x705.jpg 497w, https:\/\/hanval.ee\/wp-content\/uploads\/2022\/10\/Hanval_metall_voldik2022_1.jpg 875w\" sizes=\"auto, (max-width: 212px) 100vw, 212px\" \/><\/a><\/p>\n<\/div><\/section><\/div>\n<style type=\"text\/css\" data-created_by=\"avia_inline_auto\" id=\"style-css-av-15yvyd3-01651668ad3ac9858cd0cc15a3863952\">\n.flex_column.av-15yvyd3-01651668ad3ac9858cd0cc15a3863952{\nborder-radius:0px 0px 0px 0px;\npadding:0px 0px 0px 0px;\n}\n<\/style>\n<div  class='flex_column av-15yvyd3-01651668ad3ac9858cd0cc15a3863952 av_one_third  avia-builder-el-13  el_after_av_one_third  el_before_av_one_third  flex_column_div av-zero-column-padding  column-top-margin'     ><section  class='av_textblock_section av-lamb55hm-7efe2b59a102e99baa19274f0c7e79d7 '   itemscope=\"itemscope\" itemtype=\"https:\/\/schema.org\/CreativeWork\" ><div class='avia_textblock'  itemprop=\"text\" ><p>L\u00e4s en artikel om HANVAL METALL i tidningen Sakala fr\u00e5n den 08 oktober 2022 <strong><a href=\"https:\/\/hanval.ee\/wp-content\/uploads\/2022\/11\/Hanval-metall-_Sakala_08-10-22.pdf\" target=\"_blank\" rel=\"noopener\">H\u00c4R<\/a><\/strong>.<\/p>\n<p><a href=\"https:\/\/hanval.ee\/wp-content\/uploads\/2022\/11\/Hanval-metall-_Sakala_08-10-22.pdf\" target=\"_blank\" rel=\"noopener\"><img loading=\"lazy\" decoding=\"async\" class=\"size-medium wp-image-11798 aligncenter\" src=\"https:\/\/hanval.ee\/wp-content\/uploads\/2022\/11\/Hanval-metall-_Sakala_08-10-22-225x300.jpg\" alt=\"\" width=\"225\" height=\"300\" srcset=\"https:\/\/hanval.ee\/wp-content\/uploads\/2022\/11\/Hanval-metall-_Sakala_08-10-22-225x300.jpg 225w, https:\/\/hanval.ee\/wp-content\/uploads\/2022\/11\/Hanval-metall-_Sakala_08-10-22-771x1030.jpg 771w, https:\/\/hanval.ee\/wp-content\/uploads\/2022\/11\/Hanval-metall-_Sakala_08-10-22-768x1026.jpg 768w, https:\/\/hanval.ee\/wp-content\/uploads\/2022\/11\/Hanval-metall-_Sakala_08-10-22-1150x1536.jpg 1150w, https:\/\/hanval.ee\/wp-content\/uploads\/2022\/11\/Hanval-metall-_Sakala_08-10-22-1533x2048.jpg 1533w, https:\/\/hanval.ee\/wp-content\/uploads\/2022\/11\/Hanval-metall-_Sakala_08-10-22-1123x1500.jpg 1123w, https:\/\/hanval.ee\/wp-content\/uploads\/2022\/11\/Hanval-metall-_Sakala_08-10-22-528x705.jpg 528w, https:\/\/hanval.ee\/wp-content\/uploads\/2022\/11\/Hanval-metall-_Sakala_08-10-22.jpg 1707w\" sizes=\"auto, (max-width: 225px) 100vw, 225px\" \/><\/a><\/p>\n<\/div><\/section><\/div>\n<style type=\"text\/css\" data-created_by=\"avia_inline_auto\" id=\"style-css-av-rzft87-40920723e55fe9c9258c966285288975\">\n.flex_column.av-rzft87-40920723e55fe9c9258c966285288975{\nborder-radius:0px 0px 0px 0px;\npadding:0px 0px 0px 0px;\n}\n<\/style>\n<div  class='flex_column av-rzft87-40920723e55fe9c9258c966285288975 av_one_third  avia-builder-el-15  el_after_av_one_third  avia-builder-el-last  flex_column_div av-zero-column-padding  column-top-margin'     ><\/div>\n<\/p>\n<\/div><\/div><\/div><!-- close content main div --><\/div><\/div><div id='av_section_3'  class='avia-section av-13zz87r-781b12f13ef30165dcac7b3d1928856f main_color avia-section-default avia-no-shadow  avia-builder-el-16  el_after_av_section  avia-builder-el-last  avia-bg-style-scroll container_wrap fullsize'  ><div class='container av-section-cont-open' ><div class='template-page content  av-content-full alpha units'><div class='post-entry post-entry-type-page post-entry-11875'><div class='entry-content-wrapper clearfix'>\n<div  class='avia-button-wrap avia-button-center  avia-builder-el-17  avia-builder-el-no-sibling '>\n<style type=\"text\/css\" data-created_by=\"avia_inline_auto\" id=\"style-css-av-niv7dj-893e1267790d41afe649f5d42575dd93\">\n#top #wrap_all .avia-button.av-niv7dj-893e1267790d41afe649f5d42575dd93{\ncolor:#ffffff;\ntransition:all 0.4s ease-in-out;\n}\n#top #wrap_all .avia-button.av-niv7dj-893e1267790d41afe649f5d42575dd93:hover{\ncolor:#ffffff;\ntransition:all 0.4s ease-in-out;\n}\n<\/style>\n<a href='https:\/\/hanval.ee\/et\/contact\/' class='avia-color-theme-color avia-button avia-button-fullwidth av-niv7dj-893e1267790d41afe649f5d42575dd93 avia-icon_select-no avia-color-theme-color'  ><span class='avia_iconbox_title' >Beh\u00f6ver du n\u00e4rmare information eller vill du ha en offert? Kontakta oss g\u00e4rna!<\/span><span class='avia_button_background avia-button avia-button-fullwidth avia-color-theme-color'><\/span><\/a><\/div>\n\n","protected":false},"excerpt":{"rendered":"","protected":false},"author":1,"featured_media":0,"parent":0,"menu_order":2,"comment_status":"open","ping_status":"closed","template":"","meta":{"_monsterinsights_skip_tracking":false,"_monsterinsights_sitenote_active":false,"_monsterinsights_sitenote_note":"","_monsterinsights_sitenote_category":0,"footnotes":"","_wp_rev_ctl_limit":"3"},"class_list":["post-11875","page","type-page","status-publish","hentry"],"yoast_head":"<!-- This site is optimized with the Yoast SEO plugin v26.9 - https:\/\/yoast.com\/product\/yoast-seo-wordpress\/ -->\n<title>Om oss - Hanval Metall O\u00dc<\/title>\n<meta name=\"description\" content=\"Hanval Metalls huvudverksamhet utg\u00f6rs av mekanisk bearbetning av metaller med CNC-maskiner. Som en underleverant\u00f6r tillhandah\u00e5ller vi detaljer som tillverkas efter kundernas ritningar.\" \/>\n<meta name=\"robots\" content=\"index, follow, max-snippet:-1, max-image-preview:large, max-video-preview:-1\" \/>\n<link rel=\"canonical\" href=\"https:\/\/hanval.ee\/sv\/company\/\" \/>\n<meta property=\"og:locale\" content=\"sv_SE\" \/>\n<meta property=\"og:type\" content=\"article\" \/>\n<meta property=\"og:title\" content=\"Om oss - Hanval Metall O\u00dc\" \/>\n<meta property=\"og:description\" content=\"Hanval Metalls huvudverksamhet utg\u00f6rs av mekanisk bearbetning av metaller med CNC-maskiner. Som en underleverant\u00f6r tillhandah\u00e5ller vi detaljer som tillverkas efter kundernas ritningar.\" \/>\n<meta property=\"og:url\" content=\"https:\/\/hanval.ee\/sv\/company\/\" \/>\n<meta property=\"og:site_name\" content=\"Hanval Metall O\u00dc\" \/>\n<meta property=\"article:publisher\" content=\"https:\/\/www.facebook.com\/HanvalMetall\" \/>\n<meta property=\"article:modified_time\" content=\"2024-04-19T09:07:46+00:00\" \/>\n<meta property=\"og:image\" content=\"https:\/\/hanval.ee\/wp-content\/uploads\/2024\/04\/Hanval-Metall-23.jpg\" \/>\n\t<meta property=\"og:image:width\" content=\"1800\" \/>\n\t<meta property=\"og:image:height\" content=\"1200\" \/>\n\t<meta property=\"og:image:type\" content=\"image\/jpeg\" \/>\n<meta name=\"twitter:card\" content=\"summary_large_image\" \/>\n<meta name=\"twitter:label1\" content=\"Ber\u00e4knad l\u00e4stid\" \/>\n\t<meta name=\"twitter:data1\" content=\"2 minuter\" \/>\n<script type=\"application\/ld+json\" class=\"yoast-schema-graph\">{\"@context\":\"https:\/\/schema.org\",\"@graph\":[{\"@type\":\"WebPage\",\"@id\":\"https:\/\/hanval.ee\/sv\/company\/\",\"url\":\"https:\/\/hanval.ee\/sv\/company\/\",\"name\":\"Om oss - Hanval Metall O\u00dc\",\"isPartOf\":{\"@id\":\"https:\/\/hanval.ee\/sv\/#website\"},\"primaryImageOfPage\":{\"@id\":\"https:\/\/hanval.ee\/sv\/company\/#primaryimage\"},\"image\":{\"@id\":\"https:\/\/hanval.ee\/sv\/company\/#primaryimage\"},\"thumbnailUrl\":\"https:\/\/hanval.ee\/wp-content\/uploads\/2022\/10\/Hanval_metall_voldik2022_1-212x300.jpg\",\"datePublished\":\"2024-04-17T13:12:22+00:00\",\"dateModified\":\"2024-04-19T09:07:46+00:00\",\"description\":\"Hanval Metalls huvudverksamhet utg\u00f6rs av mekanisk bearbetning av metaller med CNC-maskiner. Som en underleverant\u00f6r tillhandah\u00e5ller vi detaljer som tillverkas efter kundernas ritningar.\",\"breadcrumb\":{\"@id\":\"https:\/\/hanval.ee\/sv\/company\/#breadcrumb\"},\"inLanguage\":\"sv-SE\",\"potentialAction\":[{\"@type\":\"ReadAction\",\"target\":[\"https:\/\/hanval.ee\/sv\/company\/\"]}]},{\"@type\":\"ImageObject\",\"inLanguage\":\"sv-SE\",\"@id\":\"https:\/\/hanval.ee\/sv\/company\/#primaryimage\",\"url\":\"https:\/\/hanval.ee\/wp-content\/uploads\/2022\/10\/Hanval_metall_voldik2022_1-212x300.jpg\",\"contentUrl\":\"https:\/\/hanval.ee\/wp-content\/uploads\/2022\/10\/Hanval_metall_voldik2022_1-212x300.jpg\"},{\"@type\":\"BreadcrumbList\",\"@id\":\"https:\/\/hanval.ee\/sv\/company\/#breadcrumb\",\"itemListElement\":[{\"@type\":\"ListItem\",\"position\":1,\"name\":\"Home\",\"item\":\"https:\/\/hanval.ee\/sv\/home\/\"},{\"@type\":\"ListItem\",\"position\":2,\"name\":\"Om oss\"}]},{\"@type\":\"WebSite\",\"@id\":\"https:\/\/hanval.ee\/sv\/#website\",\"url\":\"https:\/\/hanval.ee\/sv\/\",\"name\":\"Hanval Metall O\u00dc\",\"description\":\"Metal Works\",\"publisher\":{\"@id\":\"https:\/\/hanval.ee\/sv\/#organization\"},\"potentialAction\":[{\"@type\":\"SearchAction\",\"target\":{\"@type\":\"EntryPoint\",\"urlTemplate\":\"https:\/\/hanval.ee\/sv\/?s={search_term_string}\"},\"query-input\":{\"@type\":\"PropertyValueSpecification\",\"valueRequired\":true,\"valueName\":\"search_term_string\"}}],\"inLanguage\":\"sv-SE\"},{\"@type\":\"Organization\",\"@id\":\"https:\/\/hanval.ee\/sv\/#organization\",\"name\":\"Hanval Metall O\u00dc\",\"url\":\"https:\/\/hanval.ee\/sv\/\",\"logo\":{\"@type\":\"ImageObject\",\"inLanguage\":\"sv-SE\",\"@id\":\"https:\/\/hanval.ee\/sv\/#\/schema\/logo\/image\/\",\"url\":\"https:\/\/hanval.ee\/wp-content\/uploads\/2015\/11\/logo.png\",\"contentUrl\":\"https:\/\/hanval.ee\/wp-content\/uploads\/2015\/11\/logo.png\",\"width\":409,\"height\":156,\"caption\":\"Hanval Metall O\u00dc\"},\"image\":{\"@id\":\"https:\/\/hanval.ee\/sv\/#\/schema\/logo\/image\/\"},\"sameAs\":[\"https:\/\/www.facebook.com\/HanvalMetall\",\"https:\/\/www.linkedin.com\/company\/hanval-metall-o\/\"]}]}<\/script>\n<!-- \/ Yoast SEO plugin. -->","yoast_head_json":{"title":"Om oss - Hanval Metall O\u00dc","description":"Hanval Metalls huvudverksamhet utg\u00f6rs av mekanisk bearbetning av metaller med CNC-maskiner. Som en underleverant\u00f6r tillhandah\u00e5ller vi detaljer som tillverkas efter kundernas ritningar.","robots":{"index":"index","follow":"follow","max-snippet":"max-snippet:-1","max-image-preview":"max-image-preview:large","max-video-preview":"max-video-preview:-1"},"canonical":"https:\/\/hanval.ee\/sv\/company\/","og_locale":"sv_SE","og_type":"article","og_title":"Om oss - Hanval Metall O\u00dc","og_description":"Hanval Metalls huvudverksamhet utg\u00f6rs av mekanisk bearbetning av metaller med CNC-maskiner. Som en underleverant\u00f6r tillhandah\u00e5ller vi detaljer som tillverkas efter kundernas ritningar.","og_url":"https:\/\/hanval.ee\/sv\/company\/","og_site_name":"Hanval Metall O\u00dc","article_publisher":"https:\/\/www.facebook.com\/HanvalMetall","article_modified_time":"2024-04-19T09:07:46+00:00","og_image":[{"width":1800,"height":1200,"url":"https:\/\/hanval.ee\/wp-content\/uploads\/2024\/04\/Hanval-Metall-23.jpg","type":"image\/jpeg"}],"twitter_card":"summary_large_image","twitter_misc":{"Ber\u00e4knad l\u00e4stid":"2 minuter"},"schema":{"@context":"https:\/\/schema.org","@graph":[{"@type":"WebPage","@id":"https:\/\/hanval.ee\/sv\/company\/","url":"https:\/\/hanval.ee\/sv\/company\/","name":"Om oss - Hanval Metall O\u00dc","isPartOf":{"@id":"https:\/\/hanval.ee\/sv\/#website"},"primaryImageOfPage":{"@id":"https:\/\/hanval.ee\/sv\/company\/#primaryimage"},"image":{"@id":"https:\/\/hanval.ee\/sv\/company\/#primaryimage"},"thumbnailUrl":"https:\/\/hanval.ee\/wp-content\/uploads\/2022\/10\/Hanval_metall_voldik2022_1-212x300.jpg","datePublished":"2024-04-17T13:12:22+00:00","dateModified":"2024-04-19T09:07:46+00:00","description":"Hanval Metalls huvudverksamhet utg\u00f6rs av mekanisk bearbetning av metaller med CNC-maskiner. Som en underleverant\u00f6r tillhandah\u00e5ller vi detaljer som tillverkas efter kundernas ritningar.","breadcrumb":{"@id":"https:\/\/hanval.ee\/sv\/company\/#breadcrumb"},"inLanguage":"sv-SE","potentialAction":[{"@type":"ReadAction","target":["https:\/\/hanval.ee\/sv\/company\/"]}]},{"@type":"ImageObject","inLanguage":"sv-SE","@id":"https:\/\/hanval.ee\/sv\/company\/#primaryimage","url":"https:\/\/hanval.ee\/wp-content\/uploads\/2022\/10\/Hanval_metall_voldik2022_1-212x300.jpg","contentUrl":"https:\/\/hanval.ee\/wp-content\/uploads\/2022\/10\/Hanval_metall_voldik2022_1-212x300.jpg"},{"@type":"BreadcrumbList","@id":"https:\/\/hanval.ee\/sv\/company\/#breadcrumb","itemListElement":[{"@type":"ListItem","position":1,"name":"Home","item":"https:\/\/hanval.ee\/sv\/home\/"},{"@type":"ListItem","position":2,"name":"Om oss"}]},{"@type":"WebSite","@id":"https:\/\/hanval.ee\/sv\/#website","url":"https:\/\/hanval.ee\/sv\/","name":"Hanval Metall O\u00dc","description":"Metal Works","publisher":{"@id":"https:\/\/hanval.ee\/sv\/#organization"},"potentialAction":[{"@type":"SearchAction","target":{"@type":"EntryPoint","urlTemplate":"https:\/\/hanval.ee\/sv\/?s={search_term_string}"},"query-input":{"@type":"PropertyValueSpecification","valueRequired":true,"valueName":"search_term_string"}}],"inLanguage":"sv-SE"},{"@type":"Organization","@id":"https:\/\/hanval.ee\/sv\/#organization","name":"Hanval Metall O\u00dc","url":"https:\/\/hanval.ee\/sv\/","logo":{"@type":"ImageObject","inLanguage":"sv-SE","@id":"https:\/\/hanval.ee\/sv\/#\/schema\/logo\/image\/","url":"https:\/\/hanval.ee\/wp-content\/uploads\/2015\/11\/logo.png","contentUrl":"https:\/\/hanval.ee\/wp-content\/uploads\/2015\/11\/logo.png","width":409,"height":156,"caption":"Hanval Metall O\u00dc"},"image":{"@id":"https:\/\/hanval.ee\/sv\/#\/schema\/logo\/image\/"},"sameAs":["https:\/\/www.facebook.com\/HanvalMetall","https:\/\/www.linkedin.com\/company\/hanval-metall-o\/"]}]}},"_links":{"self":[{"href":"https:\/\/hanval.ee\/sv\/wp-json\/wp\/v2\/pages\/11875","targetHints":{"allow":["GET"]}}],"collection":[{"href":"https:\/\/hanval.ee\/sv\/wp-json\/wp\/v2\/pages"}],"about":[{"href":"https:\/\/hanval.ee\/sv\/wp-json\/wp\/v2\/types\/page"}],"author":[{"embeddable":true,"href":"https:\/\/hanval.ee\/sv\/wp-json\/wp\/v2\/users\/1"}],"replies":[{"embeddable":true,"href":"https:\/\/hanval.ee\/sv\/wp-json\/wp\/v2\/comments?post=11875"}],"version-history":[{"count":2,"href":"https:\/\/hanval.ee\/sv\/wp-json\/wp\/v2\/pages\/11875\/revisions"}],"predecessor-version":[{"id":12539,"href":"https:\/\/hanval.ee\/sv\/wp-json\/wp\/v2\/pages\/11875\/revisions\/12539"}],"wp:attachment":[{"href":"https:\/\/hanval.ee\/sv\/wp-json\/wp\/v2\/media?parent=11875"}],"curies":[{"name":"wp","href":"https:\/\/api.w.org\/{rel}","templated":true}]}}