{"id":11927,"date":"2024-04-17T16:38:50","date_gmt":"2024-04-17T13:38:50","guid":{"rendered":"https:\/\/hanval.ee\/svarvning\/"},"modified":"2024-04-19T12:07:58","modified_gmt":"2024-04-19T09:07:58","slug":"svarvning","status":"publish","type":"page","link":"https:\/\/hanval.ee\/sv\/svarvning\/","title":{"rendered":"Svarvning"},"content":{"rendered":"\n<style type=\"text\/css\" data-created_by=\"avia_inline_auto\" id=\"style-css-av-5x0jmga-a46f102269b0e9d09be75485009565b1\">\n.avia-section.av-5x0jmga-a46f102269b0e9d09be75485009565b1{\nbackground-repeat:no-repeat;\nbackground-image:url(https:\/\/hanval.ee\/wp-content\/uploads\/2024\/04\/Hanval-Metall-23.jpg);\nbackground-position:100% 100%;\nbackground-attachment:fixed;\n}\n.avia-section.av-5x0jmga-a46f102269b0e9d09be75485009565b1 .av-section-color-overlay{\nopacity:0.5;\nbackground-color:#0a0a0a;\n}\n<\/style>\n<div id='av_section_1'  class='avia-section av-5x0jmga-a46f102269b0e9d09be75485009565b1 main_color avia-section-large avia-no-shadow  avia-builder-el-0  el_before_av_section  avia-builder-el-first  avia-full-stretch avia-bg-style-fixed av-section-color-overlay-active container_wrap fullsize'  data-section-bg-repeat='stretch'><div class=\"av-section-color-overlay-wrap\"><div class=\"av-section-color-overlay\"><\/div><div class='container av-section-cont-open' ><main  role=\"main\" itemprop=\"mainContentOfPage\"  class='template-page content  av-content-full alpha units'><div class='post-entry post-entry-type-page post-entry-11927'><div class='entry-content-wrapper clearfix'>\n\n<style type=\"text\/css\" data-created_by=\"avia_inline_auto\" id=\"style-css-av-5e7q1yi-c2280e24569210b6e368fb025ba847f1\">\n#top .av-special-heading.av-5e7q1yi-c2280e24569210b6e368fb025ba847f1{\npadding-bottom:0;\ncolor:#ffffff;\nfont-size:50px;\n}\nbody .av-special-heading.av-5e7q1yi-c2280e24569210b6e368fb025ba847f1 .av-special-heading-tag .heading-char{\nfont-size:25px;\n}\n#top #wrap_all .av-special-heading.av-5e7q1yi-c2280e24569210b6e368fb025ba847f1 .av-special-heading-tag{\nfont-size:50px;\n}\n.av-special-heading.av-5e7q1yi-c2280e24569210b6e368fb025ba847f1 .special-heading-inner-border{\nborder-color:#ffffff;\n}\n.av-special-heading.av-5e7q1yi-c2280e24569210b6e368fb025ba847f1 .av-subheading{\nfont-size:15px;\n}\n\n@media only screen and (min-width: 480px) and (max-width: 767px){ \n#top #wrap_all .av-special-heading.av-5e7q1yi-c2280e24569210b6e368fb025ba847f1 .av-special-heading-tag{\nfont-size:0.8em;\n}\n}\n\n@media only screen and (max-width: 479px){ \n#top #wrap_all .av-special-heading.av-5e7q1yi-c2280e24569210b6e368fb025ba847f1 .av-special-heading-tag{\nfont-size:0.8em;\n}\n}\n<\/style>\n<div  class='av-special-heading av-5e7q1yi-c2280e24569210b6e368fb025ba847f1 av-special-heading-h3 custom-color-heading blockquote modern-quote modern-centered  avia-builder-el-1  el_before_av_hr  avia-builder-el-first  av-inherit-size'><h3 class='av-special-heading-tag'  itemprop=\"headline\"  >Svarvning<\/h3><div class='av_custom_color av-subheading av-subheading_below'><p>V\u00e5r huvudverksamhet utg\u00f6rs av mekanisk bearbetning av metaller med CNC-maskiner.<br \/>\nV\u00e5rt m\u00e5l \u00e4r att erbjuda den b\u00e4sta kvaliteten p\u00e5 tillverkningsmarknaden.<\/p>\n<\/div><div class=\"special-heading-border\"><div class=\"special-heading-inner-border\"><\/div><\/div><\/div>\n\n<style type=\"text\/css\" data-created_by=\"avia_inline_auto\" id=\"style-css-av-4u1widm-43026844308ea542995c8f476f7e4b61\">\n#top .hr.av-4u1widm-43026844308ea542995c8f476f7e4b61{\nmargin-top:30px;\nmargin-bottom:30px;\n}\n.hr.av-4u1widm-43026844308ea542995c8f476f7e4b61 .hr-inner{\nwidth:20%;\nborder-color:rgba(255,255,255,0.76);\nmax-width:45%;\n}\n.hr.av-4u1widm-43026844308ea542995c8f476f7e4b61 .av-seperator-icon{\ncolor:#ffffff;\n}\n<\/style>\n<div  class='hr av-4u1widm-43026844308ea542995c8f476f7e4b61 hr-custom  avia-builder-el-2  el_after_av_heading  avia-builder-el-last  hr-center hr-icon-yes'><span class='hr-inner inner-border-av-border-thin'><span class=\"hr-inner-style\"><\/span><\/span><span class='av-seperator-icon' aria-hidden='true' data-av_icon='\ue8bf' data-av_iconfont='entypo-fontello'><\/span><span class='hr-inner inner-border-av-border-thin'><span class=\"hr-inner-style\"><\/span><\/span><\/div>\n<\/div><\/div><\/main><!-- close content main element --><\/div><\/div><\/div>\n<style type=\"text\/css\" data-created_by=\"avia_inline_auto\" id=\"style-css-av-1l5ulm-abd3a4c6f8e8aa59807591aafcdc1c86\">\n.avia-section.av-1l5ulm-abd3a4c6f8e8aa59807591aafcdc1c86{\nbackground-color:#ffffff;\nbackground-image:unset;\n}\n<\/style>\n<div id='av_section_2'  class='avia-section av-1l5ulm-abd3a4c6f8e8aa59807591aafcdc1c86 main_color avia-section-small avia-no-border-styling  avia-builder-el-3  el_after_av_section  el_before_av_section  avia-bg-style-fixed container_wrap fullsize'  ><div class='container av-section-cont-open' ><div class='template-page content  av-content-full alpha units'><div class='post-entry post-entry-type-page post-entry-11927'><div class='entry-content-wrapper clearfix'>\n<div class='flex_column_table av-3szwocq-e308fa4ecf5930c8b800544c5ced974d sc-av_two_third av-equal-height-column-flextable'>\n<style type=\"text\/css\" data-created_by=\"avia_inline_auto\" id=\"style-css-av-3szwocq-e308fa4ecf5930c8b800544c5ced974d\">\n#top .flex_column_table.av-equal-height-column-flextable.av-3szwocq-e308fa4ecf5930c8b800544c5ced974d{\nmargin-top:-60px;\nmargin-bottom:0px;\n}\n.flex_column.av-3szwocq-e308fa4ecf5930c8b800544c5ced974d{\nborder-radius:0px 0px 0px 0px;\npadding:30px 30px 30px 30px;\nbackground-color:#ffffff;\n}\n<\/style>\n<div  class='flex_column av-3szwocq-e308fa4ecf5930c8b800544c5ced974d av_two_third  avia-builder-el-4  el_before_av_one_third  avia-builder-el-first  first no_margin flex_column_table_cell av-equal-height-column av-align-top  '     ><p>\n<style type=\"text\/css\" data-created_by=\"avia_inline_auto\" id=\"style-css-av-3devx0q-9ae9a687acdaaf45ec1b739bfe5274ec\">\n#top .av-special-heading.av-3devx0q-9ae9a687acdaaf45ec1b739bfe5274ec{\npadding-bottom:10px;\n}\nbody .av-special-heading.av-3devx0q-9ae9a687acdaaf45ec1b739bfe5274ec .av-special-heading-tag .heading-char{\nfont-size:25px;\n}\n.av-special-heading.av-3devx0q-9ae9a687acdaaf45ec1b739bfe5274ec .av-subheading{\nfont-size:15px;\n}\n<\/style>\n<div  class='av-special-heading av-3devx0q-9ae9a687acdaaf45ec1b739bfe5274ec av-special-heading-h2 blockquote modern-quote  avia-builder-el-5  el_before_av_textblock  avia-builder-el-first '><h2 class='av-special-heading-tag'  itemprop=\"headline\"  >V\u00c5R PRODUKTIONSKAPACITET<\/h2><div class=\"special-heading-border\"><div class=\"special-heading-inner-border\"><\/div><\/div><\/div><br \/>\n<section  class='av_textblock_section av-34ann7u-22088759c04b4ed339eb182090944fe1 '   itemscope=\"itemscope\" itemtype=\"https:\/\/schema.org\/CreativeWork\" ><div class='avia_textblock'  itemprop=\"text\" ><p><strong>Vi bearbetar kolst\u00e5l, rostfritt st\u00e5l, aluminium, m\u00e4ssing, brons och olika plaster.<\/strong><br \/>\n<strong>Alla material \u00e4r certifierade.<\/strong><\/p>\n<p><strong>Svarvning<\/strong><br \/>\nMax diameter = 800 mm<br \/>\nMax l\u00e4ngd = 2000 mm<\/p>\n<p><strong>Djupborrning<\/strong><br \/>\nMax diameter = 105 mm<br \/>\nMax djup = 400 mm<\/p>\n<p><strong>Detaljer med liten diameter (diameter 10 \u2013 50 mm)<\/strong><br \/>\n\u2013 automatisk svarvning med CNC-svarvmaskiner<br \/>\n\u2013 2 st\u00e5ngmatare p\u00e5 1,5 m<br \/>\n\u2013 st\u00e5ngmatare p\u00e5 3 m<\/p>\n<p><strong>Detaljer med medelstor diameter (diameter 50 \u2013 300 mm)<\/strong><br \/>\n\u2013 vi anv\u00e4nder s\u00e5v\u00e4l CNC-baserade som manuella svarvmaskiner<br \/>\n\u2013 CNC-svarvmaskinerna har aktiva verktyg<br \/>\n\u2013 bearbetningsprocesser kombinerade med CNC-fr\u00e4sning<\/p>\n<p><strong>Stora detaljer<\/strong><br \/>\n\u2013 max diameter f\u00f6r svarvning 600 mm<\/p>\n<p><strong>Djupborrning<\/strong><br \/>\n\u2013 max diameter av borrh\u00e5l 108 mm<br \/>\n\u2013 max borrningsdjup 400 mm<\/p>\n<p><strong>CNC-svarvning<\/strong><br \/>\nMax ytterdiameter = 600 mm<br \/>\nMax innerdiameter = 350 mm<br \/>\nMax l\u00e4ngd = 700 mm<br \/>\nMax diameter av st\u00e5ngmatare = 70 mm<\/p>\n<p><strong>Borrning<\/strong><br \/>\nMax diameter = 35 mm<br \/>\nMax djup = 400 mm<\/p>\n<\/div><\/section><br \/>\n\n<style type=\"text\/css\" data-created_by=\"avia_inline_auto\" id=\"style-css-av-2h79y2y-15cd6fc358d83dd67cab61f934a9be1a\">\n.avia-image-container.av-2h79y2y-15cd6fc358d83dd67cab61f934a9be1a img.avia_image{\nbox-shadow:none;\n}\n.avia-image-container.av-2h79y2y-15cd6fc358d83dd67cab61f934a9be1a .av-image-caption-overlay-center{\ncolor:#ffffff;\n}\n<\/style>\n<div  class='avia-image-container av-2h79y2y-15cd6fc358d83dd67cab61f934a9be1a av-styling- avia-align-center  avia-builder-el-7  el_after_av_textblock  avia-builder-el-last '   itemprop=\"image\" itemscope=\"itemscope\" itemtype=\"https:\/\/schema.org\/ImageObject\" ><div class=\"avia-image-container-inner\"><div class=\"avia-image-overlay-wrap\"><img decoding=\"async\" fetchpriority=\"high\" class='wp-image- avia-img-lazy-loading-not- avia_image ' src=\"http:\/\/hanval.ee\/wp-content\/uploads\/2014\/07\/photo-19-of-28.jpg\" alt='' title=''   itemprop=\"thumbnailUrl\"  \/><\/div><\/div><\/div><\/p><\/div>\n<style type=\"text\/css\" data-created_by=\"avia_inline_auto\" id=\"style-css-av-27jinmy-0bf2703a379341db58e6f7b8cb3ebe56\">\n#top .flex_column_table.av-equal-height-column-flextable.av-27jinmy-0bf2703a379341db58e6f7b8cb3ebe56{\nmargin-top:-60px;\nmargin-bottom:0px;\n}\n.flex_column.av-27jinmy-0bf2703a379341db58e6f7b8cb3ebe56{\nborder-radius:0px 0px 0px 0px;\npadding:30px 30px 30px 30px;\nbackground-color:#f0f0f0;\n}\n<\/style>\n<div  class='flex_column av-27jinmy-0bf2703a379341db58e6f7b8cb3ebe56 av_one_third  avia-builder-el-8  el_after_av_two_third  avia-builder-el-last  no_margin flex_column_table_cell av-equal-height-column av-align-top  '     ><p>\n<style type=\"text\/css\" data-created_by=\"avia_inline_auto\" id=\"style-css-av-1lxheay-7a10debc393bfb63a76d6085485eea18\">\n#top .av-special-heading.av-1lxheay-7a10debc393bfb63a76d6085485eea18{\npadding-bottom:10px;\n}\nbody .av-special-heading.av-1lxheay-7a10debc393bfb63a76d6085485eea18 .av-special-heading-tag .heading-char{\nfont-size:25px;\n}\n.av-special-heading.av-1lxheay-7a10debc393bfb63a76d6085485eea18 .av-subheading{\nfont-size:15px;\n}\n<\/style>\n<div  class='av-special-heading av-1lxheay-7a10debc393bfb63a76d6085485eea18 av-special-heading-h2 blockquote modern-quote  avia-builder-el-9  el_before_av_textblock  avia-builder-el-first '><h2 class='av-special-heading-tag'  itemprop=\"headline\"  >KONTAKT<\/h2><div class=\"special-heading-border\"><div class=\"special-heading-inner-border\"><\/div><\/div><\/div><br \/>\n<section  class='av_textblock_section av-lnioq4np-76ef3acfea1ba36e0e982763a7b9704e '   itemscope=\"itemscope\" itemtype=\"https:\/\/schema.org\/CreativeWork\" ><div class='avia_textblock'  itemprop=\"text\" ><blockquote>\n<p>F\u00f6rs\u00e4ljningsavdelning<br \/>\nTelefon: +372 51 41 100<br \/>\nE-post: <a href=\"mailto:inquiry@hanval.ee\">inquiry@hanval.ee<\/a><\/p>\n<\/blockquote>\n<hr \/>\n<p class=\"wpcf7-contact-form-not-found\"><strong>Fel:<\/strong> Kontaktformul\u00e4r hittades inte.<\/p>\n<\/div><\/section><\/p><\/div><\/div><!--close column table wrapper. Autoclose: 1 -->\n<\/p>\n<\/div><\/div><\/div><!-- close content main div --><\/div><\/div><div id='av_section_3'  class='avia-section av-1a76mx6-1a630c1931e8d048a0b761143a90bbc2 main_color avia-section-default avia-no-shadow  avia-builder-el-11  el_after_av_section  avia-builder-el-last  avia-bg-style-scroll container_wrap fullsize'  ><div class='container av-section-cont-open' ><div class='template-page content  av-content-full alpha units'><div class='post-entry post-entry-type-page post-entry-11927'><div class='entry-content-wrapper clearfix'>\n<div  class='avia-button-wrap avia-button-center  avia-builder-el-12  avia-builder-el-no-sibling '>\n<style type=\"text\/css\" data-created_by=\"avia_inline_auto\" id=\"style-css-av-ma19je-99fb3fa0229ecdfc2af57a2ac16ee7ed\">\n#top #wrap_all .avia-button.av-ma19je-99fb3fa0229ecdfc2af57a2ac16ee7ed{\ncolor:#ffffff;\ntransition:all 0.4s ease-in-out;\n}\n#top #wrap_all .avia-button.av-ma19je-99fb3fa0229ecdfc2af57a2ac16ee7ed:hover{\ncolor:#ffffff;\ntransition:all 0.4s ease-in-out;\n}\n<\/style>\n<a href='https:\/\/hanval.ee\/et\/contact\/' class='avia-color-theme-color avia-button avia-button-fullwidth av-ma19je-99fb3fa0229ecdfc2af57a2ac16ee7ed avia-icon_select-no avia-color-theme-color'  ><span class='avia_iconbox_title' >Beh\u00f6ver du n\u00e4rmare information eller vill du ha en offert? Kontakta oss g\u00e4rna!<\/span><span class='avia_button_background avia-button avia-button-fullwidth avia-color-theme-color'><\/span><\/a><\/div>\n\n","protected":false},"excerpt":{"rendered":"","protected":false},"author":1,"featured_media":0,"parent":0,"menu_order":4,"comment_status":"closed","ping_status":"closed","template":"","meta":{"_monsterinsights_skip_tracking":false,"_monsterinsights_sitenote_active":false,"_monsterinsights_sitenote_note":"","_monsterinsights_sitenote_category":0,"footnotes":"","_wp_rev_ctl_limit":"3"},"class_list":["post-11927","page","type-page","status-publish","hentry"],"yoast_head":"<!-- This site is optimized with the Yoast SEO plugin v26.9 - https:\/\/yoast.com\/product\/yoast-seo-wordpress\/ -->\n<title>Svarvning - Hanval Metall O\u00dc<\/title>\n<meta name=\"robots\" content=\"index, follow, max-snippet:-1, max-image-preview:large, max-video-preview:-1\" \/>\n<link rel=\"canonical\" href=\"https:\/\/hanval.ee\/sv\/svarvning\/\" \/>\n<meta property=\"og:locale\" content=\"sv_SE\" \/>\n<meta property=\"og:type\" content=\"article\" \/>\n<meta property=\"og:title\" content=\"Svarvning - Hanval Metall O\u00dc\" \/>\n<meta property=\"og:url\" content=\"https:\/\/hanval.ee\/sv\/svarvning\/\" \/>\n<meta property=\"og:site_name\" content=\"Hanval Metall O\u00dc\" \/>\n<meta property=\"article:publisher\" content=\"https:\/\/www.facebook.com\/HanvalMetall\" \/>\n<meta property=\"article:modified_time\" content=\"2024-04-19T09:07:58+00:00\" \/>\n<meta name=\"twitter:card\" content=\"summary_large_image\" \/>\n<meta name=\"twitter:label1\" content=\"Ber\u00e4knad l\u00e4stid\" \/>\n\t<meta name=\"twitter:data1\" content=\"2 minuter\" \/>\n<script type=\"application\/ld+json\" class=\"yoast-schema-graph\">{\"@context\":\"https:\/\/schema.org\",\"@graph\":[{\"@type\":\"WebPage\",\"@id\":\"https:\/\/hanval.ee\/sv\/svarvning\/\",\"url\":\"https:\/\/hanval.ee\/sv\/svarvning\/\",\"name\":\"Svarvning - Hanval Metall O\u00dc\",\"isPartOf\":{\"@id\":\"https:\/\/hanval.ee\/sv\/#website\"},\"datePublished\":\"2024-04-17T13:38:50+00:00\",\"dateModified\":\"2024-04-19T09:07:58+00:00\",\"breadcrumb\":{\"@id\":\"https:\/\/hanval.ee\/sv\/svarvning\/#breadcrumb\"},\"inLanguage\":\"sv-SE\",\"potentialAction\":[{\"@type\":\"ReadAction\",\"target\":[\"https:\/\/hanval.ee\/sv\/svarvning\/\"]}]},{\"@type\":\"BreadcrumbList\",\"@id\":\"https:\/\/hanval.ee\/sv\/svarvning\/#breadcrumb\",\"itemListElement\":[{\"@type\":\"ListItem\",\"position\":1,\"name\":\"Home\",\"item\":\"https:\/\/hanval.ee\/sv\/home\/\"},{\"@type\":\"ListItem\",\"position\":2,\"name\":\"Svarvning\"}]},{\"@type\":\"WebSite\",\"@id\":\"https:\/\/hanval.ee\/sv\/#website\",\"url\":\"https:\/\/hanval.ee\/sv\/\",\"name\":\"Hanval Metall O\u00dc\",\"description\":\"Metal Works\",\"publisher\":{\"@id\":\"https:\/\/hanval.ee\/sv\/#organization\"},\"potentialAction\":[{\"@type\":\"SearchAction\",\"target\":{\"@type\":\"EntryPoint\",\"urlTemplate\":\"https:\/\/hanval.ee\/sv\/?s={search_term_string}\"},\"query-input\":{\"@type\":\"PropertyValueSpecification\",\"valueRequired\":true,\"valueName\":\"search_term_string\"}}],\"inLanguage\":\"sv-SE\"},{\"@type\":\"Organization\",\"@id\":\"https:\/\/hanval.ee\/sv\/#organization\",\"name\":\"Hanval Metall O\u00dc\",\"url\":\"https:\/\/hanval.ee\/sv\/\",\"logo\":{\"@type\":\"ImageObject\",\"inLanguage\":\"sv-SE\",\"@id\":\"https:\/\/hanval.ee\/sv\/#\/schema\/logo\/image\/\",\"url\":\"https:\/\/hanval.ee\/wp-content\/uploads\/2015\/11\/logo.png\",\"contentUrl\":\"https:\/\/hanval.ee\/wp-content\/uploads\/2015\/11\/logo.png\",\"width\":409,\"height\":156,\"caption\":\"Hanval Metall O\u00dc\"},\"image\":{\"@id\":\"https:\/\/hanval.ee\/sv\/#\/schema\/logo\/image\/\"},\"sameAs\":[\"https:\/\/www.facebook.com\/HanvalMetall\",\"https:\/\/www.linkedin.com\/company\/hanval-metall-o\/\"]}]}<\/script>\n<!-- \/ Yoast SEO plugin. -->","yoast_head_json":{"title":"Svarvning - Hanval Metall O\u00dc","robots":{"index":"index","follow":"follow","max-snippet":"max-snippet:-1","max-image-preview":"max-image-preview:large","max-video-preview":"max-video-preview:-1"},"canonical":"https:\/\/hanval.ee\/sv\/svarvning\/","og_locale":"sv_SE","og_type":"article","og_title":"Svarvning - Hanval Metall O\u00dc","og_url":"https:\/\/hanval.ee\/sv\/svarvning\/","og_site_name":"Hanval Metall O\u00dc","article_publisher":"https:\/\/www.facebook.com\/HanvalMetall","article_modified_time":"2024-04-19T09:07:58+00:00","twitter_card":"summary_large_image","twitter_misc":{"Ber\u00e4knad l\u00e4stid":"2 minuter"},"schema":{"@context":"https:\/\/schema.org","@graph":[{"@type":"WebPage","@id":"https:\/\/hanval.ee\/sv\/svarvning\/","url":"https:\/\/hanval.ee\/sv\/svarvning\/","name":"Svarvning - Hanval Metall O\u00dc","isPartOf":{"@id":"https:\/\/hanval.ee\/sv\/#website"},"datePublished":"2024-04-17T13:38:50+00:00","dateModified":"2024-04-19T09:07:58+00:00","breadcrumb":{"@id":"https:\/\/hanval.ee\/sv\/svarvning\/#breadcrumb"},"inLanguage":"sv-SE","potentialAction":[{"@type":"ReadAction","target":["https:\/\/hanval.ee\/sv\/svarvning\/"]}]},{"@type":"BreadcrumbList","@id":"https:\/\/hanval.ee\/sv\/svarvning\/#breadcrumb","itemListElement":[{"@type":"ListItem","position":1,"name":"Home","item":"https:\/\/hanval.ee\/sv\/home\/"},{"@type":"ListItem","position":2,"name":"Svarvning"}]},{"@type":"WebSite","@id":"https:\/\/hanval.ee\/sv\/#website","url":"https:\/\/hanval.ee\/sv\/","name":"Hanval Metall O\u00dc","description":"Metal Works","publisher":{"@id":"https:\/\/hanval.ee\/sv\/#organization"},"potentialAction":[{"@type":"SearchAction","target":{"@type":"EntryPoint","urlTemplate":"https:\/\/hanval.ee\/sv\/?s={search_term_string}"},"query-input":{"@type":"PropertyValueSpecification","valueRequired":true,"valueName":"search_term_string"}}],"inLanguage":"sv-SE"},{"@type":"Organization","@id":"https:\/\/hanval.ee\/sv\/#organization","name":"Hanval Metall O\u00dc","url":"https:\/\/hanval.ee\/sv\/","logo":{"@type":"ImageObject","inLanguage":"sv-SE","@id":"https:\/\/hanval.ee\/sv\/#\/schema\/logo\/image\/","url":"https:\/\/hanval.ee\/wp-content\/uploads\/2015\/11\/logo.png","contentUrl":"https:\/\/hanval.ee\/wp-content\/uploads\/2015\/11\/logo.png","width":409,"height":156,"caption":"Hanval Metall O\u00dc"},"image":{"@id":"https:\/\/hanval.ee\/sv\/#\/schema\/logo\/image\/"},"sameAs":["https:\/\/www.facebook.com\/HanvalMetall","https:\/\/www.linkedin.com\/company\/hanval-metall-o\/"]}]}},"_links":{"self":[{"href":"https:\/\/hanval.ee\/sv\/wp-json\/wp\/v2\/pages\/11927","targetHints":{"allow":["GET"]}}],"collection":[{"href":"https:\/\/hanval.ee\/sv\/wp-json\/wp\/v2\/pages"}],"about":[{"href":"https:\/\/hanval.ee\/sv\/wp-json\/wp\/v2\/types\/page"}],"author":[{"embeddable":true,"href":"https:\/\/hanval.ee\/sv\/wp-json\/wp\/v2\/users\/1"}],"replies":[{"embeddable":true,"href":"https:\/\/hanval.ee\/sv\/wp-json\/wp\/v2\/comments?post=11927"}],"version-history":[{"count":2,"href":"https:\/\/hanval.ee\/sv\/wp-json\/wp\/v2\/pages\/11927\/revisions"}],"predecessor-version":[{"id":12259,"href":"https:\/\/hanval.ee\/sv\/wp-json\/wp\/v2\/pages\/11927\/revisions\/12259"}],"wp:attachment":[{"href":"https:\/\/hanval.ee\/sv\/wp-json\/wp\/v2\/media?parent=11927"}],"curies":[{"name":"wp","href":"https:\/\/api.w.org\/{rel}","templated":true}]}}